{"id":3,"date":"2010-03-07T16:06:09","date_gmt":"2010-03-07T15:06:09","guid":{"rendered":"https:\/\/blogs.ua.es\/infmat\/?page_id=3"},"modified":"2010-06-29T18:05:30","modified_gmt":"2010-06-29T17:05:30","slug":"componentes","status":"publish","type":"page","link":"https:\/\/blogs.ua.es\/infmat\/componentes\/","title":{"rendered":"Componentes"},"content":{"rendered":"<p><strong>Josep Arnal Garc\u00eda<\/strong><\/p>\n<p>Departamento de Ciencia de la Computaci\u00f3n e Inteligencia Artificial<\/p>\n<p>Tel\u00e9fono: +34 965 903 400 ext. 2985<\/p>\n<p>Direcci\u00f3n de correo electr\u00f3nico: arnal@dccia.ua.es<\/p>\n<p>Sitio web: <a title=\"Sitio web de Jos\u00e9 Arnal Garc\u00eda\" href=\"http:\/\/www.dccia.ua.es\/~arnal\" target=\"_blank\">http:\/\/www.dccia.ua.es\/~arnal<\/a><\/p>\n<p><strong>Mar\u00eda Jes\u00fas Castel de Haro<\/strong><\/p>\n<p>Departamento de Ciencia de la Computaci\u00f3n e Inteligencia Artificial<\/p>\n<p>Tel\u00e9fono: +34 965 903 400 ext. 2454<\/p>\n<p>Direcci\u00f3n de correo electr\u00f3nico: chus@dccia.ua.es<\/p>\n<p><a title=\"Sitio web de Mar\u00eda Jes\u00fas Castel de Haro\" href=\"http:\/\/dccia.ua.es\/cgi-bin\/dccia\/publico\/genPagina.awk?IDIOMA=C&amp;MODELO=componentes\/profesores&amp;CLAVE=chus&amp;PLANTILLA=plantilla.cas\" target=\"_blank\">Sitio web<\/a><\/p>\n<p><strong>Violeta Migall\u00f3n Gomis<\/strong><\/p>\n<p>Departamento de Ciencia de la Computaci\u00f3n e Inteligencia Artificial<\/p>\n<p>Tel\u00e9fono: +34 965 903 400 ext. 2456<\/p>\n<p>Direcci\u00f3n de correo electr\u00f3nico: violeta@dccia.ua.es<\/p>\n<p>Sitio web: <a title=\"Sitio web de Violeta Migall\u00f3n Gomis\" href=\"http:\/\/www.dccia.ua.es\/~violeta\" target=\"_blank\">http:\/\/www.dccia.ua.es\/~violeta<\/a><\/p>\n<p><strong>Jose Penad\u00e9s Mart\u00ednez<\/strong><\/p>\n<p>Departamento de Ciencia de la Computaci\u00f3n e Inteligencia Artificial<\/p>\n<p>Tel\u00e9fono: +34 965 903 696<\/p>\n<p>Direcci\u00f3n de correo electr\u00f3nico: jpenades@dccia.ua.es<\/p>\n<p>Sitio web: <a title=\"Sitio web de Jos\u00e9 Penad\u00e9s Mart\u00ednez\" href=\"http:\/\/www.dccia.ua.es\/~jpenades\" target=\"_blank\">http:\/\/www.dccia.ua.es\/~jpenades<\/a><\/p>\n<p><strong>Juan Antonio Puchol Garc\u00eda<\/strong><\/p>\n<p>Departamento de Ciencia de la Computaci\u00f3n e Inteligencia Artificial<\/p>\n<p>Tel\u00e9fono: +34 965 903 400 ext. 2043<\/p>\n<p>Direcci\u00f3n de correo  electr\u00f3nico: puchol@dccia.ua.es<\/p>\n<p><a title=\"Sitio web de Juan Antonio Puchol Garc\u00eda\" href=\"http:\/\/dccia.ua.es\/cgi-bin\/dccia\/publico\/genPagina.awk?IDIOMA=C&amp;MODELO=componentes\/profesores&amp;CLAVE=puchol&amp;PLANTILLA=plantilla.cas\" target=\"_blank\">Sitio web<\/a><\/p>\n<p><strong>Sergio Ram\u00f3n Ferry<\/strong><\/p>\n<p>Departamento de Ciencia de la Computaci\u00f3n e Inteligencia Artificial<\/p>\n<p>Tel\u00e9fono: +34 965 903 400 ext. 2984<\/p>\n<p>Direcci\u00f3n de correo  electr\u00f3nico: sramon@dccia.ua.es<\/p>\n<p><a title=\"Sitio web de Sergio Ram\u00f3n Ferry\" href=\"http:\/\/dccia.ua.es\/cgi-bin\/dccia\/publico\/genPagina.awk?IDIOMA=C&amp;MODELO=componentes\/profesores&amp;CLAVE=sramon&amp;PLANTILLA=plantilla.cas\" target=\"_blank\">Sitio web<\/a><\/p>\n<p><strong>Maximiliano Saiz Noeda<\/strong><\/p>\n<p>Departamento de Lenguajes y Sistemas Inform\u00e1ticos<\/p>\n<p>Tel\u00e9fono: +34 965 903 772 ext. 2964<\/p>\n<p>Direcci\u00f3n de correo  electr\u00f3nico: max@dlsi.ua.es<\/p>\n<p>Sitio web: <a title=\"Sitio web de Maximiliano Saiz Noeda\" href=\"http:\/\/www.dlsi.ua.es\/~max\/\" target=\"_blank\">http:\/\/www.dlsi.ua.es\/~max\/<\/a><\/p>\n<p><strong>Carlos Villagr\u00e1 Arnedo<\/strong><\/p>\n<p>Departamento de Ciencia de la Computaci\u00f3n e Inteligencia Artificial<\/p>\n<p>Tel\u00e9fono: +34 96 590 3400 ext. 2988<\/p>\n<p>Direcci\u00f3n de correo  electr\u00f3nico: villagra@dccia.ua.es<\/p>\n<p><a title=\"Sitio web de Carlos Villagr\u00e1 Arnedo\" href=\"http:\/\/dccia.ua.es\/cgi-bin\/dccia\/publico\/genPagina.awk?IDIOMA=C&amp;MODELO=componentes\/profesores&amp;CLAVE=villagra&amp;PLANTILLA=plantilla.cas\" target=\"_blank\">Sitio web<\/a><\/p>\n<p><strong>Santiago Cort\u00e9s Va\u00edllo (becario)<\/strong><\/p>\n<p>Direcci\u00f3n de correo electr\u00f3nico: scv6@alu.ua.es<\/p>\n","protected":false},"excerpt":{"rendered":"<p>Josep Arnal Garc\u00eda Departamento de Ciencia de la Computaci\u00f3n e Inteligencia Artificial Tel\u00e9fono: +34 965 903 400 ext. 2985 Direcci\u00f3n de correo electr\u00f3nico: arnal@dccia.ua.es Sitio web: http:\/\/www.dccia.ua.es\/~arnal Mar\u00eda Jes\u00fas Castel de Haro Departamento de Ciencia de la Computaci\u00f3n e Inteligencia Artificial Tel\u00e9fono: +34 965 903 400 ext. 2454 Direcci\u00f3n de correo electr\u00f3nico: chus@dccia.ua.es Sitio web [&hellip;]<\/p>\n","protected":false},"author":1659,"featured_media":0,"parent":0,"menu_order":0,"comment_status":"closed","ping_status":"open","template":"","meta":{"footnotes":""},"class_list":["post-3","page","type-page","status-publish","hentry"],"_links":{"self":[{"href":"https:\/\/blogs.ua.es\/infmat\/wp-json\/wp\/v2\/pages\/3","targetHints":{"allow":["GET"]}}],"collection":[{"href":"https:\/\/blogs.ua.es\/infmat\/wp-json\/wp\/v2\/pages"}],"about":[{"href":"https:\/\/blogs.ua.es\/infmat\/wp-json\/wp\/v2\/types\/page"}],"author":[{"embeddable":true,"href":"https:\/\/blogs.ua.es\/infmat\/wp-json\/wp\/v2\/users\/1659"}],"replies":[{"embeddable":true,"href":"https:\/\/blogs.ua.es\/infmat\/wp-json\/wp\/v2\/comments?post=3"}],"version-history":[{"count":10,"href":"https:\/\/blogs.ua.es\/infmat\/wp-json\/wp\/v2\/pages\/3\/revisions"}],"predecessor-version":[{"id":5,"href":"https:\/\/blogs.ua.es\/infmat\/wp-json\/wp\/v2\/pages\/3\/revisions\/5"}],"wp:attachment":[{"href":"https:\/\/blogs.ua.es\/infmat\/wp-json\/wp\/v2\/media?parent=3"}],"curies":[{"name":"wp","href":"https:\/\/api.w.org\/{rel}","templated":true}]}}