{"id":69,"date":"2011-04-12T11:54:09","date_gmt":"2011-04-12T10:54:09","guid":{"rendered":"https:\/\/blogs.ua.es\/infmat\/"},"modified":"2012-07-19T13:58:11","modified_gmt":"2012-07-19T12:58:11","slug":"logica","status":"publish","type":"page","link":"https:\/\/blogs.ua.es\/infmat\/matematicas\/logica\/","title":{"rendered":"L\u00f3gica"},"content":{"rendered":"<p style=\"text-align: justify\"><strong>&gt;&gt;<\/strong> Razonar con &#8220;l\u00f3gica&#8221;, con l\u00f3gica de primer orden, es el t\u00edtulo del primer tema de la asignatura Matem\u00e1ticas-1 de los grados de Ingenier\u00eda Multimedia y de Ingenier\u00eda Inform\u00e1tica. Es un tema introductorio que nos acerca al proceso de razonar desde el enfoque de la l\u00f3gica de primer orden. Contiene las caracter\u00edsticas de esta l\u00f3gica y de otros sistemas l\u00f3gicos, un apunte hist\u00f3rico breve y una colecci\u00f3n de ejercicios resueltos, bibliograf\u00eda, links y an\u00e9cdotas divertidas basadas en estructuras l\u00f3gicas.<\/p>\n","protected":false},"excerpt":{"rendered":"<p>&gt;&gt; Razonar con &#8220;l\u00f3gica&#8221;, con l\u00f3gica de primer orden, es el t\u00edtulo del primer tema de la asignatura Matem\u00e1ticas-1 de los grados de Ingenier\u00eda Multimedia y de Ingenier\u00eda Inform\u00e1tica. Es un tema introductorio que nos acerca al proceso de razonar desde el enfoque de la l\u00f3gica de primer orden. Contiene las caracter\u00edsticas de esta l\u00f3gica [&hellip;]<\/p>\n","protected":false},"author":130,"featured_media":0,"parent":82,"menu_order":0,"comment_status":"open","ping_status":"open","template":"","meta":{"footnotes":""},"class_list":["post-69","page","type-page","status-publish","hentry"],"_links":{"self":[{"href":"https:\/\/blogs.ua.es\/infmat\/wp-json\/wp\/v2\/pages\/69","targetHints":{"allow":["GET"]}}],"collection":[{"href":"https:\/\/blogs.ua.es\/infmat\/wp-json\/wp\/v2\/pages"}],"about":[{"href":"https:\/\/blogs.ua.es\/infmat\/wp-json\/wp\/v2\/types\/page"}],"author":[{"embeddable":true,"href":"https:\/\/blogs.ua.es\/infmat\/wp-json\/wp\/v2\/users\/130"}],"replies":[{"embeddable":true,"href":"https:\/\/blogs.ua.es\/infmat\/wp-json\/wp\/v2\/comments?post=69"}],"version-history":[{"count":12,"href":"https:\/\/blogs.ua.es\/infmat\/wp-json\/wp\/v2\/pages\/69\/revisions"}],"predecessor-version":[{"id":222,"href":"https:\/\/blogs.ua.es\/infmat\/wp-json\/wp\/v2\/pages\/69\/revisions\/222"}],"up":[{"embeddable":true,"href":"https:\/\/blogs.ua.es\/infmat\/wp-json\/wp\/v2\/pages\/82"}],"wp:attachment":[{"href":"https:\/\/blogs.ua.es\/infmat\/wp-json\/wp\/v2\/media?parent=69"}],"curies":[{"name":"wp","href":"https:\/\/api.w.org\/{rel}","templated":true}]}}