{"id":7,"date":"2010-03-07T16:08:54","date_gmt":"2010-03-07T15:08:54","guid":{"rendered":"https:\/\/blogs.ua.es\/infmat\/?page_id=7"},"modified":"2012-07-19T13:57:08","modified_gmt":"2012-07-19T12:57:08","slug":"materiales","status":"publish","type":"page","link":"https:\/\/blogs.ua.es\/infmat\/materiales\/","title":{"rendered":"Actuaciones"},"content":{"rendered":"<p style=\"text-align: justify\">Relaci\u00f3n de actuaciones llevadas a cabo por el grupo INFMAT en el a\u00f1o 2011:<\/p>\n<p style=\"text-align: justify\"><strong><a href=\"https:\/\/blogs.ua.es\/infmat\/files\/2010\/03\/Memoria-GITE-INFMAT_2011.pdf\">Memoria GITE-INFMAT_2011<\/a><\/strong><\/p>\n<p style=\"text-align: justify\">Relaci\u00f3n de actuaciones llevadas a cabo por el grupo INFMAT en el a\u00f1o 2010:<\/p>\n<p style=\"text-align: justify\"><strong><a href=\"https:\/\/blogs.ua.es\/infmat\/files\/2010\/03\/Memoria-GITE-INFMAT-2010.pdf\">Memoria GITE-INFMAT 2010<\/a><\/strong><\/p>\n<p style=\"text-align: justify\">Relaci\u00f3n de actuaciones llevadas a cabo por el grupo INFMAT en el a\u00f1o 2009:<\/p>\n<p style=\"text-align: justify\"><a title=\"Memoria GITE 2009\" href=\"http:\/\/www.box.net\/shared\/lsg1z78seg\" target=\"_blank\"><strong>Memoria GITE 2009<\/strong><\/a><\/p>\n","protected":false},"excerpt":{"rendered":"<p>Relaci\u00f3n de actuaciones llevadas a cabo por el grupo INFMAT en el a\u00f1o 2011: Memoria GITE-INFMAT_2011 Relaci\u00f3n de actuaciones llevadas a cabo por el grupo INFMAT en el a\u00f1o 2010: Memoria GITE-INFMAT 2010 Relaci\u00f3n de actuaciones llevadas a cabo por el grupo INFMAT en el a\u00f1o 2009: Memoria GITE 2009<\/p>\n","protected":false},"author":1659,"featured_media":0,"parent":0,"menu_order":0,"comment_status":"open","ping_status":"open","template":"","meta":{"footnotes":""},"class_list":["post-7","page","type-page","status-publish","hentry"],"_links":{"self":[{"href":"https:\/\/blogs.ua.es\/infmat\/wp-json\/wp\/v2\/pages\/7","targetHints":{"allow":["GET"]}}],"collection":[{"href":"https:\/\/blogs.ua.es\/infmat\/wp-json\/wp\/v2\/pages"}],"about":[{"href":"https:\/\/blogs.ua.es\/infmat\/wp-json\/wp\/v2\/types\/page"}],"author":[{"embeddable":true,"href":"https:\/\/blogs.ua.es\/infmat\/wp-json\/wp\/v2\/users\/1659"}],"replies":[{"embeddable":true,"href":"https:\/\/blogs.ua.es\/infmat\/wp-json\/wp\/v2\/comments?post=7"}],"version-history":[{"count":18,"href":"https:\/\/blogs.ua.es\/infmat\/wp-json\/wp\/v2\/pages\/7\/revisions"}],"predecessor-version":[{"id":219,"href":"https:\/\/blogs.ua.es\/infmat\/wp-json\/wp\/v2\/pages\/7\/revisions\/219"}],"wp:attachment":[{"href":"https:\/\/blogs.ua.es\/infmat\/wp-json\/wp\/v2\/media?parent=7"}],"curies":[{"name":"wp","href":"https:\/\/api.w.org\/{rel}","templated":true}]}}