{"id":82,"date":"2011-05-19T13:14:27","date_gmt":"2011-05-19T12:14:27","guid":{"rendered":"https:\/\/blogs.ua.es\/infmat\/?page_id=82"},"modified":"2012-07-19T13:57:47","modified_gmt":"2012-07-19T12:57:47","slug":"matematicas","status":"publish","type":"page","link":"https:\/\/blogs.ua.es\/infmat\/matematicas\/","title":{"rendered":"Mat_em\u00e1ticas"},"content":{"rendered":"<div style=\"text-align: justify\"><em>\u00abEl olvido de las matem\u00e1ticas perjudica a todo el conocimiento, ya que el que las ignora no puede conocer las otras ciencias ni las cosas de este mundo\u00bb<\/em><\/div>\n<div style=\"text-align: justify\"><a title=\"Matem\u00e1tico\" href=\"http:\/\/es.wikipedia.org\/wiki\/Roger_Bacon\" target=\"_blank\">Roger Bacon. <\/a>Filosofo, cient\u00edfico y te\u00f3logo ingl\u00e9s.<\/div>\n<div style=\"text-align: justify\">Ver <strong><a title=\"citas matem\u00e1ticas\" href=\"http:\/\/es.wikiquote.org\/wiki\/Matem%C3%A1tica\" target=\"_blank\">Citas de Matem\u00e1tica<\/a><\/strong> en<a title=\"wikiquote\" href=\"http:\/\/es.wikipedia.org\/wiki\/Wikiquote\" target=\"_blank\"> Wikiquote<\/a><\/div>\n","protected":false},"excerpt":{"rendered":"<p>\u00abEl olvido de las matem\u00e1ticas perjudica a todo el conocimiento, ya que el que las ignora no puede conocer las otras ciencias ni las cosas de este mundo\u00bb Roger Bacon. Filosofo, cient\u00edfico y te\u00f3logo ingl\u00e9s. Ver Citas de Matem\u00e1tica en Wikiquote<\/p>\n","protected":false},"author":1659,"featured_media":0,"parent":0,"menu_order":0,"comment_status":"open","ping_status":"open","template":"","meta":{"footnotes":""},"class_list":["post-82","page","type-page","status-publish","hentry"],"_links":{"self":[{"href":"https:\/\/blogs.ua.es\/infmat\/wp-json\/wp\/v2\/pages\/82","targetHints":{"allow":["GET"]}}],"collection":[{"href":"https:\/\/blogs.ua.es\/infmat\/wp-json\/wp\/v2\/pages"}],"about":[{"href":"https:\/\/blogs.ua.es\/infmat\/wp-json\/wp\/v2\/types\/page"}],"author":[{"embeddable":true,"href":"https:\/\/blogs.ua.es\/infmat\/wp-json\/wp\/v2\/users\/1659"}],"replies":[{"embeddable":true,"href":"https:\/\/blogs.ua.es\/infmat\/wp-json\/wp\/v2\/comments?post=82"}],"version-history":[{"count":11,"href":"https:\/\/blogs.ua.es\/infmat\/wp-json\/wp\/v2\/pages\/82\/revisions"}],"predecessor-version":[{"id":221,"href":"https:\/\/blogs.ua.es\/infmat\/wp-json\/wp\/v2\/pages\/82\/revisions\/221"}],"wp:attachment":[{"href":"https:\/\/blogs.ua.es\/infmat\/wp-json\/wp\/v2\/media?parent=82"}],"curies":[{"name":"wp","href":"https:\/\/api.w.org\/{rel}","templated":true}]}}