{"id":154,"date":"2011-01-17T22:25:24","date_gmt":"2011-01-17T20:25:24","guid":{"rendered":"https:\/\/blogs.ua.es\/ingenierosenlacorte\/"},"modified":"2011-01-17T22:25:24","modified_gmt":"2011-01-17T20:25:24","slug":"bibliografia","status":"publish","type":"page","link":"https:\/\/blogs.ua.es\/ingenierosenlacorte\/bibliografia\/","title":{"rendered":"Bibliograf\u00eda"},"content":{"rendered":"<p>Archivo General de Simancas. Diferentes documentos recogidos por los investigadores en sus publicaciones.<\/p>\n<p>P\u00e1gina web: filemon.mecanica.upm.es\/juanelo.html<a title=\"%onclickLabel%\" href=\"http:\/\/www.tuenti.com\/%25urlExternal%25\"> <\/a> P\u00e1gina de la Fundaci\u00f3n Juanelo Turriano.<\/p>\n<p>P\u00e1gina web: www.uclm.es\/ceclm\/DOCUMENTACION%20VIRTUAL\/Juanelo\/ () P\u00e1gina con el libro de Luis de la Escosura y Morrogh: \u201cEl artificio de Juanelo y el Puente de Julio Cesar\u201d.<\/p>\n<p>Felipe II. Los ingenios y las m\u00e1quinas. Ingenier\u00eda y obras p\u00fablicas en la \u00e9poca de Felipe II, 1998<\/p>\n<p>Ma\u00f1as Mart\u00ednez, Jos\u00e9 (dir.) MAQUINAS Y ARTES DE CONSTRUCCI\u00d3N PORTUARIA EN LA EXPOSICI\u00d3N DE PUERTOS Y FORTIFICACIONES EN AM\u00c9RICA Y FILIPINAS, 1985<\/p>\n<p>Francesc Xavier Jufre Garc\u00eda: Proyecto fin de carrera<\/p>\n<p>Fundaci\u00f3n Juanelo Turriano: Juanelo Turriano, Relojero e ingeniero cremon\u00e9s<\/p>\n<p>Jos\u00e9 Antonio Garc\u00eda Diego: EL manuscrito atribuido a Juanelo Turriano de la biblioteca Nacional de Madrid<\/p>\n<p>Nicol\u00e1s Garc\u00eda Tapia: Patentes espa\u00f1olas en el siglo de oro<\/p>\n<p>Nicol\u00e1s Garc\u00eda Tapia: Pedro Juan de Lastanosa y Pseudo Juanelo Turriano<\/p>\n<p>Secundino de Zuazo Ugalde: Juan Bautista de Toledo y Juan de Herrera<\/p>\n<p>Betancourt: &#8220;Los inicios de la ingenier\u00eda moderna en Europa&#8221;, en Revista de Obras P\u00fablicas, n 335, junio 1996<\/p>\n<p>ropdigital.ciccp.es\/pdf\/publico\/1996\/1996_junio_3355_02.pdf<\/p>\n","protected":false},"excerpt":{"rendered":"<p>Archivo General de Simancas. Diferentes documentos recogidos por los investigadores en sus publicaciones. P\u00e1gina web: filemon.mecanica.upm.es\/juanelo.html P\u00e1gina de la Fundaci\u00f3n Juanelo Turriano. P\u00e1gina web: www.uclm.es\/ceclm\/DOCUMENTACION%20VIRTUAL\/Juanelo\/ () P\u00e1gina con el libro de Luis de la Escosura y Morrogh: \u201cEl artificio de Juanelo y el Puente de Julio Cesar\u201d. Felipe II. Los ingenios y las m\u00e1quinas. Ingenier\u00eda [&hellip;]<\/p>\n","protected":false},"author":1915,"featured_media":0,"parent":0,"menu_order":0,"comment_status":"open","ping_status":"open","template":"","meta":{"footnotes":""},"class_list":["post-154","page","type-page","status-publish","hentry"],"_links":{"self":[{"href":"https:\/\/blogs.ua.es\/ingenierosenlacorte\/wp-json\/wp\/v2\/pages\/154","targetHints":{"allow":["GET"]}}],"collection":[{"href":"https:\/\/blogs.ua.es\/ingenierosenlacorte\/wp-json\/wp\/v2\/pages"}],"about":[{"href":"https:\/\/blogs.ua.es\/ingenierosenlacorte\/wp-json\/wp\/v2\/types\/page"}],"author":[{"embeddable":true,"href":"https:\/\/blogs.ua.es\/ingenierosenlacorte\/wp-json\/wp\/v2\/users\/1915"}],"replies":[{"embeddable":true,"href":"https:\/\/blogs.ua.es\/ingenierosenlacorte\/wp-json\/wp\/v2\/comments?post=154"}],"version-history":[{"count":2,"href":"https:\/\/blogs.ua.es\/ingenierosenlacorte\/wp-json\/wp\/v2\/pages\/154\/revisions"}],"predecessor-version":[{"id":156,"href":"https:\/\/blogs.ua.es\/ingenierosenlacorte\/wp-json\/wp\/v2\/pages\/154\/revisions\/156"}],"wp:attachment":[{"href":"https:\/\/blogs.ua.es\/ingenierosenlacorte\/wp-json\/wp\/v2\/media?parent=154"}],"curies":[{"name":"wp","href":"https:\/\/api.w.org\/{rel}","templated":true}]}}