{"id":22,"date":"2011-12-01T23:00:49","date_gmt":"2011-12-01T22:00:49","guid":{"rendered":"https:\/\/blogs.ua.es\/intervencioncrisis\/?page_id=22"},"modified":"2020-04-18T17:08:07","modified_gmt":"2020-04-18T16:08:07","slug":"%c2%bfquienes-somos","status":"publish","type":"page","link":"https:\/\/blogs.ua.es\/intervencioncrisis\/%c2%bfquienes-somos\/","title":{"rendered":"\u00bfQui\u00e9nes somos?"},"content":{"rendered":"<p>Han pasado los a\u00f1os y nos hemos seguido reuniendo para entrenar las destrezas de comunicaci\u00f3n en distintos escenarios mediante juegos de roles. Hemos ideado escenarios y guiado la formaci\u00f3n te\u00f3rica y pr\u00e1ctica de la materia \u00a0\u201cHabilidades de comunicaci\u00f3n y relaci\u00f3n de ayuda en situaciones de crisis\u201d del M\u00e1ster Universitario de Emergencias y Cat\u00e1strofes de la Universidad de Alicante.<\/p>\n<p>Actualmente, el grupo cuenta con 24 integrantes.<\/p>\n<p><a href=\"https:\/\/blogs.ua.es\/intervencioncrisis\/files\/2020\/04\/Integrantes-del-Grupo-de-Intervenci\u00f3n-en-Crisis-1.pdf\">Integrantes del Grupo de Intervenci\u00f3n en Crisis<\/a><\/p>\n<p><strong>INICIO DEL GRUPO<\/strong><\/p>\n<p style=\"text-align: justify\">Somos un grupo de personas voluntarias (alumnos de enfermer\u00eda, profesorado, personal sanitario, entre otros \u2013abierto a todo aquel que quiera formar parte, sea de la disciplina que sea) que se est\u00e1 formando para poder prestar apoyo psicol\u00f3gico-emocional a toda aquella persona o colectivo que necesite ayuda en cualquier situaci\u00f3n de crisis (como por ejemplo cat\u00e1strofes naturales, accidentes de tr\u00e1fico, p\u00e9rdidas de familiares, enfermedades tr\u00e1gicas, etc.).<\/p>\n<p style=\"text-align: justify\"><em>Som un grup de persones volunt\u00e0ries (alumnes d&#8217;infermeria, professorat, personal sanitari, entre d&#8217;altres -obert a tot aquell que desitge prendre part, siga de la disciplina que siga) que s&#8217;est\u00e0 formant per a poder donar suport psicol\u00f2gic-emocional a tota aquella persona o colectiu que necessite ajuda en qualsevol situaci\u00f3 de crisi (com per exemple cat\u00e0strofes naturals, accidents de tr\u00e0nsit, p\u00e8rdues de familiars, malalties tr\u00e0giques, etc.).<\/em><\/p>\n","protected":false},"excerpt":{"rendered":"<p>Han pasado los a\u00f1os y nos hemos seguido reuniendo para entrenar las destrezas de comunicaci\u00f3n en distintos escenarios mediante juegos de roles. Hemos ideado escenarios y guiado la formaci\u00f3n te\u00f3rica y pr\u00e1ctica de la materia \u00a0\u201cHabilidades de comunicaci\u00f3n y relaci\u00f3n &hellip; <a href=\"https:\/\/blogs.ua.es\/intervencioncrisis\/%c2%bfquienes-somos\/\">Continue reading <span class=\"meta-nav\">&rarr;<\/span><\/a><\/p>\n","protected":false},"author":2415,"featured_media":0,"parent":0,"menu_order":1,"comment_status":"open","ping_status":"closed","template":"","meta":{"footnotes":""},"class_list":["post-22","page","type-page","status-publish","hentry"],"_links":{"self":[{"href":"https:\/\/blogs.ua.es\/intervencioncrisis\/wp-json\/wp\/v2\/pages\/22","targetHints":{"allow":["GET"]}}],"collection":[{"href":"https:\/\/blogs.ua.es\/intervencioncrisis\/wp-json\/wp\/v2\/pages"}],"about":[{"href":"https:\/\/blogs.ua.es\/intervencioncrisis\/wp-json\/wp\/v2\/types\/page"}],"author":[{"embeddable":true,"href":"https:\/\/blogs.ua.es\/intervencioncrisis\/wp-json\/wp\/v2\/users\/2415"}],"replies":[{"embeddable":true,"href":"https:\/\/blogs.ua.es\/intervencioncrisis\/wp-json\/wp\/v2\/comments?post=22"}],"version-history":[{"count":13,"href":"https:\/\/blogs.ua.es\/intervencioncrisis\/wp-json\/wp\/v2\/pages\/22\/revisions"}],"predecessor-version":[{"id":557,"href":"https:\/\/blogs.ua.es\/intervencioncrisis\/wp-json\/wp\/v2\/pages\/22\/revisions\/557"}],"wp:attachment":[{"href":"https:\/\/blogs.ua.es\/intervencioncrisis\/wp-json\/wp\/v2\/media?parent=22"}],"curies":[{"name":"wp","href":"https:\/\/api.w.org\/{rel}","templated":true}]}}