{"id":24,"date":"2011-12-01T23:02:16","date_gmt":"2011-12-01T23:02:16","guid":{"rendered":"https:\/\/blogs.ua.es\/intervencioncrisis\/?page_id=24"},"modified":"2020-03-21T15:29:01","modified_gmt":"2020-03-21T14:29:01","slug":"%c2%bfcomo-somos","status":"publish","type":"page","link":"https:\/\/blogs.ua.es\/intervencioncrisis\/%c2%bfcomo-somos\/","title":{"rendered":"\u00bfC\u00f3mo somos?"},"content":{"rendered":"<p style=\"text-align: justify\">Somos un grupo que sigue en crecimiento y que no est\u00e1 jerarquizado, ya que todos evolucionamos al mismo nivel. Aun as\u00ed, para funcionar eficazmente es necesaria una buena organizaci\u00f3n.<\/p>\n<p style=\"text-align: justify\">A todos nos mueven intereses comunes y compartimos las mismas ganas de ayudar a los dem\u00e1s. Tenemos muy claro que estamos en continua formaci\u00f3n ya que, especialmente en relaci\u00f3n a las emociones, siempre podremos aprender cosas nuevas con las que forjar unos s\u00f3lidos cimientos sobre los cuales llevar a cabo nuestros objetivos.<\/p>\n<p style=\"text-align: justify\">Aun sabiendo que cada uno puede implicarse en el grado que quiera o pueda, hemos adquirido un compromiso que requiere invertir parte de nuestro tiempo y un determinado grado de responsabilidad.<\/p>\n<p style=\"text-align: justify\"><em>Som un grup que segueix en creixement i que no est\u00e0 jerarquitzat, ja que tots evolucionem al mateix temps. Tot i a\u00e7\u00f2, per a funcionar efica\u00e7ment \u00e9s necess\u00e0ria una bona organitzaci\u00f3.<\/em><\/p>\n<p style=\"text-align: justify\"><em>A tots ens mouen interessos comuns i compartim les mateixes ganes d&#8217;ajudar els altres. Tenim molt clar que estem en cont\u00ednua formaci\u00f3 ja que, especialment en relaci\u00f3 amb les emocions, sempre hi ha temps d&#8217;aprendre coses noves amb les que forjar uns s\u00f2lids ciments sobre els quals dur a terme els nostres objectius.<\/em><\/p>\n<p style=\"text-align: justify\"><em>Tot i sabent que cadasc\u00fa pot implicar-se en el grau que vulga o puga, hem adquirit un comprom\u00eds que requereix invertir part del nostre temps i un determinat grau de responsabilitat.<\/em><\/p>\n","protected":false},"excerpt":{"rendered":"<p>Somos un grupo que sigue en crecimiento y que no est\u00e1 jerarquizado, ya que todos evolucionamos al mismo nivel. Aun as\u00ed, para funcionar eficazmente es necesaria una buena organizaci\u00f3n. A todos nos mueven intereses comunes y compartimos las mismas ganas &hellip; <a href=\"https:\/\/blogs.ua.es\/intervencioncrisis\/%c2%bfcomo-somos\/\">Continue reading <span class=\"meta-nav\">&rarr;<\/span><\/a><\/p>\n","protected":false},"author":2415,"featured_media":0,"parent":0,"menu_order":2,"comment_status":"open","ping_status":"open","template":"","meta":{"footnotes":""},"class_list":["post-24","page","type-page","status-publish","hentry"],"_links":{"self":[{"href":"https:\/\/blogs.ua.es\/intervencioncrisis\/wp-json\/wp\/v2\/pages\/24","targetHints":{"allow":["GET"]}}],"collection":[{"href":"https:\/\/blogs.ua.es\/intervencioncrisis\/wp-json\/wp\/v2\/pages"}],"about":[{"href":"https:\/\/blogs.ua.es\/intervencioncrisis\/wp-json\/wp\/v2\/types\/page"}],"author":[{"embeddable":true,"href":"https:\/\/blogs.ua.es\/intervencioncrisis\/wp-json\/wp\/v2\/users\/2415"}],"replies":[{"embeddable":true,"href":"https:\/\/blogs.ua.es\/intervencioncrisis\/wp-json\/wp\/v2\/comments?post=24"}],"version-history":[{"count":8,"href":"https:\/\/blogs.ua.es\/intervencioncrisis\/wp-json\/wp\/v2\/pages\/24\/revisions"}],"predecessor-version":[{"id":430,"href":"https:\/\/blogs.ua.es\/intervencioncrisis\/wp-json\/wp\/v2\/pages\/24\/revisions\/430"}],"wp:attachment":[{"href":"https:\/\/blogs.ua.es\/intervencioncrisis\/wp-json\/wp\/v2\/media?parent=24"}],"curies":[{"name":"wp","href":"https:\/\/api.w.org\/{rel}","templated":true}]}}