{"id":32,"date":"2011-12-02T00:31:39","date_gmt":"2011-12-01T23:31:39","guid":{"rendered":"https:\/\/blogs.ua.es\/intervencioncrisis\/?page_id=32"},"modified":"2012-10-20T12:07:24","modified_gmt":"2012-10-20T11:07:24","slug":"articulos-de-interes","status":"publish","type":"page","link":"https:\/\/blogs.ua.es\/intervencioncrisis\/articulos-de-interes\/","title":{"rendered":"Experiencias"},"content":{"rendered":"<blockquote>\n<p style=\"text-align: justify\"><strong>En este apartado queremos compartir con vosotros las experiencias de crisis que nos han marcado personalmente o en las que hemos actuando ofrenciendo ayuda. Los componentes del grupo narrar\u00e1n aqu\u00ed situaciones a las que se han enfrentado, siempre de forma an\u00f3nima, para que si al leerlas te sientes identificad@ tambi\u00e9n te puedan resultar de ayuda.<\/strong><\/p>\n<p>&nbsp;<\/p><\/blockquote>\n<p style=\"text-align: justify\"><em>1.- &#8220;La semana pasada comenz\u00f3 para m\u00ed con la sensaci\u00f3n de que a mi t\u00eda le quedaba poco tiempo que estar con nosotros. Un c\u00e1ncer de p\u00e1ncreas metastatizado a varios \u00f3rganos diagnosticado a mediados del pasado diciembre era la causa de dicha sensaci\u00f3n. El deterioro, ya evidente, me llevaba a pensarlo y la verdad es que habiendo tenido tiempo para \u201cprepararme\u201d esperaba el momento con el \u00fanico temor de que no padeciese dolor. Bueno, dicho y hecho. El martes a mediod\u00eda me comunicaron el fallecimiento. Era una gran mujer de 73 a\u00f1os que dejaba 6 hijos y 8 nietos. Querida por todos y arropada por los suyos su despedida fue dura pero asumible por las circunstancias. Hasta aqu\u00ed no hay elementos de crisis.<\/em><\/p>\n<p style=\"text-align: justify\"><em>La ma\u00f1ana del mi\u00e9rcoles, mientras yo me preparaba para asistir a la misa funeral por mi t\u00eda, suena mi tel\u00e9fono y alguien al otro lado me comunica que otra de mis t\u00edas, en este caso por el otro lado de la familia, hab\u00eda tenido un derrame cerebral y se encontraba en la UCI del hospital y estaban avisando a los hijos y sobrinos mayores para que fu\u00e9semos a despedirnos de ella porque se mor\u00eda en muy breve espacio de tiempo. Cre\u00ed por un instante que me tomaban el pelo. Mi t\u00eda ten\u00eda 54 a\u00f1os y estaba sana \u00bfc\u00f3mo pod\u00eda haber pasado algo as\u00ed? Bueno, aviso de que no asistir\u00eda al funeral y me pongo rumbo al hospital. Cuando llego imagin\u00e1os la situaci\u00f3n: el marido y los hijos desencajados por el miedo y el dolor, los sobrinos pensando a\u00fan que no era cierto. De repente alguien sale a informar. Se entran al t\u00edo a una salita y le dicen que la pueden intervenir, que van a intentar pararle la hemorragia y que hay alguna posibilidad de \u00e9xito si supera la intervenci\u00f3n.<\/em><\/p>\n<p style=\"text-align: justify\"><em>Cinco horas de quir\u00f3fano m\u00e1s tarde nos dicen que han conseguido \u201ctaponar\u201d la hemorragia pero los da\u00f1os son muchos y muy graves. No sabemos c\u00f3mo reaccionar. L\u00e1grimas, esperanza y miedo se mezclaban a partes iguales. Hab\u00eda que esperar 48 h para una valoraci\u00f3n m\u00e1s real de la situaci\u00f3n. Qu\u00e9 mala suerte tuvimos que las 48 h se cumplieran el s\u00e1bado. Nadie nos inform\u00f3 debidamente de la situaci\u00f3n y permanecimos hasta el domingo por la tarde con la esperanza de que aquello pod\u00eda tener soluci\u00f3n. Nos dijeron que no hab\u00eda ninguna posibilidad de recuperarla. No os imagin\u00e1is el mazazo que supone cuando al entrar a verla la enfermera que la atend\u00eda me dijo al interesarme yo por su situaci\u00f3n, que no llevaba sedaci\u00f3n ni medicaci\u00f3n ninguna, cosa que no sab\u00edamos y, claro, eso supon\u00eda que estaba en coma y que no iba a regresar jam\u00e1s.\u00a0 Aquello fue tremendo. Todos llorando, impotentes e incr\u00e9dulos de lo que estaba sucediendo. El lunes por la ma\u00f1ana los m\u00e9dicos corroboran que la situaci\u00f3n es esa y le preguntan a la familia si ella desear\u00eda donar los \u00f3rganos. Dif\u00edcil decisi\u00f3n ante la que nadie dudamos un momento, s\u00ed: ella quer\u00eda, nos lo hab\u00eda repetido en varias ocasiones a lo largo de los a\u00f1os. Era el \u00fanico consuelo que nos quedaba. Pensar que una muerte tan dolorosa para nosotros iba a salvar la vida de otras personas y que por lo menos no era en balde. A eso nos cogimos para intentar comprender lo incompresible, para asumir la p\u00e9rdida para la que ninguno est\u00e1bamos preparados. Eso me ocurri\u00f3 y todav\u00eda estoy intentando encajarlo. Pasar\u00e1 mucho tiempo y costar\u00e1 mucho pero lo que s\u00ed que es cierto es que hoy hay personas que tienen una nueva oportunidad de vivir gracias a que mi t\u00eda tuviese que morir.&#8221;<\/em><\/p>\n<p style=\"text-align: justify\">2.- <em>&#8220;Estaba pasando una mala racha y decid\u00ed llamar a una amiga y contarle lo que me preocupaba. Cuando habl\u00e9 con ella me dijo lo que deb\u00eda hacer y la manera de solucionar mi problema. Yo s\u00e9 que lo hizo con la mejor intenci\u00f3n, pero yo me sent\u00ed mal, incluso juzgada, porque lleg\u00f3 a decirme que no estaba nada bien mi manera de actuar. En otro momento quiz\u00e1 me hubiera sentido mal sin saber porqu\u00e9. Ahora puedo identificar mi malestar, se que yo \u00fanicamente buscaba que me escuchasen y que me apoyasen. No necesitaba ning\u00fan consejo y menos que me hicieran sentir culpable de mis sentimientos o de mi manera de actuar.<\/em><\/p>\n<p style=\"text-align: justify\"><em>Finalmente busqu\u00e9 ayuda, de una manera un poco inconsciente, y se lo cont\u00e9 a mis compa\u00f1eros de intervenci\u00f3n en crisis. Dieron en el clavo, sin darse cuenta ellos y casi sin darme cuenta yo. Creo que si en alg\u00fan momento pensaron que estaban utilizando las t\u00e9cnicas que hemos aprendido no se les not\u00f3. Pero, sinceramente, pienso que les sali\u00f3 natural, lo que quiere decir que han interiorizado lo que tanto esperamos, poder ayudar a alguien en un momento dif\u00edcil. Simplemente escucharon lo que yo les contaba, me hicieron ver lo que yo pensaba realmente, pero sin guiarme en mis pensamientos, simplemente hicieron que afloraran solos. Y sobre todo not\u00e9 apoyo, sent\u00ed que pod\u00eda decir o pensar cualquier cosa y que no me iban a juzgar, hicieron que dejara de sentirme culpable, sentimiento el cual me estaba machacando.<\/em><\/p>\n<p style=\"text-align: justify\"><em>Gracias compa\u00f1eros.&#8221;<\/em><\/p>\n","protected":false},"excerpt":{"rendered":"<p>En este apartado queremos compartir con vosotros las experiencias de crisis que nos han marcado personalmente o en las que hemos actuando ofrenciendo ayuda. Los componentes del grupo narrar\u00e1n aqu\u00ed situaciones a las que se han enfrentado, siempre de forma &hellip; <a href=\"https:\/\/blogs.ua.es\/intervencioncrisis\/articulos-de-interes\/\">Continue reading <span class=\"meta-nav\">&rarr;<\/span><\/a><\/p>\n","protected":false},"author":2415,"featured_media":0,"parent":0,"menu_order":5,"comment_status":"open","ping_status":"open","template":"","meta":{"footnotes":""},"class_list":["post-32","page","type-page","status-publish","hentry"],"_links":{"self":[{"href":"https:\/\/blogs.ua.es\/intervencioncrisis\/wp-json\/wp\/v2\/pages\/32","targetHints":{"allow":["GET"]}}],"collection":[{"href":"https:\/\/blogs.ua.es\/intervencioncrisis\/wp-json\/wp\/v2\/pages"}],"about":[{"href":"https:\/\/blogs.ua.es\/intervencioncrisis\/wp-json\/wp\/v2\/types\/page"}],"author":[{"embeddable":true,"href":"https:\/\/blogs.ua.es\/intervencioncrisis\/wp-json\/wp\/v2\/users\/2415"}],"replies":[{"embeddable":true,"href":"https:\/\/blogs.ua.es\/intervencioncrisis\/wp-json\/wp\/v2\/comments?post=32"}],"version-history":[{"count":18,"href":"https:\/\/blogs.ua.es\/intervencioncrisis\/wp-json\/wp\/v2\/pages\/32\/revisions"}],"predecessor-version":[{"id":199,"href":"https:\/\/blogs.ua.es\/intervencioncrisis\/wp-json\/wp\/v2\/pages\/32\/revisions\/199"}],"wp:attachment":[{"href":"https:\/\/blogs.ua.es\/intervencioncrisis\/wp-json\/wp\/v2\/media?parent=32"}],"curies":[{"name":"wp","href":"https:\/\/api.w.org\/{rel}","templated":true}]}}