{"id":4,"date":"2011-12-01T22:37:21","date_gmt":"2011-12-01T22:37:21","guid":{"rendered":"https:\/\/blogs.ua.es\/intervencioncrisis\/?page_id=4"},"modified":"2012-07-17T11:48:49","modified_gmt":"2012-07-17T10:48:49","slug":"%c2%bfcomo-contactar-con-nosotros","status":"publish","type":"page","link":"https:\/\/blogs.ua.es\/intervencioncrisis\/%c2%bfcomo-contactar-con-nosotros\/","title":{"rendered":"Contacta con nosotros"},"content":{"rendered":"<p style=\"text-align: justify\"><span style=\"text-decoration: underline\"><strong>\u00bfQU\u00c9 HACER SI QUIERES RECIBIR AYUDA?<\/strong><\/span><\/p>\n<p style=\"text-align: justify\">Si necesitas hablar con alguien, compartir inquietudes, desahogarte o simplemente dudas sobre c\u00f3mo actuar en una situaci\u00f3n y necesitas que alguien te ayude a valorar las distintas posibilidades, puedes contactar con nosotros. Este grupo quiere ser un recurso para apoyarte en cualquier situaci\u00f3n en la que te encuentres perdido o sin nadie a quien acudir.<\/p>\n<p style=\"text-align: justify\"><strong>Para dirigirte a nosotros, ponte en contacto a trav\u00e9s de este correo electr\u00f3nico y trataremos de responderte lo antes posible.<\/strong><\/p>\n<p style=\"text-align: justify\"><em><strong><span style=\"color: #008000\">intervencioncrisisgrupoua@gmail.com<\/span><\/strong><\/em><\/p>\n<p style=\"text-align: justify\">Que la verg\u00fcenza no te pueda a la hora de decidir si contactar o no, ya que se trata de una ayuda totalmente an\u00f3nima.<\/p>\n<p style=\"text-align: justify\"><em>Si necessites parlar amb alg\u00fa, compartir inquietuts, desangoixar-te o simplement tens dubtes sobre com actuar en una situaci\u00f3 i necessites que alg\u00fa t&#8217;ajude a valorar les diferents possibilitats, pots contactar amb nosaltres. Aquest grup pret\u00e9n ser un recurs per recolzar-te en qualsevol situaci\u00f3 en la que et trobes perdut o sense ning\u00fa a qui dirigir-te.<\/em><\/p>\n<p style=\"text-align: justify\"><em>Que la vergonya no et puga a l&#8217;hora de decidir si contactar o no, ja que es tracta d&#8217;una ajuda totalment an\u00f2nima.<\/em><\/p>\n<p style=\"text-align: justify\">\n<p style=\"text-align: justify\"><span style=\"text-decoration: underline\"><strong>\u00bfQU\u00c9 HACER SI QUIERES FORMAR PARTE DEL GRUPO?<\/strong><\/span><\/p>\n<p style=\"text-align: justify\">No es imprescindible que tengas ning\u00fan tipo de formaci\u00f3n espec\u00edfica ni que pertenezcas al \u00e1mbito de la salud, ya que nosotros no part\u00edamos de ninguna base previa. Simplemente si eres una persona comprometida, con ganas de ayudar y quieres formar parte de un voluntariado puedes ponerte en contacto con nosotras mand\u00e1ndonos un e-mail a la siguiente direccion de correo electr\u00f3nico:<\/p>\n<p style=\"text-align: justify\"><span style=\"text-decoration: underline\"><em>intervencioncrisisgrupoua@gmail.com<\/em><\/span><\/p>\n<p style=\"text-align: justify\"><em>No \u00e9s imprescindible que tingues cap tipus de formaci\u00f3 espec\u00edfica ni que pertanyes a l&#8217;\u00e0mbit de la salut, ja que nosaltres no part\u00edem de cap base pr\u00e8rvia. Simplement si ets una persona compromesa, amb ganes d&#8217;ajudar i vols formar part d&#8217;un voluntariat pots posar-te en contacte amb nosaltres manant-nos un e-mail a la direcci\u00f3 de correu electr\u00f2nic esmentada dalt.<\/em><\/p>\n<p style=\"text-align: justify\">\n","protected":false},"excerpt":{"rendered":"<p>\u00bfQU\u00c9 HACER SI QUIERES RECIBIR AYUDA? Si necesitas hablar con alguien, compartir inquietudes, desahogarte o simplemente dudas sobre c\u00f3mo actuar en una situaci\u00f3n y necesitas que alguien te ayude a valorar las distintas posibilidades, puedes contactar con nosotros. Este grupo &hellip; <a href=\"https:\/\/blogs.ua.es\/intervencioncrisis\/%c2%bfcomo-contactar-con-nosotros\/\">Continue reading <span class=\"meta-nav\">&rarr;<\/span><\/a><\/p>\n","protected":false},"author":2414,"featured_media":0,"parent":0,"menu_order":4,"comment_status":"open","ping_status":"open","template":"","meta":{"footnotes":""},"class_list":["post-4","page","type-page","status-publish","hentry"],"_links":{"self":[{"href":"https:\/\/blogs.ua.es\/intervencioncrisis\/wp-json\/wp\/v2\/pages\/4","targetHints":{"allow":["GET"]}}],"collection":[{"href":"https:\/\/blogs.ua.es\/intervencioncrisis\/wp-json\/wp\/v2\/pages"}],"about":[{"href":"https:\/\/blogs.ua.es\/intervencioncrisis\/wp-json\/wp\/v2\/types\/page"}],"author":[{"embeddable":true,"href":"https:\/\/blogs.ua.es\/intervencioncrisis\/wp-json\/wp\/v2\/users\/2414"}],"replies":[{"embeddable":true,"href":"https:\/\/blogs.ua.es\/intervencioncrisis\/wp-json\/wp\/v2\/comments?post=4"}],"version-history":[{"count":12,"href":"https:\/\/blogs.ua.es\/intervencioncrisis\/wp-json\/wp\/v2\/pages\/4\/revisions"}],"predecessor-version":[{"id":181,"href":"https:\/\/blogs.ua.es\/intervencioncrisis\/wp-json\/wp\/v2\/pages\/4\/revisions\/181"}],"wp:attachment":[{"href":"https:\/\/blogs.ua.es\/intervencioncrisis\/wp-json\/wp\/v2\/media?parent=4"}],"curies":[{"name":"wp","href":"https:\/\/api.w.org\/{rel}","templated":true}]}}