{"id":57,"date":"2011-12-02T19:08:19","date_gmt":"2011-12-02T18:08:19","guid":{"rendered":"https:\/\/blogs.ua.es\/intervencioncrisis\/?page_id=57"},"modified":"2014-02-14T19:47:43","modified_gmt":"2014-02-14T18:47:43","slug":"referencias-bibliograficas","status":"publish","type":"page","link":"https:\/\/blogs.ua.es\/intervencioncrisis\/referencias-bibliograficas\/","title":{"rendered":"Referencias bibliogr\u00e1ficas"},"content":{"rendered":"<p style=\"text-align: justify\">Puesto que creemos que es imprescindible la cont\u00ednua formaci\u00f3n, a continuaci\u00f3n sugerimos algunas referencias bibliogr\u00e1ficas interesantes relacionados con nuestra pr\u00e1ctica y formaci\u00f3n. La gran mayor\u00eda se podr\u00e1n encontrar en el cat\u00e1logo de la Biblioteca de la Universidad de Alicante (BUA) http:\/\/gaudi.ua.es\/uhtbin\/cgisirsi\/huW9Q5v2c0\/0\/266900050\/60\/127\/X Iremos actualizando y a\u00f1adiendo referencias a esta p\u00e1gina.<\/p>\n<p style=\"text-align: justify\"><em>Com que creiem que \u00e9s imprescindible la continua formaci\u00f3, a continuaci\u00f3 sugerim algunes refer\u00e8ncies bibliogr\u00e0fiques interesants relacionades amb la nostra pr\u00e0ctica i formaci\u00f3. Gran part d&#8217;elles es podr\u00e0n trobar al cat\u00e0leg de la Biblioteca de la Universitat d&#8217;Alacant (BUA) http:\/\/gaudi.ua.es\/uhtbin\/cgisirsi\/huW9Q5v2c0\/0\/266900050\/60\/127\/X Anirem actualitzant i afegint refer\u00e8ncies a aquesta p\u00e0gina.<\/em><\/p>\n<ol style=\"text-align: justify\">\n<li>D\u00edaz-Hern\u00e1ndez M. Apuntes de intervenci\u00f3n psicol\u00f3gica en desastres y emergencias. Las Palmas de Gran Canaria: Colegio Oficial de Psic\u00f3logos de Las Palmas; 2009<\/li>\n<li>Brito, Cabtree L. R. (2000). Aplicaci\u00f3n dela Logoterapia en la intervenci\u00f3n en crisis. Revista Mexicana de Logoterapia, 3, 46-56.<\/li>\n<\/ol>\n<div>\n<h1 style=\"text-align: justify\">Art\u00edculos de inter\u00e9s<\/h1>\n<div style=\"text-align: justify\">\n<p><strong><\/strong>&#8211; Hillers R, Rey M. Estudios de Psicolog\u00eda (2006). La intervenci\u00f3n psicol\u00f3gica en el SUMMA 112 tras los atentados del 11-M en Madrid.\u00a0 Volumen 27,\u00a0N\u00famero 2,\u00a0 pp. 141-152(12)<\/p>\n<p>&#8211; Hillers R,\u00a0 Rey M. Anales de psicolog\u00eda (2006). Seguimiento de los afectados por los atentados del 11-M en Madrid desde el Dispositivo de Atenci\u00f3n Psicol\u00f3gica del SUMMA 112. Volumen 22, N\u00famero 1 (junio), pp. 1-10. URL:<a href=\"http:\/\/www.um.es\/analesps\/v22\/v22_1\/01-22_1.pdf\">http:\/\/www.um.es\/analesps\/v22\/v22_1\/01-22_1.pdf<\/a><\/p>\n<h1>Enlaces<\/h1>\n<p>&#8211; Asociaci\u00f3n Sanitaria de Cat\u00e1strofes y Accidentes de M\u00faltiples V\u00edctimas. URL: <a href=\"http:\/\/www.asacamv.com\/areas.php?tipo=9\" rel=\"nofollow\">http:\/\/www.asacamv.com\/areas.php?tipo=9<\/a><\/p>\n<p>&#8211; Focusing Resources. URL: <a href=\"http:\/\/www.focusingresources.com\/articles\/elpoder.html\">http:\/\/www.focusingresources.com\/articles\/elpoder.html<\/a><\/p>\n<p>&#8211; Equipo de Respuesta Inmediata en Emergencias de Intervenci\u00f3n Psicosocial. Cruz Roja. URL:<a href=\"http:\/\/www.orientamur.murciadiversidad.org\/gestion\/documentos\/5-equipo_de_respuesta_inmediata.pdf\">http:\/\/www.orientamur.murciadiversidad.org\/gestion\/documentos\/5-equipo_de_respuesta_inmediata.pdf<\/a><\/p>\n<p>-Manual sobre procedimientos en emergencias extrahospitalarias <a href=\"http:\/\/www.madrid.es\/UnidadesDescentralizadas\/Emergencias\/Samur-PCivil\/Samur\/Apartados-secciones\/6-%20Descargas%20y%20Publicaciones\/Ficheros\/ManualProcedimientos%202013.pdf\" target=\"_blank\">http:\/\/www.madrid.es\/UnidadesDescentralizadas\/Emergencias\/Samur-PCivil\/Samur\/Apartados-secciones\/6-%20Descargas%20y%20Publicaciones\/Ficheros\/ManualProcedimientos%202013.pdf<\/a><\/p>\n<p>&nbsp;<\/p>\n<\/div>\n<p style=\"text-align: justify\"><span style=\"font-size: small\"><span class=\"Apple-style-span\" style=\"line-height: 24px\"><br \/>\n<\/span><\/span><\/p>\n<\/div>\n","protected":false},"excerpt":{"rendered":"<p>Puesto que creemos que es imprescindible la cont\u00ednua formaci\u00f3n, a continuaci\u00f3n sugerimos algunas referencias bibliogr\u00e1ficas interesantes relacionados con nuestra pr\u00e1ctica y formaci\u00f3n. La gran mayor\u00eda se podr\u00e1n encontrar en el cat\u00e1logo de la Biblioteca de la Universidad de Alicante (BUA) &hellip; <a href=\"https:\/\/blogs.ua.es\/intervencioncrisis\/referencias-bibliograficas\/\">Continue reading <span class=\"meta-nav\">&rarr;<\/span><\/a><\/p>\n","protected":false},"author":2414,"featured_media":0,"parent":0,"menu_order":6,"comment_status":"open","ping_status":"open","template":"","meta":{"footnotes":""},"class_list":["post-57","page","type-page","status-publish","hentry"],"_links":{"self":[{"href":"https:\/\/blogs.ua.es\/intervencioncrisis\/wp-json\/wp\/v2\/pages\/57","targetHints":{"allow":["GET"]}}],"collection":[{"href":"https:\/\/blogs.ua.es\/intervencioncrisis\/wp-json\/wp\/v2\/pages"}],"about":[{"href":"https:\/\/blogs.ua.es\/intervencioncrisis\/wp-json\/wp\/v2\/types\/page"}],"author":[{"embeddable":true,"href":"https:\/\/blogs.ua.es\/intervencioncrisis\/wp-json\/wp\/v2\/users\/2414"}],"replies":[{"embeddable":true,"href":"https:\/\/blogs.ua.es\/intervencioncrisis\/wp-json\/wp\/v2\/comments?post=57"}],"version-history":[{"count":22,"href":"https:\/\/blogs.ua.es\/intervencioncrisis\/wp-json\/wp\/v2\/pages\/57\/revisions"}],"predecessor-version":[{"id":284,"href":"https:\/\/blogs.ua.es\/intervencioncrisis\/wp-json\/wp\/v2\/pages\/57\/revisions\/284"}],"wp:attachment":[{"href":"https:\/\/blogs.ua.es\/intervencioncrisis\/wp-json\/wp\/v2\/media?parent=57"}],"curies":[{"name":"wp","href":"https:\/\/api.w.org\/{rel}","templated":true}]}}