{"id":156,"date":"2012-01-12T10:30:22","date_gmt":"2012-01-12T10:30:22","guid":{"rendered":"https:\/\/blogs.ua.es\/invasionportugal\/?page_id=156"},"modified":"2012-01-13T13:05:46","modified_gmt":"2012-01-13T13:05:46","slug":"el-comienzo","status":"publish","type":"page","link":"https:\/\/blogs.ua.es\/invasionportugal\/el-comienzo\/","title":{"rendered":"El Comienzo"},"content":{"rendered":"<p><strong>\u00a0 \u00a0 \u00a0 \u00a0 \u00a0 \u00a0 \u00a0 \u00a0 \u00a0 \u00a0 \u00a0 \u00a0 \u00a0 \u00a0 \u00a0 \u00a0 \u00a0 \u00a0 \u00a0 \u00a0 \u00a0 \u00a0 \u00a0 \u00a0\u00a0<a href=\"https:\/\/blogs.ua.es\/invasionportugal\/files\/2012\/01\/Pirmera-IMAGEN1.jpg\"><img loading=\"lazy\" decoding=\"async\" src=\"https:\/\/blogs.ua.es\/invasionportugal\/files\/2012\/01\/Pirmera-IMAGEN1-300x262.jpg\" alt=\"\" width=\"300\" height=\"262\" \/><\/a><\/strong><\/p>\n<p>&nbsp;<\/p>\n<p>&nbsp;<\/p>\n<h1><span style=\"color: #993366\">DESDE EL PRINCIPIO DE LOS COMIENZOS<\/span><\/h1>\n<p>Podemos empezar diciendo que en Espa\u00f1a desde el principio de la humanidad\u00a0 en la Pen\u00ednsula Ib\u00e9rica\u00a0se remonta a unos 800.000 a\u00f1os, tras el descubrimiento de uno de los primeros antepasados de los grandes seres humanos en el \u00a0yacimiento de la\u00a0Gran Dolina en Atapuerca\u00a0(Burgos) .\u00a0Durante el\u00a0Paleol\u00edtico Superior, hace unos 16.000 a\u00f1os, la\u00a0cultura\u00a0Magdaleniense\u00a0estaba presente en\u00a0Asturias,\u00a0Cantabria\u00a0y parte del\u00a0Pa\u00eds Vasco, cuya aportaci\u00f3n m\u00e1s notable lo representan las pinturas rupestres de las\u00a0Cuevas de Altamira y para la aparici\u00f3n de culturas que usan los metales debemos esperar en torno al a\u00f1o 3000 a 2500\u00a0a.\u00a0C . Su distribuci\u00f3n geogr\u00e1fica es mayor y se considera que la b\u00fasqueda de los metales trajo flujos migratorios importantes, destacando\u00a0Los Millares\u00a0en Almer\u00eda, con una gran fortificaci\u00f3n, y en el curso del\u00a0r\u00edo Tajo\u00a0en la zona\u00a0portuguesa\u00a0actual y en lo que respecta a Portugal , podemos decir la regi\u00f3n en la que se encuentra el actual Portugal estuvo habitada al menos hace quinientos mil a\u00f1os, primero por los\u00a0Neanderthales\u00a0y m\u00e1s tarde por los\u00a0hombres modernos y \u00a0en la zona del actual Portugal las fuentes romanas localizan a pueblos que denominan\u00a0Lusitanos,\u00a0Galaicos\u00a0o\u00a0Gallaeci\u00a0y los\u00a0Conios\u00a0. Otras tribus menos significativas fueron tribus menores pero se produjo a su vez , otras como son \u00a0tambi\u00e9n\u00a0las\u00a0hubo:\u00a0los\u00a0Br\u00e1caros,\u00a0C\u00e9lticos,Coelernos,\u00a0Equesos.<\/p>\n<h1>\u00a0<span style=\"color: #800080\">UN PERIODO IMPORTANTE : EL ROMANO<\/span><\/h1>\n<p>La\u00a0Pen\u00ednsula Ib\u00e9rica\u00a0fue, junto con el norte de\u00a0Italia\u00a0el escenario principal de la\u00a0Segunda Guerra P\u00fanica\u00a0entre\u00a0Cartago\u00a0y el\u00a0Imperio romano. Fue durante esta guerra cuando arribaron a las costas peninsulares tropas romanas por primera vez. Tras la conquista de Cartago por parte de Roma, los cartagineses tuvieron que renunciar a la pen\u00ednsula a favor de los romanos (en el 206 antes de Cristo). Los\u00a0pueblos celtas\u00a0que habitaban la zona no estaban dispuestos a someterse a los romanos sin luchar. Esta resistencia comenz\u00f3 pr\u00e1cticamente desde el momento en que los romanos pisaron el territorio. De esta forma, en el 197\u00a0a.\u00a0C. comenzaron las\u00a0guerras celt\u00edberas\u00a0entre los pueblos oriundos de Iberia y las tropas romanas. Tras un acuerdo de paz, en 179\u00a0a.\u00a0C., ideado por\u00a0Tiberio Sempronio Graco, los pueblos lusos se sometieron a la que entonces era la Rep\u00fablica Romana, En 154\u00a0a.\u00a0C. dio comienzo lo que se conoce como\u00a0Guerra Hisp\u00e1nica, un levantamiento de los pueblos celt\u00edberos, y cuatro a\u00f1os m\u00e1s tarde, los romanos consiguieron vencer al jefe lusitano y terminar con la revuelta.\u00a0Viriato, uno de los pocos supervivientes, se convirti\u00f3 en jefe de los Lusitanos, continuando con las luchas contra los romanos y convirti\u00e9ndose en el h\u00e9roe de su pueblo. Cuando fue asesinado en manos romanas, mientras se encontraba junto con su pueblo en la localidad de\u00a0Viseu\u00a0en 139\u00a0a.\u00a0C., comenz\u00f3 de nuevo una revuelta,es a partir del 138\u00a0a.\u00a0C. los romanos comenzaron a fortificar la zona en la que se encuentra la actual\u00a0Lisboa.\u00a0Julio C\u00e9sar lleg\u00f3 a Lisboa en el 60\u00a0a.\u00a0C., y termin\u00f3 con el \u00faltimo foco de resistencia lusitano. Roma mantuvo el poder en el territorio durante casi cuatro siglos. \u00a0 \u00a0 \u00a0 \u00a0 \u00a0 \u00a0 \u00a0 \u00a0 \u00a0 \u00a0 \u00a0 \u00a0 \u00a0 \u00a0 \u00a0 \u00a0 \u00a0 \u00a0 \u00a0 \u00a0 \u00a0 \u00a0 \u00a0 \u00a0 \u00a0 \u00a0 \u00a0 \u00a0 \u00a0 \u00a0 \u00a0 \u00a0 \u00a0 \u00a0 \u00a0\u00a0<a href=\"https:\/\/blogs.ua.es\/invasionportugal\/files\/2012\/01\/IMagen-2.png\"><img loading=\"lazy\" decoding=\"async\" src=\"https:\/\/blogs.ua.es\/invasionportugal\/files\/2012\/01\/IMagen-2-150x150.png\" alt=\"\" width=\"150\" height=\"150\" \/><\/a><\/p>\n<h1><span style=\"color: #993366\">\u00a0LAS INVASIONES<\/span><\/h1>\n<p><a href=\"https:\/\/blogs.ua.es\/invasionportugal\/files\/2012\/01\/visigodos.png\"><img loading=\"lazy\" decoding=\"async\" src=\"https:\/\/blogs.ua.es\/invasionportugal\/files\/2012\/01\/visigodos-150x150.png\" alt=\"\" width=\"150\" height=\"150\" \/><\/a><\/p>\n<p>Espa\u00f1a como en Portugal , se produce ,en el 406 , con la congelaci\u00f3n del r\u00edo Rim, los v\u00e1ndalos , suevos y alanos invaden el imperio con gran pujanza. Al cabo de tres a\u00f1os, cruzaron los\u00a0Pirineos\u00a0y llegaron a la\u00a0pen\u00ednsula Ib\u00e9rica, y dividieron entre s\u00ed las partes occidentales, que correspond\u00edan aproximadamente al\u00a0Portugal\u00a0moderno y\u00a0Espa\u00f1a\u00a0occidental hasta\u00a0Madrid. Mientras tanto, los visigodos, que hab\u00edan tomado\u00a0Roma\u00a0hac\u00eda dos a\u00f1os, llegaron a la regi\u00f3n en el\u00a0412, fundando el reino de Tolosa (Toulouse, en el sur de\u00a0Francia), y extendieron su influencia gradualmente en la Pen\u00ednsula, desplazando a los v\u00e1ndalos y alanos al norte de\u00a0\u00c1frica, sin que \u00e9stos dejasen mucha huella en la cultura Ib\u00e9rica. Luego, tras la conquista de\u00a0Tolosa\u00a0por los\u00a0francos\u00a0y la p\u00e9rdida de gran parte de los territorios en lo que hoy es\u00a0Francia, trasladaron la capital del reino visigodo a\u00a0Toledo.<\/p>\n<p>&nbsp;<\/p>\n","protected":false},"excerpt":{"rendered":"<p>\u00a0 \u00a0 \u00a0 \u00a0 \u00a0 \u00a0 \u00a0 \u00a0 \u00a0 \u00a0 \u00a0 \u00a0 \u00a0 \u00a0 \u00a0 \u00a0 \u00a0 \u00a0 \u00a0 \u00a0 \u00a0 \u00a0 \u00a0 \u00a0\u00a0 &nbsp; &nbsp; DESDE EL PRINCIPIO DE LOS COMIENZOS Podemos empezar diciendo que en Espa\u00f1a desde el &hellip; <a href=\"https:\/\/blogs.ua.es\/invasionportugal\/el-comienzo\/\">Continue reading <span class=\"meta-nav\">&rarr;<\/span><\/a><\/p>\n","protected":false},"author":2187,"featured_media":0,"parent":0,"menu_order":0,"comment_status":"open","ping_status":"open","template":"","meta":{"footnotes":""},"class_list":["post-156","page","type-page","status-publish","hentry"],"_links":{"self":[{"href":"https:\/\/blogs.ua.es\/invasionportugal\/wp-json\/wp\/v2\/pages\/156","targetHints":{"allow":["GET"]}}],"collection":[{"href":"https:\/\/blogs.ua.es\/invasionportugal\/wp-json\/wp\/v2\/pages"}],"about":[{"href":"https:\/\/blogs.ua.es\/invasionportugal\/wp-json\/wp\/v2\/types\/page"}],"author":[{"embeddable":true,"href":"https:\/\/blogs.ua.es\/invasionportugal\/wp-json\/wp\/v2\/users\/2187"}],"replies":[{"embeddable":true,"href":"https:\/\/blogs.ua.es\/invasionportugal\/wp-json\/wp\/v2\/comments?post=156"}],"version-history":[{"count":9,"href":"https:\/\/blogs.ua.es\/invasionportugal\/wp-json\/wp\/v2\/pages\/156\/revisions"}],"predecessor-version":[{"id":191,"href":"https:\/\/blogs.ua.es\/invasionportugal\/wp-json\/wp\/v2\/pages\/156\/revisions\/191"}],"wp:attachment":[{"href":"https:\/\/blogs.ua.es\/invasionportugal\/wp-json\/wp\/v2\/media?parent=156"}],"curies":[{"name":"wp","href":"https:\/\/api.w.org\/{rel}","templated":true}]}}