{"id":177,"date":"2012-01-12T10:36:13","date_gmt":"2012-01-12T10:36:13","guid":{"rendered":"https:\/\/blogs.ua.es\/invasionportugal\/?page_id=177"},"modified":"2012-01-12T17:13:19","modified_gmt":"2012-01-12T17:13:19","slug":"epoca-medieval","status":"publish","type":"page","link":"https:\/\/blogs.ua.es\/invasionportugal\/epoca-medieval\/","title":{"rendered":"\u00c9poca Medieval"},"content":{"rendered":"<h1><span style=\"color: #ff9900\">LA RELIGI\u00d3N , SE IMPONE COMO FORMA DE PENSAR .<\/span><\/h1>\n<p>&nbsp;<\/p>\n<p><a href=\"https:\/\/blogs.ua.es\/invasionportugal\/files\/2012\/01\/cruz-imagen2.jpg\"><img loading=\"lazy\" decoding=\"async\" src=\"https:\/\/blogs.ua.es\/invasionportugal\/files\/2012\/01\/cruz-imagen2-e1326302500702.jpg\" alt=\"\" width=\"192\" height=\"250\" \/><\/a><a href=\"https:\/\/blogs.ua.es\/invasionportugal\/files\/2012\/01\/cruz-imagen.jpg\"><br \/>\n<\/a>A pesar de que la nobleza visigoda practicaba el arrianismo, \u00e9ste goz\u00f3 de muy poca popularidad entre la poblaci\u00f3n hispanorromana de la pen\u00ednsula, fiel en su mayor\u00eda a la doctrina cat\u00f3lica romana. Desde la corona visigoda, espec\u00edficamente en el a\u00f1o 587, el rey Recadero\u00a0, ya convertido al catolicismo, trat\u00f3 de conciliar as\u00ed mismo a la jerarqu\u00eda religiosa arriana con la cat\u00f3lica, pero con poco \u00e9xito. Finalmente, se impuso la opci\u00f3n cat\u00f3lica por la fuerza, desposeyendo a la iglesia arriana de sus bienes en favor de su antagonista.<\/p>\n<h1>\u00a0<span style=\"color: #ff6600\">COMIENZA UN NUEVO PERIODO : LA CONQUISTA ISL\u00c1MICA<\/span><\/h1>\n<p>A\u00f1o\u00a0711: Tras la muerte del rey\u00a0Witiza, los nobles y obispos de la pen\u00ednsula eligen por rey a\u00a0Roderico\u00a0(conocido en la historia por don Rodrigo), duque dela B\u00e9tica. Los hijos de Witiza quer\u00edan por rey a Aquila, duque dela Tarraconense, por lo que pactan con los \u00e1rabes a trav\u00e9s de Don Juli\u00e1n, conde de Ceuta.\u00a0Roderico, que estaba por entonces luchando contra un levantamiento de los vascones, al enterarse de la invasi\u00f3n \u00e1rabe acude con su ej\u00e9rcito. Pierde en la\u00a0batalla de Guadalete\u00a0debido a deslealtad de los witizanos. Con su muerte, y con el grueso del ej\u00e9rcito godo derrotado, los \u00e1rabes se animan a continuar con la lucha.\u00a0Tarik\u00a0conquista\u00a0Toledo\u00a0y llega hasta\u00a0Le\u00f3n;\u00a0Muza\u00a0conquista\u00a0Sevilla\u00a0y llega hasta\u00a0M\u00e9rida\u00a0(712). Posteriormente unir\u00edan sus fuerzas para tomar Zargoza ,\u00a0despu\u00e9s\u00a0en el a\u00f1o\u00a01031\u00a0se fragmenta el califato cordob\u00e9s, form\u00e1ndose numerosos\u00a0reinos de taifas\u00a0enemistados entre s\u00ed.<\/p>\n<h1><span style=\"color: #ff6600\">LA RECONQUISTA<\/span><\/h1>\n<p>&nbsp;<\/p>\n<p>&nbsp;<\/p>\n<p><a href=\"https:\/\/blogs.ua.es\/invasionportugal\/files\/2012\/01\/Cruzados11.jpg\"><img loading=\"lazy\" decoding=\"async\" src=\"https:\/\/blogs.ua.es\/invasionportugal\/files\/2012\/01\/Cruzados11-300x226.jpg\" alt=\"\" width=\"300\" height=\"226\" \/><\/a><\/p>\n<p>En el a\u00f1o \u00a0722\u00a0un destacamento musulm\u00e1n es vencido por un grupo de cristianos refugiados en los bosques de\u00a0Covadonga\u00a0(Asturias) en la batalla\u00a0hom\u00f3nima.\u00a0Don Pelayo, probablemente noble godo, es nombrado rey, la primera corte se establece en\u00a0Cangas de On\u00eds, donde Pelayo muere en\u00a0737 , y dos a\u00f1os despu\u00e9s (739), su yerno\u00a0Alfonso I, hijo de\u00a0Pedro de Cantabria, aprovechando las luchas entre \u00e1rabes y bereberes, da nuevo impulso a la reconquista llegando hasta\u00a0la Rioja\u00a0y el Duero; \u00a0pero no tiene posibilidad de repoblar, por lo que queda un amplio desierto estrat\u00e9gico, tierra de nadie en la meseta norte y entre los a\u00f1os\u00a0718\u00a0y\u00a01230\u00a0se forman los principales , y estrat\u00e9gicos , pero a la vez tambi\u00e9n importantes\u00a0reinos\u00a0de\u00a0Asturias,\u00a0Navarra,\u00a0Le\u00f3n,\u00a0Galicia,Portugal,\u00a0Arag\u00f3n\u00a0y\u00a0Castilla, y en el a\u00f1o\u00a01037\u00a0muere\u00a0Bermudo III, rey de Le\u00f3n, en el\u00a0campo de batalla\u00a0contra su cu\u00f1ado,\u00a0Fernando I. Al no tener descendencia Bermudo III, su cu\u00f1ado considera que es el sucesor y por lo tanto unifica el\u00a0Reino de Le\u00f3n\u00a0y el\u00a0Condado de Castilla, y en el a\u00f1o 1054\u00a0Fernando I\u00a0lucha contra su hermano\u00a0Garc\u00eda S\u00e1nchez III de N\u00e1jera, rey de Navarra, en la\u00a0Batalla de Atapuerca, muriendo tambi\u00e9n el monarca navarro y anexion\u00e1ndose entre otras la comarca de los montes de Oca, cerca de la ciudad de\u00a0Burgos.<\/p>\n<h1><span style=\"color: #ff6600\">LA RECONQUISTA II<\/span><\/h1>\n<p>&nbsp;<\/p>\n<p>Fallecido Fernando I, ocurrida en\u00a01065, el Condado de Castilla se convierte en\u00a0reino, que hereda el primog\u00e9nito\u00a0Sancho II;\u00a0Alfonso VIhereda el de Le\u00f3n y\u00a0Sancho II\u00a0es asesinado en\u00a01072\u00a0y su hermano accede al trono de Castilla, siendo el primer monarca de ambos reinos.\u00a0A su muerte le sucedi\u00f3 en el trono su hija\u00a0Urraca. \u00c9sta se cas\u00f3, en segundas nupcias, con\u00a0Alfonso I de Arag\u00f3n, pero al no lograr la unificaci\u00f3n de los reinos y debido a los grandes enfrentamientos de clases entre los dos reinos, Alfonso I repudi\u00f3 a Urraca en 1114, lo que agudiz\u00f3 los enfrentamientos entre los reinos. Si bien el papa\u00a0Pascual II\u00a0hab\u00eda anulado el matrimonio anteriormente, hab\u00edan seguido juntos hasta esa fecha. Urraca tambi\u00e9n tuvo que enfrentarse a su hijo, Rey de Galicia, fruto de su primer matrimonio, para hacer valer sus derechos sobre ese reino, y a su muerte \u00e9ste le sucede como\u00a0Alfonso VII. Alfonso VII consigue anexionarse territorios de los reinos de Navarra y Arag\u00f3n (aprovechando la debilidad de estos reinos desde que se escindieron a la muerte de\u00a0Alfonso I de Arag\u00f3n). Renuncia su derecho a la conquista de la costa mediterr\u00e1nea a favor de la nueva uni\u00f3n de Arag\u00f3n y el Condado de Barcelona (que se produce con el matrimonio de\u00a0Petronila\u00a0y\u00a0Ram\u00f3n Berenguer IV). En su testamento vuelve a la tradici\u00f3n real de la divisi\u00f3n de sus reinos entre sus hijos. Otra vez se rompe la uni\u00f3n entre Le\u00f3n y Castilla, siendo\u00a0Fernando II\u00a0rey de Le\u00f3n y\u00a0Sancho III\u00a0rey de Castilla y para finalizar este perido en\u00a01230\u00a0se produce la definitiva uni\u00f3n entre Le\u00f3n y Castilla (con alg\u00fan par\u00e9ntesis posterior de poca relevancia), cuando\u00a0Fernando III el Santo\u00a0recibe de su madre\u00a0Berenguela\u00a0en\u00a01217\u00a0el Reino de Castilla y, tras la muerte de su padre\u00a0Alfonso IX\u00a0en\u00a01230, acuerda con las herederas de \u00e9ste,\u00a0Sancha\u00a0y\u00a0Dulce, la transferencia de Le\u00f3n en la\u00a0Concordia de Benavente.<code>[kml_flashembed movie=\"http:\/\/www.youtube.com\/v\/ci2jTnI2qqk\" width=\"425\" height=\"350\" wmode=\"transparent\" \/]<\/code><\/p>\n<h1><span style=\"color: #ff6600\">CONCLUSI\u00d3N<\/span><\/h1>\n<p>&nbsp;<\/p>\n<p><a href=\"https:\/\/blogs.ua.es\/invasionportugal\/files\/2012\/01\/cristianoacruzados.jpg\"><img loading=\"lazy\" decoding=\"async\" src=\"https:\/\/blogs.ua.es\/invasionportugal\/files\/2012\/01\/cristianoacruzados-300x223.jpg\" alt=\"\" width=\"300\" height=\"223\" \/><\/a><\/p>\n<p>Finalmente lo generoso en repartimiento no di\u00f3 por de pronto el resultado que Fernando III se propuso de poblar r\u00e1pidamente de cristianos la ciudad, ya que muchos de los que obtuvieron casas y otras propiedades las abandonaron y volvieron a sus lugares de origen, por lo que hubo necesidad, en 1255 y 1263 bajo el reinado de Alfonso X, de volver a hacer un nuevo reparto de todo lo abandonado y de lo que anteriormente no hab\u00eda sido repartido, y a\u00fan sobraron casas y heredades para darles a los Monasterio de San Isidoro de Le\u00f3n, Roncesvalles y Santa Mar\u00eda de Rocamador, am\u00e9n de los grandes territorios que la corona se reserv\u00f3 y de los que dio a Sevilla y a su Iglesia.<\/p>\n<p>&nbsp;<\/p>\n","protected":false},"excerpt":{"rendered":"<p>LA RELIGI\u00d3N , SE IMPONE COMO FORMA DE PENSAR . &nbsp; A pesar de que la nobleza visigoda practicaba el arrianismo, \u00e9ste goz\u00f3 de muy poca popularidad entre la poblaci\u00f3n hispanorromana de la pen\u00ednsula, fiel en su mayor\u00eda a la &hellip; <a href=\"https:\/\/blogs.ua.es\/invasionportugal\/epoca-medieval\/\">Continue reading <span class=\"meta-nav\">&rarr;<\/span><\/a><\/p>\n","protected":false},"author":2187,"featured_media":0,"parent":0,"menu_order":0,"comment_status":"open","ping_status":"open","template":"","meta":{"footnotes":""},"class_list":["post-177","page","type-page","status-publish","hentry"],"_links":{"self":[{"href":"https:\/\/blogs.ua.es\/invasionportugal\/wp-json\/wp\/v2\/pages\/177","targetHints":{"allow":["GET"]}}],"collection":[{"href":"https:\/\/blogs.ua.es\/invasionportugal\/wp-json\/wp\/v2\/pages"}],"about":[{"href":"https:\/\/blogs.ua.es\/invasionportugal\/wp-json\/wp\/v2\/types\/page"}],"author":[{"embeddable":true,"href":"https:\/\/blogs.ua.es\/invasionportugal\/wp-json\/wp\/v2\/users\/2187"}],"replies":[{"embeddable":true,"href":"https:\/\/blogs.ua.es\/invasionportugal\/wp-json\/wp\/v2\/comments?post=177"}],"version-history":[{"count":10,"href":"https:\/\/blogs.ua.es\/invasionportugal\/wp-json\/wp\/v2\/pages\/177\/revisions"}],"predecessor-version":[{"id":313,"href":"https:\/\/blogs.ua.es\/invasionportugal\/wp-json\/wp\/v2\/pages\/177\/revisions\/313"}],"wp:attachment":[{"href":"https:\/\/blogs.ua.es\/invasionportugal\/wp-json\/wp\/v2\/media?parent=177"}],"curies":[{"name":"wp","href":"https:\/\/api.w.org\/{rel}","templated":true}]}}