{"id":179,"date":"2012-01-12T10:36:51","date_gmt":"2012-01-12T10:36:51","guid":{"rendered":"https:\/\/blogs.ua.es\/invasionportugal\/?page_id=179"},"modified":"2012-01-12T17:56:25","modified_gmt":"2012-01-12T17:56:25","slug":"epoca-modernaresurgimiento-de-la-monarquia","status":"publish","type":"page","link":"https:\/\/blogs.ua.es\/invasionportugal\/epoca-modernaresurgimiento-de-la-monarquia\/","title":{"rendered":"\u00c9poca Moderna:resurgimiento de la Monarqu\u00eda"},"content":{"rendered":"<p>&nbsp;<\/p>\n<h1><span style=\"color: #800000\">RESURGIMIENTO DE LA MONARQU\u00cdA<\/span><\/h1>\n<p>Ya que es un tema demasiado extenso , e querido subdividirlo en dos partes , la perteneciente a la monarqu\u00eda espa\u00f1ola que sera la primera que explique y en segundo lugar la portuguesa. Comenzamos, un largo proceso lleno de luchas , conflictos reales y una\u00a0dura lucha por alcanzar el poder .<\/p>\n<p>Espa\u00f1a\u00a0 1469, Fernando de Arag\u00f3n e Isabel de Castilla\u00a0contrajeron matrimonio, uniendo din\u00e1sticamente los dos\u00a0reinos m\u00e1s poderosos, esta uni\u00f3n \u00a0permiti\u00f3\u00a0expulsar a los musulmanes de Granada y conquistar Navarra, generalmente, \u00a0la Monarqu\u00eda espa\u00f1ola tiene su origen en la uni\u00f3n personal y\u00a0din\u00e1stica entre\u00a0Isabel I de Castilla\u00a0y\u00a0Fernando II de Arag\u00f3n, llamados\u00a0Reyes Cat\u00f3licos\u00a0\u00a0en raz\u00f3n de la conquista de la\u00a0Pen\u00ednsula Ib\u00e9rica\u00a0al\u00a0Islam\u00a0y el proyecto evangelizador del\u00a0Nuevo Mundo; y que procuraron llevar una pol\u00edtica de acci\u00f3n com\u00fan, Juana I de Castilla, hija de los Reyes Cat\u00f3licos, hered\u00f3 la corona de Castilla al morir su madre, la reina Isabel, y el matrimonio de Juana con\u00a0Felipe el Hermoso hizo peligrar la pol\u00edtica que hab\u00edan llevado los Reyes Cat\u00f3licos, pero Felipe I muri\u00f3 prematuramente, y el rey Fernando II de Arag\u00f3n, padre de Juana, la inhabilit\u00f3 , entonces,muerto su padre, \u00a0Juana hered\u00f3 tambi\u00e9n la Corona de Arag\u00f3n, tras fracasar el intento de su padre de concebir un heredero con su segunda esposa,\u00a0Germana de Foix, que le permitiese heredar aquella corona y separarla de la Corona de Castilla, pero dada la incapacidad de la reina Juana, su hijo\u00a0Carlos\u00a0se autoproclam\u00f3 rey junto con su madre, por lo que de esta forma\u00a0Carlos I\u00a0consolid\u00f3 la\u00a0uni\u00f3n de ambas coronas, siendo llamado\u00a0rey Cat\u00f3lico de las Espa\u00f1as\u00a0por el papa\u00a0Le\u00f3n X \u00a0y Felipe II , Principe de Asturias ,accedi\u00f3 al trono por abdicaci\u00f3n de su padre, y us\u00f3 en documentos y monedas y tras la\u00a0Crisis sucesoria en Portugal (1580)\u00a0adquiri\u00f3 tambi\u00e9n la titularidad dela Corona portuguesa.<\/p>\n<p><img loading=\"lazy\" decoding=\"async\" style=\"line-height: 24px;border-style: initial;border-color: initial\" src=\"https:\/\/blogs.ua.es\/invasionportugal\/files\/2012\/01\/2863921686_b8865b9b61_o-e1326304723589-213x300.jpg\" alt=\"\" width=\"213\" height=\"300\" \/><\/p>\n<p><code>[kml_flashembed movie=\"http:\/\/www.youtube.com\/v\/_yHnapH819o\" width=\"425\" height=\"350\" wmode=\"transparent\" \/]<\/code><\/p>\n<p>&nbsp;<\/p>\n<h1><span style=\"color: #800000\">Y&#8230; COMIENZAN LOS DESCUBRIMIENTOS<\/span><\/h1>\n<p><a href=\"https:\/\/blogs.ua.es\/invasionportugal\/files\/2012\/01\/descubrimientodeamerica1.jpg\"><img loading=\"lazy\" decoding=\"async\" src=\"https:\/\/blogs.ua.es\/invasionportugal\/files\/2012\/01\/descubrimientodeamerica1.jpg\" alt=\"\" width=\"423\" height=\"279\" \/><\/a><\/p>\n<p>Colon apoyado por la\u00a0monarqu\u00eda espa\u00f1ola, organiz\u00f3 un viaje de exploraci\u00f3n que lo condujo a la costa americana en 1492 , cre\u00eda que hab\u00eda llegado al\u00a0continente asi\u00e1tico, denominado por los europeos\u00a0Indias\u00a0y muri\u00f3 sin saber que hab\u00eda llegado a un continente desconocido por los europeos , Col\u00f3n, en representaci\u00f3n de los\u00a0Reyes Cat\u00f3licos\u00a0de\u00a0Arag\u00f3n\u00a0y\u00a0Castilla, realiz\u00f3 cuatro famosos viajes desde Europa a Am\u00e9rica en el primero de ellos lleg\u00f3 a Am\u00e9rica el 12 de octubre de \u00a01492, a una isla de las Bahamas llamada\u00a0Guanahan\u00ed, en el tercer viaje lleg\u00f3 a Venezuela , y partir del tercer viaje las conquista progresaron conjuntamente, luego los viajes menores en el primero de estos particip\u00f3\u00a0Am\u00e9rico Vespucio\u00a0a quien se ha atribuido ser el primer europeo en proponer que las tierras a las que Col\u00f3n hab\u00eda llegado no eran en realidad parte de Asia, sino de un continente\u00a0desconocido para los europeos, y un nuevo para\u00edso lleno de riquezas .<\/p>\n<h1><span style=\"color: #800000\">LA MONARQU\u00cdA , CON T\u00cdTULO: REY\u00a0<\/span><\/h1>\n<p><a href=\"https:\/\/blogs.ua.es\/invasionportugal\/files\/2012\/01\/mapa.jpg\"><img loading=\"lazy\" decoding=\"async\" src=\"https:\/\/blogs.ua.es\/invasionportugal\/files\/2012\/01\/mapa.jpg\" alt=\"\" width=\"420\" height=\"348\" \/><\/a><\/p>\n<p>En el 1493 el gobierno municipal de Barcelona se refiri\u00f3 a don Fernando como el\u00a0Maquiavelo\u00a0(El pr\u00edncipe, 1523) se refiere a \u00e9l tambi\u00e9n como Rey de Espa\u00f1a, y a partir de\u00a0Carlos I, todos los reyes son llamados Rey de Espa\u00f1a , aunque normalmente utilizan todos sus t\u00edtulos, desde Rey de Castilla hasta Se\u00f1or de Vizcaya y de Molina, hasta el s. XIX, las monedas espa\u00f1olas sol\u00edan llevar junto al nombre del Rey la leyenda que\u00a0significa Rey de las Espa\u00f1as y las Indias, y a principios del s. XIX,\u00a0Fernando VII de Espa\u00f1a\u00a0e\u00a0Isabel II de Espa\u00f1a\u00a0usaron el t\u00edtulo de Rey o Reina de las Espa\u00f1as durante los per\u00edodos constitucionales, es cuando Amadeo I\u00a0es el primero que oficialmente utiliza la denominaci\u00f3n de Rey de Espa\u00f1a, y apartir de Amadeo, todos adoptan el t\u00edtulo de Rey de Espa\u00f1a, y en cualquier caso, prescindiendo de los problemas que hubiera entre los reinos de la pen\u00ednsula en otros pa\u00edses de Europa comenz\u00f3 a conocerse al conjunto de reinos cristianos de la pen\u00ednsula como Espa\u00f1a, en singular, desde tiempos muy tempranos. El propio t\u00e9rmino espa\u00f1ol parece proceder del\u00a0provenzal\u00a0y aparece documentado por primera vez a finales del siglo XI , y eel\u00a0Concilio de Constanza\u00a0los cuatro reinos de Portugal, Arag\u00f3n, Castilla y Navarra aparecen formando una sola entidad.<\/p>\n<h1>\u00a0<span style=\"color: #800000\">MIENTRAS EN PORTUGAL&#8230;<\/span><\/h1>\n<p>Alfonso VI de Le\u00f3n entreg\u00f3 a su yerno\u00a0Enrique de Borgo\u00f1a, el\u00a0Condado Portucalense, de este condado, que pertenec\u00eda al\u00a0Reino de Le\u00f3n, pero que pose\u00eda gran autonom\u00eda surgir\u00eda el\u00a0Reino de Portugal, enrique gobern\u00f3 para conseguir una autonom\u00eda completa en su condado y dej\u00f3 una tierra portucalense mucho m\u00e1s libre de la que recibi\u00f3, y tras su muerte en 1112, le sucede la viuda de \u00e9ste,\u00a0Teresa de Le\u00f3n, como regente del condado durante la minor\u00eda de edad de\u00a0Afonso Henriques, el pensamiento de Teresa fue id\u00e9ntico al de su marido: fortalecer la vida portucalense y conseguir la independencia del condado, pero Teresa comenz\u00f3 en\u00a01121\u00a0a autodenominarse reina, pero los grandes conflictos diplom\u00e1ticos \u00a0es derrotada por Alfonso VII Rey de Le\u00f3n en 1128; a los catorce a\u00f1os de edad 1125, el joven\u00a0Afonso es elevado a la condici\u00f3n de\u00a0caballero, siguiendo las costumbres de los reyes, se produce la posici\u00f3n de favoritismo de la reina en relaci\u00f3n a los nobles gallegos y la indiferencia a los hidalgos y eclesi\u00e1sticos portucalenses origin\u00f3 una revuelta de estos, bajo la direcci\u00f3n de su hijo, y se inicia la lucha entre Alfonso Henriques y su madre que se desarrolla hasta que en\u00a01128\u00a0tiene lugar la\u00a0Batalla de San Mamede y poco despu\u00e9s de la derrota de Teresa ante Alfonso VII y su reconocimiento de este como rey , en la que Teresa es derrotada y expulsada del territorio que hab\u00eda gobernado durante quince a\u00f1os y Afonso Henriques\u00a0aprovech\u00f3 la ocasi\u00f3n para declarar al condado como principado independiente, y la independencia queda garantizada en la\u00a0batalla de Aljubarrota\u00a0con la aniquilaci\u00f3n total del ej\u00e9rcito castellano y la aclamaci\u00f3n popular de\u00a0Juan I, hermano de\u00a0Fernando I\u00a0pero hijo ileg\u00edtimo de\u00a0Pedro I, que representaba el inicio de la segunda\u00a0dinast\u00eda, la de Avis, casa real que gobernar\u00eda Portugal hasta la llegada de\u00a0Felipe I\u00a0y la independencia con la\u00a0Dinast\u00eda de Braganza, y bajo la dinast\u00eda Av\u00eds, Portugal realiz\u00f3 grandes avances en la t\u00e9cnica de navegaci\u00f3n, y comenz\u00f3 los descubrimientos en ultramar as\u00ed como fue creando un\u00a0Imperio\u00a0comercial por\u00a0\u00c1frica,\u00a0Asia\u00a0y \u00c1merica .<\/p>\n<p><a href=\"https:\/\/blogs.ua.es\/invasionportugal\/files\/2012\/01\/enrique_borgona1.gif\"><img loading=\"lazy\" decoding=\"async\" src=\"https:\/\/blogs.ua.es\/invasionportugal\/files\/2012\/01\/enrique_borgona1.gif\" alt=\"\" width=\"164\" height=\"267\" \/><\/a><\/p>\n<p>&nbsp;<\/p>\n<h1><span style=\"color: #800000\">PORTUGAL TAMBI\u00c9N SE HACIA CON EL PODER Y CREA UN IMPERIO<\/span><\/h1>\n<p>El\u00a0siglo XV\u00a0se llevaron a cabo campa\u00f1as fuera del territorio portugu\u00e9s, los portugueses decidieron continuar con las expediciones de ultramar para describir m\u00e1s territorios con los que comerciar; Portugal decide enviar varias expediciones a lo largo de la\u00a0Costa Africana, descubriendo Madeira, entre otros , hasta que\u00a0Juan II\u00a0, inicia un proyecto destinado a convertir Portugal en una de las potencias internacionales, el\u00a0descubrimiento de la ruta mar\u00edtima a la India. Mientras tanto, desde\u00a0Espa\u00f1a\u00a0llegaban noticias de que\u00a0Crist\u00f3bal Col\u00f3n y en diciembre de 1498, una flota de ocho buques, bajo el mando de Duarte Pacheco Pereira, lleg\u00f3 a la costa brasile\u00f1a\u00a0y lleg\u00f3 a explotar, la altura de los actuales estados de Par\u00e1 y Maranh\u00e3o , la tierra descubierta por tanto pertenec\u00edan, de hecho, a Portugal, \u00a0colonias establecidas por varios puntos del mundo, Portugal se convirti\u00f3 r\u00e1pidamente en un importante centro comercial, y junto conEspa\u00f1a, convertir\u00edan a la\u00a0Pen\u00ednsula Ib\u00e9rica\u00a0en la mayor potencia mundial de la \u00e9poca.<\/p>\n<h1><span style=\"color: #800000\">Imperio Portugu\u00e9s<\/span><\/h1>\n<p>El Imperio portugu\u00e9s fue el primero y m\u00e1s duradero de los\u00a0imperios coloniales 1415-1999 desde la\u00a0Era de los descubrimientosn y tras el\u00a0siglo XVI, Portugal vio perder gradualmente sus riquezas, ya que el formar parte de la Monarqu\u00eda espa\u00f1ola de la\u00a0Casa de Austria\u00a0desde\u00a01580\u00a0hasta\u00a01640, provoc\u00f3 que muchas de las colonias portuguesas fueran atacadas por enemigos de\u00a0Espa\u00f1a, m\u00e1s tarde,\u00a0Felipe IV de Espa\u00f1a\u00a0intent\u00f3 reducir esa autonom\u00eda, y los nobles portugueses temieron perder poder, aprovechando la circunstancia de la\u00a0sublevaci\u00f3n de Catalu\u00f1a, el\u00a01 de diciembre\u00a0de\u00a01640\u00a0se proclam\u00f3 a\u00a0Juan IV como nuevo rey, desat\u00e1ndose una guerra con Espa\u00f1a, en\u00a01709,\u00a0Juan V\u00a0prohibi\u00f3 la emigraci\u00f3n, ya que el pa\u00eds hab\u00eda perdido una gran porci\u00f3n de su poblaci\u00f3n, y en 1807 la corona portuguesa huy\u00f3 de Napole\u00f3n y se instal\u00f3 en Brasil, que dej\u00f3 de ser una colonia para convertirse en reino y cabeza del imperio, por lo que tras la revoluci\u00f3n portuguesa de 1820, que reclamaba el regreso del rey a Lisboa, Brasil se independiz\u00f3, y durante la segunda mitad del siglo XIX Portugal ocup\u00f3 el territorio africano que rodeaba las fortalezas costeras establecidas desde el siglo XVI .<\/p>\n<p><code>[kml_flashembed movie=\"http:\/\/www.youtube.com\/v\/F4DbeGSwpmc\" width=\"425\" height=\"350\" wmode=\"transparent\" \/]<\/code><\/p>\n","protected":false},"excerpt":{"rendered":"<p>&nbsp; RESURGIMIENTO DE LA MONARQU\u00cdA Ya que es un tema demasiado extenso , e querido subdividirlo en dos partes , la perteneciente a la monarqu\u00eda espa\u00f1ola que sera la primera que explique y en segundo lugar la portuguesa. Comenzamos, un &hellip; <a href=\"https:\/\/blogs.ua.es\/invasionportugal\/epoca-modernaresurgimiento-de-la-monarquia\/\">Continue reading <span class=\"meta-nav\">&rarr;<\/span><\/a><\/p>\n","protected":false},"author":2187,"featured_media":0,"parent":0,"menu_order":0,"comment_status":"open","ping_status":"open","template":"","meta":{"footnotes":""},"class_list":["post-179","page","type-page","status-publish","hentry"],"_links":{"self":[{"href":"https:\/\/blogs.ua.es\/invasionportugal\/wp-json\/wp\/v2\/pages\/179","targetHints":{"allow":["GET"]}}],"collection":[{"href":"https:\/\/blogs.ua.es\/invasionportugal\/wp-json\/wp\/v2\/pages"}],"about":[{"href":"https:\/\/blogs.ua.es\/invasionportugal\/wp-json\/wp\/v2\/types\/page"}],"author":[{"embeddable":true,"href":"https:\/\/blogs.ua.es\/invasionportugal\/wp-json\/wp\/v2\/users\/2187"}],"replies":[{"embeddable":true,"href":"https:\/\/blogs.ua.es\/invasionportugal\/wp-json\/wp\/v2\/comments?post=179"}],"version-history":[{"count":18,"href":"https:\/\/blogs.ua.es\/invasionportugal\/wp-json\/wp\/v2\/pages\/179\/revisions"}],"predecessor-version":[{"id":210,"href":"https:\/\/blogs.ua.es\/invasionportugal\/wp-json\/wp\/v2\/pages\/179\/revisions\/210"}],"wp:attachment":[{"href":"https:\/\/blogs.ua.es\/invasionportugal\/wp-json\/wp\/v2\/media?parent=179"}],"curies":[{"name":"wp","href":"https:\/\/api.w.org\/{rel}","templated":true}]}}