{"id":189,"date":"2012-01-12T10:41:17","date_gmt":"2012-01-12T10:41:17","guid":{"rendered":"https:\/\/blogs.ua.es\/invasionportugal\/?page_id=189"},"modified":"2012-01-13T13:12:32","modified_gmt":"2012-01-13T13:12:32","slug":"presentacion-del-blog-3","status":"publish","type":"page","link":"https:\/\/blogs.ua.es\/invasionportugal\/presentacion-del-blog-3\/","title":{"rendered":"Presentaci\u00f3n del Blog"},"content":{"rendered":"<p>Hola !<\/p>\n<p>La verdad , que la presentaci\u00f3n de este Blog voy a desarrollarla lo mas breve que pueda . He querido introducir todo lo que e podido pero lo e exprimido lo mas posible hasta el punto que sea legible y sobretodo que sea bien entendido .<\/p>\n<p>Mi tema es el de la Monarqu\u00eda Hisp\u00e1nica y Portuguesa , es un tema ampliamente extenso, y en el que necesitar\u00eda por los menos 4 Blogs mas para explicarla dete\u00f1idamente , pero e echo todo lo posible , por simplificarla lo mas que he podido .<\/p>\n<p>Todo este blog narra los comienzos de la monarqu\u00eda hisp\u00e1nica y portuguesa; en Espa\u00f1a , todos conocemos a los reyes cat\u00f3licos, pero &#8230; \u00bf qui\u00e9n estuvo gobernando Espa\u00f1a antes que ellos ? y &#8230; \u00bf mucho antes ?<\/p>\n<p>Pues bien , eso es lo que intentado narrar , e compuesto mi blog en \u00a0cuatro partes :<\/p>\n<p>Inicio : se relata la \u00e9poca de mayor explendor mon\u00e1rquico , y al margen de la derecha en las categor\u00eda pod\u00e9is observar en que se compone el Inicio .<\/p>\n<p>Desde el comienzo : como llegan las primeras jerarquias<\/p>\n<p>Edad Medieval : como aparecen ya los primeros reyes<\/p>\n<p>Edad Moderna: consolidacion de una Monarqu\u00eda<\/p>\n<p>Espero os sea \u00fatil y de gran ayuda !!!!<\/p>\n","protected":false},"excerpt":{"rendered":"<p>Hola ! La verdad , que la presentaci\u00f3n de este Blog voy a desarrollarla lo mas breve que pueda . He querido introducir todo lo que e podido pero lo e exprimido lo mas posible hasta el punto que sea &hellip; <a href=\"https:\/\/blogs.ua.es\/invasionportugal\/presentacion-del-blog-3\/\">Continue reading <span class=\"meta-nav\">&rarr;<\/span><\/a><\/p>\n","protected":false},"author":2187,"featured_media":0,"parent":0,"menu_order":0,"comment_status":"open","ping_status":"open","template":"","meta":{"footnotes":""},"class_list":["post-189","page","type-page","status-publish","hentry"],"_links":{"self":[{"href":"https:\/\/blogs.ua.es\/invasionportugal\/wp-json\/wp\/v2\/pages\/189","targetHints":{"allow":["GET"]}}],"collection":[{"href":"https:\/\/blogs.ua.es\/invasionportugal\/wp-json\/wp\/v2\/pages"}],"about":[{"href":"https:\/\/blogs.ua.es\/invasionportugal\/wp-json\/wp\/v2\/types\/page"}],"author":[{"embeddable":true,"href":"https:\/\/blogs.ua.es\/invasionportugal\/wp-json\/wp\/v2\/users\/2187"}],"replies":[{"embeddable":true,"href":"https:\/\/blogs.ua.es\/invasionportugal\/wp-json\/wp\/v2\/comments?post=189"}],"version-history":[{"count":5,"href":"https:\/\/blogs.ua.es\/invasionportugal\/wp-json\/wp\/v2\/pages\/189\/revisions"}],"predecessor-version":[{"id":314,"href":"https:\/\/blogs.ua.es\/invasionportugal\/wp-json\/wp\/v2\/pages\/189\/revisions\/314"}],"wp:attachment":[{"href":"https:\/\/blogs.ua.es\/invasionportugal\/wp-json\/wp\/v2\/media?parent=189"}],"curies":[{"name":"wp","href":"https:\/\/api.w.org\/{rel}","templated":true}]}}