{"id":147,"date":"2020-06-03T16:24:54","date_gmt":"2020-06-03T16:24:54","guid":{"rendered":"https:\/\/blogs.ua.es\/investigacionsociologicacovid\/?page_id=147"},"modified":"2020-06-03T16:55:08","modified_gmt":"2020-06-03T16:55:08","slug":"videos","status":"publish","type":"page","link":"https:\/\/blogs.ua.es\/investigacionsociologicacovid\/videos\/","title":{"rendered":"VIDEOS"},"content":{"rendered":"<p><strong>ROL SOCIAL<\/strong>. &#8211;<\/p>\n<p>En esta escena versionan la pel\u00edcula del show de truman en el cual se quedan sorprendidos al ver que sus vidas reales son una serie de televisi\u00f3n y en la explicaci\u00f3n que les dan queda muy claro la explicaci\u00f3n de la teor\u00eda del rol social ya que el argumento esta fundamentado en que ellos cumplen una funci\u00f3n social entreteniendo a la gente y haci\u00e9ndolas re\u00edr e hiperbolizan sus situaciones en la vida para que a la sociedad les parezca rid\u00edculo\/gracioso y afronte sus vidas desde un lado m\u00e1s optimista o menos pesimista<\/p>\n<p>-&gt; <strong>https:\/\/www.mitele.es\/series-online\/la-que-se-avecina\/temporada-8\/capitulo-100-40_1006361575484\/player\/<\/strong><\/p>\n<hr \/>\n<p><strong>SOLIDARIDAD MEC\u00c1NICA &#8211;\u00a0<\/strong><\/p>\n<p>Hemos elegido esta tipolog\u00eda de v\u00eddeos para representar la solidaridad ya que en esta \u00e9poca del a\u00f1o es donde los medios buscan que agrandar y limpiar su imagen inculcando a la gente que sea m\u00e1s solidaria, y en concreto este v\u00eddeo es muy representativo de la solidaridad mec\u00e1nica ya que como vemos podr\u00edamos hacer una comparaci\u00f3n de la f\u00e1brica como si fuera una sociedad en la que existe desigualdad y marginaci\u00f3n pero al fin y al cabo la &#8220;sociedad&#8221; es solidaria con los dem\u00e1s.<\/p>\n<p>https:\/\/youtu.be\/FdDwvmPof2E<\/p>\n<hr \/>\n<p><strong>FACTOR DE CAMBIO SOCIAL<\/strong><\/p>\n<p>Hemos elegido esta escena ya que Michael Jordan marc\u00f3 un antes y un despu\u00e9s en el mundo de deporte y el mundo en general creando una gran tendencia y admiraci\u00f3n hacia su persona tendiendo a divinizarlo como el dios del deporte y su m\u00e1ximo exponente de ah\u00ed a ese gran cambio que supuso para nike , para el mundo de la moda y para el mundo en general el lanzamiento de las air jordan las cuales la gente hac\u00eda grandes sacrificios e incluso locuras para obtener un par de esas zapatillas. Fue tal el cambio que supuso que hasta incluso hoy en d\u00eda siguen siendo tendencia llegando a alcanzar precios desorbitados por un par de zapatillas.<\/p>\n<p>Te adjuntamos 2 enlaces por si no tienes Netflix.<\/p>\n<p>https:\/\/www.netflix.com\/watch\/81002659?trackId=13752289&#038;tctx=0%2C2%2Cf90321ecea936c5820e9faa7a367071006e3f68a%3A537a00fcf5763bb610e09ea35222cdb81daa9f07%2C%2C%2C<\/p>\n<p>https:\/\/movidy.co\/series\/s79525-ver-el-ultimo-baile-online\/1&#215;5<\/p>\n","protected":false},"excerpt":{"rendered":"<p>ROL SOCIAL. &#8211; En esta escena versionan la pel\u00edcula del show de truman en el cual se quedan sorprendidos al ver que sus vidas reales son una serie de televisi\u00f3n y en la explicaci\u00f3n que les dan queda muy claro la explicaci\u00f3n de la teor\u00eda del rol social ya que el argumento esta fundamentado en [&hellip;]<\/p>\n","protected":false},"author":4417,"featured_media":0,"parent":0,"menu_order":8,"comment_status":"closed","ping_status":"closed","template":"","meta":{"footnotes":""},"class_list":["post-147","page","type-page","status-publish","hentry"],"_links":{"self":[{"href":"https:\/\/blogs.ua.es\/investigacionsociologicacovid\/wp-json\/wp\/v2\/pages\/147","targetHints":{"allow":["GET"]}}],"collection":[{"href":"https:\/\/blogs.ua.es\/investigacionsociologicacovid\/wp-json\/wp\/v2\/pages"}],"about":[{"href":"https:\/\/blogs.ua.es\/investigacionsociologicacovid\/wp-json\/wp\/v2\/types\/page"}],"author":[{"embeddable":true,"href":"https:\/\/blogs.ua.es\/investigacionsociologicacovid\/wp-json\/wp\/v2\/users\/4417"}],"replies":[{"embeddable":true,"href":"https:\/\/blogs.ua.es\/investigacionsociologicacovid\/wp-json\/wp\/v2\/comments?post=147"}],"version-history":[{"count":6,"href":"https:\/\/blogs.ua.es\/investigacionsociologicacovid\/wp-json\/wp\/v2\/pages\/147\/revisions"}],"predecessor-version":[{"id":158,"href":"https:\/\/blogs.ua.es\/investigacionsociologicacovid\/wp-json\/wp\/v2\/pages\/147\/revisions\/158"}],"wp:attachment":[{"href":"https:\/\/blogs.ua.es\/investigacionsociologicacovid\/wp-json\/wp\/v2\/media?parent=147"}],"curies":[{"name":"wp","href":"https:\/\/api.w.org\/{rel}","templated":true}]}}