{"id":2,"date":"2020-05-15T16:35:31","date_gmt":"2020-05-15T16:35:31","guid":{"rendered":"https:\/\/blogs.ua.es\/investigacionsociologicacovid\/?page_id=2"},"modified":"2020-06-03T16:26:42","modified_gmt":"2020-06-03T16:26:42","slug":"pagina-ejemplo","status":"publish","type":"page","link":"https:\/\/blogs.ua.es\/investigacionsociologicacovid\/pagina-ejemplo\/","title":{"rendered":"INFORMACI\u00d3N DEL COVID-19"},"content":{"rendered":"<div class=\"wTz7Vd PZPZlf\" data-attrid=\"kc:\/medicine\/disease:how it spreads\">\n<div>\n<div class=\"PZPZlf\">\n<div class=\"INGOOb\" data-hveid=\"CAEQAQ\" data-ved=\"2ahUKEwjx94yS-d3pAhXT5-AKHXBhDSwQqsIBKAAwSnoECAEQAQ\">La enfermedad por coronavirus (COVID 19) es una \u200eenfermedad infecciosa causada por un \u200ecoronavirus recientemente descubierto. \u200e<\/div>\n<\/div>\n<div>\n<div class=\"CfnCCf\"><\/div>\n<\/div>\n<div>\n<div class=\"CfnCCf\"><\/div>\n<\/div>\n<div>\n<div class=\"CfnCCf\"><\/div>\n<\/div>\n<div class=\"PZPZlf\">\n<div class=\"INGOOb\" data-hveid=\"CAEQAg\" data-ved=\"2ahUKEwjx94yS-d3pAhXT5-AKHXBhDSwQqsIBKAEwSnoECAEQAg\">La mayor\u00eda de las personas que enferman de \u200eCOVID 19 experimentan s\u00edntomas de leves a \u200emoderados y se recuperan sin tratamiento \u200eespecial. \u200e<\/div>\n<\/div>\n<\/div>\n<\/div>\n<div class=\"mEmEye\" data-attrid=\"kc:\/medicine\/disease:how it spreads\">\n<div>\n<div>\n<hr \/>\n<\/div>\n<div>\n<div class=\"CfnCCf\"><\/div>\n<\/div>\n<div class=\"PZPZlf\">\n<div class=\"O2TtKe\" role=\"heading\" data-hveid=\"CAEQAw\" data-ved=\"2ahUKEwjx94yS-d3pAhXT5-AKHXBhDSwQjb0BKAIwSnoECAEQAw\">C\u00d3MO SE PROPAGA<\/div>\n<\/div>\n<div>\n<div class=\"CfnCCf\"><\/div>\n<\/div>\n<div class=\"PZPZlf\">\n<div class=\"INGOOb\" data-hveid=\"CAEQBA\" data-ved=\"2ahUKEwjx94yS-d3pAhXT5-AKHXBhDSwQqsIBKAMwSnoECAEQBA\">El virus que causa la COVID\u201119 se transmite principalmente a trav\u00e9s de las got\u00edculas generadas cuando una persona infectada tose, estornuda o espira. Estas got\u00edculas son demasiado pesadas para permanecer suspendidas en el aire y caen r\u00e1pidamente sobre el suelo o las superficies.<\/div>\n<\/div>\n<div>\n<div class=\"CfnCCf\"><\/div>\n<\/div>\n<div class=\"PZPZlf\">\n<div class=\"INGOOb\" data-hveid=\"CAEQBQ\" data-ved=\"2ahUKEwjx94yS-d3pAhXT5-AKHXBhDSwQqsIBKAQwSnoECAEQBQ\">Usted puede infectarse al inhalar el virus si est\u00e1 cerca de una persona con COVID\u201119 o si, tras tocar una superficie contaminada, se toca los ojos, la nariz o la boca.<img loading=\"lazy\" decoding=\"async\" class=\"aligncenter size-full wp-image-151\" src=\"https:\/\/blogs.ua.es\/investigacionsociologicacovid\/files\/2020\/06\/CORONA-RESUTLADOS.jpg\" alt=\"\" width=\"449\" height=\"398\" srcset=\"https:\/\/blogs.ua.es\/investigacionsociologicacovid\/files\/2020\/06\/CORONA-RESUTLADOS.jpg 449w, https:\/\/blogs.ua.es\/investigacionsociologicacovid\/files\/2020\/06\/CORONA-RESUTLADOS-300x266.jpg 300w\" sizes=\"auto, (max-width: 449px) 100vw, 449px\" \/><\/div>\n<\/div>\n<\/div>\n<\/div>\n","protected":false},"excerpt":{"rendered":"<p>La enfermedad por coronavirus (COVID 19) es una \u200eenfermedad infecciosa causada por un \u200ecoronavirus recientemente descubierto. \u200e La mayor\u00eda de las personas que enferman de \u200eCOVID 19 experimentan s\u00edntomas de leves a \u200emoderados y se recuperan sin tratamiento \u200eespecial. \u200e C\u00d3MO SE PROPAGA El virus que causa la COVID\u201119 se transmite principalmente a trav\u00e9s de [&hellip;]<\/p>\n","protected":false},"author":4417,"featured_media":0,"parent":0,"menu_order":0,"comment_status":"closed","ping_status":"closed","template":"","meta":{"footnotes":""},"class_list":["post-2","page","type-page","status-publish","hentry"],"_links":{"self":[{"href":"https:\/\/blogs.ua.es\/investigacionsociologicacovid\/wp-json\/wp\/v2\/pages\/2","targetHints":{"allow":["GET"]}}],"collection":[{"href":"https:\/\/blogs.ua.es\/investigacionsociologicacovid\/wp-json\/wp\/v2\/pages"}],"about":[{"href":"https:\/\/blogs.ua.es\/investigacionsociologicacovid\/wp-json\/wp\/v2\/types\/page"}],"author":[{"embeddable":true,"href":"https:\/\/blogs.ua.es\/investigacionsociologicacovid\/wp-json\/wp\/v2\/users\/4417"}],"replies":[{"embeddable":true,"href":"https:\/\/blogs.ua.es\/investigacionsociologicacovid\/wp-json\/wp\/v2\/comments?post=2"}],"version-history":[{"count":5,"href":"https:\/\/blogs.ua.es\/investigacionsociologicacovid\/wp-json\/wp\/v2\/pages\/2\/revisions"}],"predecessor-version":[{"id":152,"href":"https:\/\/blogs.ua.es\/investigacionsociologicacovid\/wp-json\/wp\/v2\/pages\/2\/revisions\/152"}],"wp:attachment":[{"href":"https:\/\/blogs.ua.es\/investigacionsociologicacovid\/wp-json\/wp\/v2\/media?parent=2"}],"curies":[{"name":"wp","href":"https:\/\/api.w.org\/{rel}","templated":true}]}}