{"id":81,"date":"2011-11-20T19:05:43","date_gmt":"2011-11-20T19:05:43","guid":{"rendered":"https:\/\/blogs.ua.es\/iralyovina\/?page_id=81"},"modified":"2011-11-20T19:06:24","modified_gmt":"2011-11-20T19:06:24","slug":"arte-abstracto","status":"publish","type":"page","link":"https:\/\/blogs.ua.es\/iralyovina\/arte-abstracto\/","title":{"rendered":"Arte Abstracto"},"content":{"rendered":"<p><a href=\"https:\/\/blogs.ua.es\/iralyovina\/files\/2011\/11\/Kandinsky_la_primera_acuarela_abstracta.jpg\"><img loading=\"lazy\" decoding=\"async\" class=\"size-medium wp-image-83 aligncenter\" src=\"https:\/\/blogs.ua.es\/iralyovina\/files\/2011\/11\/Kandinsky_la_primera_acuarela_abstracta-300x230.jpg\" alt=\"\" width=\"300\" height=\"230\" srcset=\"https:\/\/blogs.ua.es\/iralyovina\/files\/2011\/11\/Kandinsky_la_primera_acuarela_abstracta-300x230.jpg 300w, https:\/\/blogs.ua.es\/iralyovina\/files\/2011\/11\/Kandinsky_la_primera_acuarela_abstracta-150x115.jpg 150w, https:\/\/blogs.ua.es\/iralyovina\/files\/2011\/11\/Kandinsky_la_primera_acuarela_abstracta.jpg 729w\" sizes=\"auto, (max-width: 300px) 100vw, 300px\" \/><\/a><\/p>\n<p style=\"text-align: justify\">Aparece en la primera mitad del siglo XX rechazando completamente cualquier reproducci\u00f3n de las formas reales del mundo visible. Abandona los principios y normas tradicionales, negando el realismo, y al mismo tiempo permaneciendo dentro del marco art\u00edstico. El surgimiento de la abstracci\u00f3n revolucion\u00f3 todo el mundo del arte y elev\u00f3 la creaci\u00f3n a otro nivel. Sus fundadores son Kandinsky, Mondrian y Malevich.<\/p>\n<p style=\"text-align: justify\">\u00a0El arte abstracto es el estilo que se caracteriza por una forma y \u00ednea muy simplificada, lo que hace muy dif\u00edcil de entender lo que muestran las obras. No hay que buscar el contenido espec\u00edfico. Si encuentra alg\u00fan elemento figurativo, se debe a una coincidencia. De lo contrario, lo que se ve, no ser\u00eda el arte abstracto.<\/p>\n<p style=\"text-align: justify\">La abstracci\u00f3n prescindi\u00f3 de los elementos figurativos y rompi\u00f3 radicalmente con la realidad para concentrar la fuerza expresiva en las formas y los colores. El arte abstracto es s\u00f3lo una l\u00ednea, un trazo o una gota de pintura. No hay perspectiva. Explicar el significado de la imagen s\u00f3lo puede el propio artista. Sin informaci\u00f3n adicional, el espectador no tiene el punto de apoyo para la comprensi\u00f3n de la obra.<\/p>\n<p style=\"text-align: justify\">El arte abstracto abre ante el espectador un inmenso mundo de imaginaci\u00f3n y plena libertad para interpretar la obra contemplada.<\/p>\n<p style=\"text-align: justify\">\n","protected":false},"excerpt":{"rendered":"<p>Aparece en la primera mitad del siglo XX rechazando completamente cualquier reproducci\u00f3n de las formas reales del mundo visible. Abandona los principios y normas tradicionales, negando el realismo, y al mismo tiempo permaneciendo dentro del marco art\u00edstico. El surgimiento de la abstracci\u00f3n revolucion\u00f3 todo el mundo del arte y elev\u00f3 la creaci\u00f3n a otro nivel. [&hellip;]<\/p>\n","protected":false},"author":2217,"featured_media":0,"parent":0,"menu_order":0,"comment_status":"open","ping_status":"open","template":"","meta":{"footnotes":""},"class_list":["post-81","page","type-page","status-publish","hentry"],"_links":{"self":[{"href":"https:\/\/blogs.ua.es\/iralyovina\/wp-json\/wp\/v2\/pages\/81","targetHints":{"allow":["GET"]}}],"collection":[{"href":"https:\/\/blogs.ua.es\/iralyovina\/wp-json\/wp\/v2\/pages"}],"about":[{"href":"https:\/\/blogs.ua.es\/iralyovina\/wp-json\/wp\/v2\/types\/page"}],"author":[{"embeddable":true,"href":"https:\/\/blogs.ua.es\/iralyovina\/wp-json\/wp\/v2\/users\/2217"}],"replies":[{"embeddable":true,"href":"https:\/\/blogs.ua.es\/iralyovina\/wp-json\/wp\/v2\/comments?post=81"}],"version-history":[{"count":5,"href":"https:\/\/blogs.ua.es\/iralyovina\/wp-json\/wp\/v2\/pages\/81\/revisions"}],"predecessor-version":[{"id":87,"href":"https:\/\/blogs.ua.es\/iralyovina\/wp-json\/wp\/v2\/pages\/81\/revisions\/87"}],"wp:attachment":[{"href":"https:\/\/blogs.ua.es\/iralyovina\/wp-json\/wp\/v2\/media?parent=81"}],"curies":[{"name":"wp","href":"https:\/\/api.w.org\/{rel}","templated":true}]}}