{"id":155,"date":"2013-01-27T20:59:32","date_gmt":"2013-01-27T20:59:32","guid":{"rendered":"https:\/\/blogs.ua.es\/ismaelmerlo\/?page_id=155"},"modified":"2013-01-27T20:59:32","modified_gmt":"2013-01-27T20:59:32","slug":"valoracion","status":"publish","type":"page","link":"https:\/\/blogs.ua.es\/ismaelmerlo\/valoracion\/","title":{"rendered":"Valorac\u00edon"},"content":{"rendered":"<p>Acontinuaci\u00f3n aqui daremos nuestra valoraci\u00f3n cr\u00edtica sobre este grand\u00edsmo actor.<\/p>\n<p>&#8220;Tengo la enfermedad que mat\u00f3 a David Niven: me estoy quedando chiquito, chiquitito&#8230;&#8221;: \u00e9sta era una de las \u00faltimas bromas de Ismael Merlo\u00a0 sobre s\u00ed mismo. Era un trabajador. Ismael Merlo acudi\u00f3\u00a0 el domingo al teatro Infanta Isabel sinti\u00e9ndose mal, hizo su trabajo . Muri\u00f3 solo, en la ba\u00f1era de su casa . Su papel en <em>Di\u00e1logo secret<\/em>o, de Buero Vallejo, hab\u00eda recibido los elogios un\u00e1nimes . Era una persona llena de sinceridad, de espontaneidad, de juego esc\u00e9nico lleno de sentidos, que ahora es dif\u00edcil de que haya otro como \u00e9l. Ismael Merlo era uno de esos raros actores que tienen el secreto de ser al mismo tiempo ellos, mismos y el personaje que interpretan. Tan \u00e9l mismo era siempre, que sus compa\u00f1eros recuerdan docenas de an\u00e9cdotas de sus bromas en escena, dichas muchas veces en tono brillante,\u00a0\u00a0 colocadas las frases de tal modo que nunca destrozaron una escena, ni una composici\u00f3n (en <em>La hija del capit\u00e1n<\/em>, de Valle-Incl\u00e1n, que terminaba con una ristra de vivas patri\u00f3ticos, a\u00f1adi\u00f3 un d\u00eda un &#8220;\u00edViva Adolfo Marsillach!&#8221;, que estaba en el patio de butacas).<\/p>\n<p>Esta personalidad anecd\u00f3tica perfila apenas unos rasgos humanos, una l\u00ednea de car\u00e1cter; pero es indudable que su talento esc\u00e9nico, ten\u00eda toda la seriedad necesaria. Una de las mejores interpretaciones que se recuerdan de Ismael Merlo fue en un papel ins\u00f3lito: la Bernarda Alba de Garc\u00eda Lorca, en la direcci\u00f3n de \u00c1ngel Facio. Sin un solo movimiento equ\u00edvoco,\u00a0 supo componer la figura r\u00edgida y dura de la madre implacable con unos toques esperp\u00e9nticos que no pens\u00f3 nunca el poeta, pero que, si permitieron toda clase de discusiones sobre la innovaci\u00f3n, no, dejaron nunca lugar a dudas sobre la capacidad de actuaci\u00f3n dram\u00e1tica del actor y su manera de transmitir la tragedia. Otro papel ins\u00f3lito fue mudo: en <em>El grit<\/em>o, de Fernando Qui\u00f1ones, donde todo el texto lo dec\u00eda Vicky Lagos, mientras \u00e9l, en el papel de un abuelo que yace, convaleciente y enmudecido, llevaba un brillante contrapunto de m\u00edmica, de gesto, de peque\u00f1as acciones tragic\u00f3micas. Son dos pruebas excepcionales para la raza de un actor que estaba en el escenario como pocas hab\u00edan sabido estar.<\/p>\n<p>Pod\u00eda ser una figura secundaria, como en <em>Petra Regalada,<\/em> de Antonio Gala, o el motor trepidante de una acci\u00f3n de <em>vodevi<\/em>l negro, como en <em>Lo que vio el mayordomo,<\/em> de, Joe Orton. Pod\u00eda hacer teatro menor, comedias que pasan sin pena ni gloria, o textos de grandes escritores; llevar compa\u00f1\u00eda propia o estar contratado; en todos los casos, nunca dej\u00f3 que su papel\u00a0 se hiciera r\u00edgido o dejara\u00a0 inseguridad: la vida la pon\u00eda \u00e9l mismo hasta cuando no estaba en el texto. Siempre alegraba el texto.<\/p>\n<p>Cuesta mucho trabajo pensar que este gran representante de lo que fue el teatro de actor ya no va a estar en un escenario. Fue un gran actor admirado por muchos compa\u00f1eros suyos.En sus trabajos que hizo se muestra lo gran profesional que era pero a la vez lo buen compa\u00f1ero que era. Como Ya se ha mencionado antes ,era bromista ,sincero y cari\u00f1oso,nunca teni\u00eda un mal gesto para nadie.<\/p>\n<p>Para finalizar queremos agradecer las molestias que se hayan tomado en ver nuestro blog y esperemos que dejen su cr\u00edtica sobre algunas de las obras,series\u00a0 o pel\u00edculas que hemos expuesto.<\/p>\n<p>Un saludo de Jonnatan y Daniel.<\/p>\n","protected":false},"excerpt":{"rendered":"<p>Acontinuaci\u00f3n aqui daremos nuestra valoraci\u00f3n cr\u00edtica sobre este grand\u00edsmo actor. &#8220;Tengo la enfermedad que mat\u00f3 a David Niven: me estoy quedando chiquito, chiquitito&#8230;&#8221;: \u00e9sta era una de las \u00faltimas bromas de Ismael Merlo\u00a0 sobre s\u00ed mismo. Era un trabajador. Ismael Merlo acudi\u00f3\u00a0 el domingo al teatro Infanta Isabel sinti\u00e9ndose mal, hizo su trabajo . Muri\u00f3 [&hellip;]<\/p>\n","protected":false},"author":2895,"featured_media":0,"parent":0,"menu_order":0,"comment_status":"open","ping_status":"open","template":"","meta":{"footnotes":""},"class_list":["post-155","page","type-page","status-publish","hentry"],"_links":{"self":[{"href":"https:\/\/blogs.ua.es\/ismaelmerlo\/wp-json\/wp\/v2\/pages\/155","targetHints":{"allow":["GET"]}}],"collection":[{"href":"https:\/\/blogs.ua.es\/ismaelmerlo\/wp-json\/wp\/v2\/pages"}],"about":[{"href":"https:\/\/blogs.ua.es\/ismaelmerlo\/wp-json\/wp\/v2\/types\/page"}],"author":[{"embeddable":true,"href":"https:\/\/blogs.ua.es\/ismaelmerlo\/wp-json\/wp\/v2\/users\/2895"}],"replies":[{"embeddable":true,"href":"https:\/\/blogs.ua.es\/ismaelmerlo\/wp-json\/wp\/v2\/comments?post=155"}],"version-history":[{"count":1,"href":"https:\/\/blogs.ua.es\/ismaelmerlo\/wp-json\/wp\/v2\/pages\/155\/revisions"}],"predecessor-version":[{"id":156,"href":"https:\/\/blogs.ua.es\/ismaelmerlo\/wp-json\/wp\/v2\/pages\/155\/revisions\/156"}],"wp:attachment":[{"href":"https:\/\/blogs.ua.es\/ismaelmerlo\/wp-json\/wp\/v2\/media?parent=155"}],"curies":[{"name":"wp","href":"https:\/\/api.w.org\/{rel}","templated":true}]}}