{"id":22,"date":"2013-01-17T19:22:42","date_gmt":"2013-01-17T19:22:42","guid":{"rendered":"https:\/\/blogs.ua.es\/ismaelmerlo\/?page_id=22"},"modified":"2013-01-27T20:23:32","modified_gmt":"2013-01-27T20:23:32","slug":"metodologia","status":"publish","type":"page","link":"https:\/\/blogs.ua.es\/ismaelmerlo\/metodologia\/","title":{"rendered":"Metodolog\u00eda"},"content":{"rendered":"<p>La\u00a0metodolog\u00eda\u00a0empleada para la\u00a0realizaci\u00f3n\u00a0del blog ha sido la siguiente:<\/p>\n<p>Para comenzar, buscamos en distintas paginas de internet\u00a0 informaci\u00f3n\u00a0 sobre \u00a0la tem\u00e1tica de nuestro blog, con la finalidad de encontrar y desarrollar una breve lista de las mejores \u00a0pel\u00edculas, obras de teatro y series \u00a0de televisi\u00f3n. Hemos investigado en p\u00e1ginas especializadas en actores espa\u00f1oles, y\u00a0pel\u00edculas\u00a0y obras de teatro espa\u00f1ola. A\u00a0continuaci\u00f3n\u00a0miramos cuales fueron los trabajos m\u00e1s reconocidos del actor en\u00a0cuesti\u00f3n a (Ismael Merlo) y su dilatada trayectoria tanto en cine, como en el\u00a0 teatro o la televisi\u00f3n.<\/p>\n<p>Una vez recopilados los materiales, hemos realizada una correcto an\u00e1lisis de sus obras teatrales,series de televisi\u00f3n y sus pel\u00edculasy destacamos el premio que consigui\u00f3, y una\u00a0biograf\u00eda\u00a0explicativa de lo que fue la vida de esta famoso actor espa\u00f1ol (Ismael Merlo)\u00a0 para poder dejar en las entradas un comentario cr\u00edtico adem\u00e1s de elaborar una sinopsis sobre su contenido.<\/p>\n<p>En cuanto a las referencias seguimos la norma ISO, con respecto a la referencia de pel\u00edculas. Los pasos a seguir en las referencias han sido los\u00a0 apuntes aportados por el profesor, que\u00a0 han servido de gran ayuda para elaborarlcorrectamente este blog.<\/p>\n<p>&nbsp;<\/p>\n<p>&nbsp;<\/p>\n","protected":false},"excerpt":{"rendered":"<p>La\u00a0metodolog\u00eda\u00a0empleada para la\u00a0realizaci\u00f3n\u00a0del blog ha sido la siguiente: Para comenzar, buscamos en distintas paginas de internet\u00a0 informaci\u00f3n\u00a0 sobre \u00a0la tem\u00e1tica de nuestro blog, con la finalidad de encontrar y desarrollar una breve lista de las mejores \u00a0pel\u00edculas, obras de teatro y series \u00a0de televisi\u00f3n. Hemos investigado en p\u00e1ginas especializadas en actores espa\u00f1oles, y\u00a0pel\u00edculas\u00a0y obras de [&hellip;]<\/p>\n","protected":false},"author":2895,"featured_media":0,"parent":0,"menu_order":0,"comment_status":"open","ping_status":"open","template":"","meta":{"footnotes":""},"class_list":["post-22","page","type-page","status-publish","hentry"],"_links":{"self":[{"href":"https:\/\/blogs.ua.es\/ismaelmerlo\/wp-json\/wp\/v2\/pages\/22","targetHints":{"allow":["GET"]}}],"collection":[{"href":"https:\/\/blogs.ua.es\/ismaelmerlo\/wp-json\/wp\/v2\/pages"}],"about":[{"href":"https:\/\/blogs.ua.es\/ismaelmerlo\/wp-json\/wp\/v2\/types\/page"}],"author":[{"embeddable":true,"href":"https:\/\/blogs.ua.es\/ismaelmerlo\/wp-json\/wp\/v2\/users\/2895"}],"replies":[{"embeddable":true,"href":"https:\/\/blogs.ua.es\/ismaelmerlo\/wp-json\/wp\/v2\/comments?post=22"}],"version-history":[{"count":4,"href":"https:\/\/blogs.ua.es\/ismaelmerlo\/wp-json\/wp\/v2\/pages\/22\/revisions"}],"predecessor-version":[{"id":133,"href":"https:\/\/blogs.ua.es\/ismaelmerlo\/wp-json\/wp\/v2\/pages\/22\/revisions\/133"}],"wp:attachment":[{"href":"https:\/\/blogs.ua.es\/ismaelmerlo\/wp-json\/wp\/v2\/media?parent=22"}],"curies":[{"name":"wp","href":"https:\/\/api.w.org\/{rel}","templated":true}]}}