{"id":24,"date":"2013-01-17T19:24:01","date_gmt":"2013-01-17T19:24:01","guid":{"rendered":"https:\/\/blogs.ua.es\/ismaelmerlo\/?page_id=24"},"modified":"2013-01-27T21:03:57","modified_gmt":"2013-01-27T21:03:57","slug":"descripcion","status":"publish","type":"page","link":"https:\/\/blogs.ua.es\/ismaelmerlo\/descripcion\/","title":{"rendered":"Descripci\u00f3n"},"content":{"rendered":"<div>\n<p>Ismael Merlo Piquer naci\u00f3 el 1 de septiembre de 1918 \u00a0y\u00a0muri\u00f3\u00a0el 10 de septiembre de 1984 en Madrid. Fue una actor de\u00a0cine\u00a0y de teatro\u00a0de gran\u00a0prestigio.\u00a0Naci\u00f3\u00a0en el seno de una familia de artistas. Sus padres era Abelardo Merlo y Amparo Piquer.<\/p>\n<p>Su primera\u00a0actuaci\u00f3n\u00a0teatral fue en 1934 en el teatro Ruzafa de Valencia con la obra &#8221; La vuelta al mundo en 80 d\u00edas&#8221;. Debut\u00f3 en el cine 1941 con la\u00a0pel\u00edcula\u00a0\u201dpoliz\u00f3n\u00a0a bordo\u201d ademas intervino en otros 6\u00a0t\u00edtulos. En 1943 regresa al teatro en las que interpreta obras como <em>&#8220;La vida en un bloc&#8221;<\/em> ;<em>&#8220;Ninette y un se\u00f1or de Murcia&#8221;<\/em>.. y m\u00e1s. Con la llegada de la\u00a0televisi\u00f3n\u00a0en Espa\u00f1a, en 1956, se integro en la\u00a0plantilla\u00a0de actores de\u00a0televisi\u00f3n\u00a0espa\u00f1ola y particip\u00f3 en series como <em>&#8221; El se\u00f1or Villanueva y su gente&#8221;<\/em>. Su carrera\u00a0cinematogr\u00e1fica\u00a0no fue tan exitosa como el teatro y la\u00a0televisi\u00f3n.<\/p>\n<p>En su vida familiar , transmiti\u00f3 la tradici\u00f3n art\u00edstica familiar, con su hija Mar\u00eda Luisa Merlo naci\u00f3 de su primer\u00a0 matrimonio con Mar\u00eda Luisa Colomina, con la que se cas\u00f3 en 1940 y sus nietos son Amparo Larra\u00f1aga se dedico a la interpretaci\u00f3n como en obras\u00a0 de <em>&#8221; Bajarse al moro-1985&#8243;<\/em> y\u00a0 Luis Merlo que trabaja en series muy conocidas\u00a0 como <em>&#8220;Aqui no hay quien viva&#8221;<\/em> .<\/p>\n<p>Se cas\u00f3 por segunda vez\u00a0 con la actriz Vicky lagos su obra m\u00e1s\u00a0 improtante y la que le hizo despegar\u00a0 fu\u00e9 <em>&#8221; Te espero en el Eslava&#8221;<\/em> , y de este matrimonio tuvieron un hijo llamado David.<\/p>\n<p>&nbsp;<\/p>\n<p>Peri\u00f3dico: El Pa\u00eds.Espa\u00f1a.1984<\/p>\n<p>El actor Ismael Merlo, era \u00a0&#8220;un liberal tirando a rojo&#8221;, como \u00e9l mismo se defini\u00f3, falleci\u00f3 a las 10.15 horas de ayer en su domicilio de Madrid, de un infarto de miocardio, pocas horas despu\u00e9s de que se bajara el tel\u00f3n del teatro Infanta Isabel, donde interven\u00eda en Di\u00e1logo secreto, la \u00faltima obra de Buero Vallejo. Fue en el mismo teatro, en el que han quedado suspendidas las representaciones, donde inici\u00f3 su vida profesional, que se prolong\u00f3 durante 50 a\u00f1os. Carlos Lemos, protagonista de Di\u00e1logo secreto, dijo que Ismael Merlo se encontr\u00f3 el domingo mal. &#8220;Le vi pr\u00e1cticamente muerto -agreg\u00f3- y por eso al terminar ped\u00ed a otro actor Manuel Tejada, que le acompa\u00f1ara a su domicilio&#8221;. Merlo, miembro de una gran familia de actores, ten\u00eda 66 a\u00f1os de edad .Con Ismael Merlo desaparece uno de los \u00faltimos grandes del teatro de acto.<\/p>\n<p>&nbsp;<\/p>\n<p>&nbsp;<\/p>\n<p><img loading=\"lazy\" decoding=\"async\" class=\"aligncenter\" src=\"http:\/\/www.nuestrocine.com\/fotos\/462.jpg\" alt=\"http:\/\/www.nuestrocine.com\/fotos\/462.jpg\" width=\"171\" height=\"231\" \/><\/p>\n<\/div>\n","protected":false},"excerpt":{"rendered":"<p>Ismael Merlo Piquer naci\u00f3 el 1 de septiembre de 1918 \u00a0y\u00a0muri\u00f3\u00a0el 10 de septiembre de 1984 en Madrid. Fue una actor de\u00a0cine\u00a0y de teatro\u00a0de gran\u00a0prestigio.\u00a0Naci\u00f3\u00a0en el seno de una familia de artistas. Sus padres era Abelardo Merlo y Amparo Piquer. Su primera\u00a0actuaci\u00f3n\u00a0teatral fue en 1934 en el teatro Ruzafa de Valencia con la obra &#8221; [&hellip;]<\/p>\n","protected":false},"author":2895,"featured_media":0,"parent":0,"menu_order":0,"comment_status":"open","ping_status":"open","template":"","meta":{"footnotes":""},"class_list":["post-24","page","type-page","status-publish","hentry"],"_links":{"self":[{"href":"https:\/\/blogs.ua.es\/ismaelmerlo\/wp-json\/wp\/v2\/pages\/24","targetHints":{"allow":["GET"]}}],"collection":[{"href":"https:\/\/blogs.ua.es\/ismaelmerlo\/wp-json\/wp\/v2\/pages"}],"about":[{"href":"https:\/\/blogs.ua.es\/ismaelmerlo\/wp-json\/wp\/v2\/types\/page"}],"author":[{"embeddable":true,"href":"https:\/\/blogs.ua.es\/ismaelmerlo\/wp-json\/wp\/v2\/users\/2895"}],"replies":[{"embeddable":true,"href":"https:\/\/blogs.ua.es\/ismaelmerlo\/wp-json\/wp\/v2\/comments?post=24"}],"version-history":[{"count":7,"href":"https:\/\/blogs.ua.es\/ismaelmerlo\/wp-json\/wp\/v2\/pages\/24\/revisions"}],"predecessor-version":[{"id":158,"href":"https:\/\/blogs.ua.es\/ismaelmerlo\/wp-json\/wp\/v2\/pages\/24\/revisions\/158"}],"wp:attachment":[{"href":"https:\/\/blogs.ua.es\/ismaelmerlo\/wp-json\/wp\/v2\/media?parent=24"}],"curies":[{"name":"wp","href":"https:\/\/api.w.org\/{rel}","templated":true}]}}