{"id":26,"date":"2013-01-17T19:24:39","date_gmt":"2013-01-17T19:24:39","guid":{"rendered":"https:\/\/blogs.ua.es\/ismaelmerlo\/?page_id=26"},"modified":"2013-01-27T20:36:23","modified_gmt":"2013-01-27T20:36:23","slug":"fuentes","status":"publish","type":"page","link":"https:\/\/blogs.ua.es\/ismaelmerlo\/fuentes\/","title":{"rendered":"Fuentes"},"content":{"rendered":"<p>Las\u00a0fuentes\u00a0consultadas para la\u00a0realizaci\u00f3n\u00a0de este blog fueron las siguientes:<\/p>\n<p>&nbsp;<\/p>\n<p>Para buscar sus pel\u00edculas , hallar su director , su poductora , el a\u00f1o de la pel\u00edcula, el pa\u00eds d\u00f3nde fue echo y su sipnosis lo hemos hallado en :<\/p>\n<p>http:\/\/www.filmaffinity.com\/es\/main.html<\/p>\n<p>http:\/\/www.imdb.es\/name\/nm0581042\/<\/p>\n<div><\/div>\n<div>En este enlace mayormente lo hemos usado para descubrir su biograf\u00eda .<\/div>\n<div><\/div>\n<div><\/div>\n<div>\u00a0http:\/\/www.famososvalencianos.com\/ismael-merlo\/<\/div>\n<div><\/div>\n<div><\/div>\n<div>Esta fuente la usamos para destacar la noticia de su muerte y tambien sirve como biograf\u00eda.<\/div>\n<div><\/div>\n<div><\/div>\n<div>http:\/\/elpais.com\/diario\/1984\/09\/11\/cultura\/463701610_850215.html<\/div>\n<div><\/div>\n<div><\/div>\n<div>Tambi\u00e9n est\u00e1n las fuentes de informaci\u00f3n del material complementario que podamos tener a\u00a0 disposici\u00f3n , como: carteles, trailers.<br \/>\nPara concluir nuestro blog\u00a0 hemos elaborado en cada entrada una breve rese\u00f1a de la pel\u00edcula,la obra de teatro o las series de televisi\u00f3n, asi como una critica propia .<\/div>\n","protected":false},"excerpt":{"rendered":"<p>Las\u00a0fuentes\u00a0consultadas para la\u00a0realizaci\u00f3n\u00a0de este blog fueron las siguientes: &nbsp; Para buscar sus pel\u00edculas , hallar su director , su poductora , el a\u00f1o de la pel\u00edcula, el pa\u00eds d\u00f3nde fue echo y su sipnosis lo hemos hallado en : http:\/\/www.filmaffinity.com\/es\/main.html http:\/\/www.imdb.es\/name\/nm0581042\/ En este enlace mayormente lo hemos usado para descubrir su biograf\u00eda . \u00a0http:\/\/www.famososvalencianos.com\/ismael-merlo\/ Esta [&hellip;]<\/p>\n","protected":false},"author":2895,"featured_media":0,"parent":0,"menu_order":0,"comment_status":"open","ping_status":"open","template":"","meta":{"footnotes":""},"class_list":["post-26","page","type-page","status-publish","hentry"],"_links":{"self":[{"href":"https:\/\/blogs.ua.es\/ismaelmerlo\/wp-json\/wp\/v2\/pages\/26","targetHints":{"allow":["GET"]}}],"collection":[{"href":"https:\/\/blogs.ua.es\/ismaelmerlo\/wp-json\/wp\/v2\/pages"}],"about":[{"href":"https:\/\/blogs.ua.es\/ismaelmerlo\/wp-json\/wp\/v2\/types\/page"}],"author":[{"embeddable":true,"href":"https:\/\/blogs.ua.es\/ismaelmerlo\/wp-json\/wp\/v2\/users\/2895"}],"replies":[{"embeddable":true,"href":"https:\/\/blogs.ua.es\/ismaelmerlo\/wp-json\/wp\/v2\/comments?post=26"}],"version-history":[{"count":6,"href":"https:\/\/blogs.ua.es\/ismaelmerlo\/wp-json\/wp\/v2\/pages\/26\/revisions"}],"predecessor-version":[{"id":148,"href":"https:\/\/blogs.ua.es\/ismaelmerlo\/wp-json\/wp\/v2\/pages\/26\/revisions\/148"}],"wp:attachment":[{"href":"https:\/\/blogs.ua.es\/ismaelmerlo\/wp-json\/wp\/v2\/media?parent=26"}],"curies":[{"name":"wp","href":"https:\/\/api.w.org\/{rel}","templated":true}]}}