{"id":8,"date":"2011-03-11T10:15:26","date_gmt":"2011-03-11T10:15:26","guid":{"rendered":"https:\/\/blogs.ua.es\/italiadoxa\/"},"modified":"2015-05-20T08:35:10","modified_gmt":"2015-05-20T08:35:10","slug":"responsable-del-blog","status":"publish","type":"page","link":"https:\/\/blogs.ua.es\/italiadoxa\/responsable-del-blog\/","title":{"rendered":"Responsable del blog"},"content":{"rendered":"<p><strong>Coordinador del nodo<\/strong>: Fabrizio Mastromartino<\/p>\n<p>Fabrizio Mastromartino es Profesor ayudante de Filosof\u00eda del derecho en el Departamento de Giurisprudenza de la Universit\u00e0 Roma 3. Es especialista en Argumentaci\u00f3n juridica (Alicante, 2010), doctor en Filosof\u00eda analitica y teor\u00eda general del derecho (Universit\u00e0 Statale di Milano, 2008) y master en Instituciones parlamentarias (Universit\u00e0 di Roma &#8220;La Sapienza, 2015). Ha publicado los libros <em>Il diritto di asilo. Teoria e storia di un istituto giuridico controverso<\/em> (Giappichelli, 2012), <em>Il matrimonio conteso. Le unioni omosessuali davanti ai giudici delle leggi<\/em> (Editoriale scientifica, 2013) y ha editado <em>Per la libert\u00e0 di espressione. Un\u2019antologia filosofica da Milton a Mill<\/em> (e-book Giappichelli, 2012).<\/p>\n<p><strong>Colaboradoras<\/strong>: Maria Giulia Bernardini, Paola Parolari.<\/p>\n<p>Maria Giulia Bernardini, es Investigadora postdoctoral en Filosof\u00eda del Derecho en el Departamento de Giurisprudenza de la Universit\u00e0 di Ferrara y Doctora en &#8220;Derechos humanos: evoluci\u00f3n, protecci\u00f3n y l\u00edmites&#8221; (Universit\u00e0 di Palermo, 2014). En particular, se ocupa de <em>disability<\/em> y <em>women\u2019s studies<\/em>. Entre sus publicaciones: <em>Corpi esibiti, corpi celati, corpi negati<\/em> (\u00abRagion Pratica\u00bb, 37, 2011); Freak. <em>Corpi, menti e indipendenza nella prospettiva dei<\/em> Feminist Disability Studies, in O. Giolo, L. Re (ed.), <em>La soggettivit\u00e0 politica delle donne. Proposte per un lessico critico<\/em> (Aracne, 2014); <em>Il \u00abparametro mobile\u00bb. Note sul rapporto tra eguaglianza e differenza <\/em>(con Orsetta Giolo, \u00abFilosofia Politica\u00bb, 3, 2014).<\/p>\n<p>Paola Parolari es titular de beca de investigaci\u00f3n postdoctoral en Filosof\u00eda del derecho por el Departamento de Jurisprudencia de la Universit\u00e0 degli Studi di Brescia. Doctora en \u201cDiritti umani: evoluzione, tutela e limiti\u201d en la Universit\u00e0 degli Studi di Palermo. Sus temas de investigaci\u00f3n incluyen derechos fundamentales y diversidad cultural, interseccionalidad y identidad, multiculturalismo y pluralismo juridico, delitos culturalmente motivados, estudios de g\u00e9nero. Ha editado con Tecla Mazzarese <em>Diritti fondamentali. Le nuove sfide<\/em>, Torino, Giappichelli, 2010. Entre sus otras publicaci\u00f3nes: <em>Velo integrale e rispetto per le differenze nella giurisprudenza della Corte europea dei diritti umani: il caso SAS. c. Francia<\/em> (en \u201cDiritti umani e diritto internazionale\u201d, 2015); <em>Identit\u00e0, transdifferenza, intersezionalit\u00e0: (con)vivere da eguali nella diversit\u00e0<\/em> (en \u201cRivista di filosofia del diritto\u201d, 2014); <em>La violenza contro le donne come questione (trans)culturale. Osservazioni sulla Convenzione di Istanbul<\/em> (en \u201cDiritto &amp; Questioni Pubbliche\u201d, 2014); <em>Reati culturalmente motivati. Un\u2019altra sfida del multiculturalismo ai diritti fondamentali<\/em> (en \u201cRagion pratica\u201d, 2008).<\/p>\n","protected":false},"excerpt":{"rendered":"<p>Coordinador del nodo: Fabrizio Mastromartino Fabrizio Mastromartino es Profesor ayudante de Filosof\u00eda del derecho en el Departamento de Giurisprudenza de la Universit\u00e0 Roma 3. Es especialista en Argumentaci\u00f3n juridica (Alicante, 2010), doctor en Filosof\u00eda analitica y teor\u00eda general del derecho (Universit\u00e0 Statale di Milano, 2008) y master en Instituciones parlamentarias (Universit\u00e0 di Roma &#8220;La Sapienza, [&hellip;]<\/p>\n","protected":false},"author":1720,"featured_media":0,"parent":0,"menu_order":0,"comment_status":"closed","ping_status":"closed","template":"","meta":{"footnotes":""},"class_list":["post-8","page","type-page","status-publish","hentry"],"_links":{"self":[{"href":"https:\/\/blogs.ua.es\/italiadoxa\/wp-json\/wp\/v2\/pages\/8","targetHints":{"allow":["GET"]}}],"collection":[{"href":"https:\/\/blogs.ua.es\/italiadoxa\/wp-json\/wp\/v2\/pages"}],"about":[{"href":"https:\/\/blogs.ua.es\/italiadoxa\/wp-json\/wp\/v2\/types\/page"}],"author":[{"embeddable":true,"href":"https:\/\/blogs.ua.es\/italiadoxa\/wp-json\/wp\/v2\/users\/1720"}],"replies":[{"embeddable":true,"href":"https:\/\/blogs.ua.es\/italiadoxa\/wp-json\/wp\/v2\/comments?post=8"}],"version-history":[{"count":7,"href":"https:\/\/blogs.ua.es\/italiadoxa\/wp-json\/wp\/v2\/pages\/8\/revisions"}],"predecessor-version":[{"id":22,"href":"https:\/\/blogs.ua.es\/italiadoxa\/wp-json\/wp\/v2\/pages\/8\/revisions\/22"}],"wp:attachment":[{"href":"https:\/\/blogs.ua.es\/italiadoxa\/wp-json\/wp\/v2\/media?parent=8"}],"curies":[{"name":"wp","href":"https:\/\/api.w.org\/{rel}","templated":true}]}}