{"id":171,"date":"2013-01-17T17:49:31","date_gmt":"2013-01-17T16:49:31","guid":{"rendered":"https:\/\/blogs.ua.es\/italiasiglosxvyxvi\/?page_id=171"},"modified":"2013-01-17T22:05:27","modified_gmt":"2013-01-17T21:05:27","slug":"cronologia","status":"publish","type":"page","link":"https:\/\/blogs.ua.es\/italiasiglosxvyxvi\/cronologia\/","title":{"rendered":"Cronolog\u00eda"},"content":{"rendered":"<p>Aparici\u00f3n en\u00a0<strong>1348<\/strong>\u00a0de la Peste Negra.<\/p>\n<p><em>Mezzadria,\u00a0<\/em>de cara al\u00a0<strong>siglo XVI<\/strong>.<\/p>\n<p>Repoblaci\u00f3n y afianzamiento de los principales estados, a finales del\u00a0<strong>siglo XV<\/strong>.<\/p>\n<p>Venecia, gran potencia del\u00a0<strong>siglo XV<\/strong>.<\/p>\n<p><strong>Siglo XV<\/strong>, construcci\u00f3n del Estado Moderno.<\/p>\n<p>Presencia de los medios monetarios a\u00a0<strong>finales del siglo XV.<\/strong><\/p>\n<p>Imprenta, m\u00e9todos de la metalurgia, fabricaci\u00f3n de vidrio blanco, construcci\u00f3n naval; <strong>siglo XVI<\/strong>.<\/p>\n<p>Aumento de la riqueza econ\u00f3mica, durante el <strong>siglo XVI<\/strong>.<\/p>\n<p>Caracter revolucionario de la transici\u00f3n de <strong>finales del siglo XV al XVI.<\/strong><\/p>\n<p>Valoralizaci\u00f3n del hombre, durante ya <strong>entrado el siglo XVI<\/strong>.<\/p>\n<p><strong>Finales del siglo XV<\/strong>, divorcio de la fe y la raz\u00f3n.<\/p>\n<p>Humanistas italianos de<strong> finales del siglo XV y principios del XVI<\/strong>, como Landino, Policiano y sobre todo Pico della Mirandola.<\/p>\n<p><strong>Siglo XV<\/strong> la implantaci\u00f3n de los grandes temas y los grandes medios del arte del Renacimiento.<\/p>\n<p>Venecia a <strong>finales del siglo XV<\/strong>, se convierte en el foco\u00a0art\u00edstico\u00a0de la Italia.<\/p>\n<p>A <strong>mediados del siglo XVI<\/strong>, el dinamismo creador a las crispaciones de las ortodoxias.<\/p>\n<p>A <strong>comienzos del siglo XVI<\/strong>, existencia de cuatro flotas de guerra.<\/p>\n<p>Barroco,\u00a0<strong>\u00faltimos\u00a0decenios del siglo XVI<\/strong>.<\/p>\n<p>Malestar real:<\/p>\n<p><strong>1563<\/strong>&#8211; Montes de Calabria<\/p>\n<p><strong>1589<\/strong>&#8211; Ducado de Piombino<\/p>\n<p><strong>1599<\/strong>&#8211; Calabria<\/p>\n<p>&nbsp;<\/p>\n<p>Uni\u00f3n de Venecia y Mil\u00e1n en <strong>1572.<\/strong><\/p>\n<p>Cese del bandolerismo, <strong>1593<\/strong>.<\/p>\n<p>&nbsp;<\/p>\n<p>&nbsp;<\/p>\n<p>&nbsp;<\/p>\n","protected":false},"excerpt":{"rendered":"<p>Aparici\u00f3n en\u00a01348\u00a0de la Peste Negra. Mezzadria,\u00a0de cara al\u00a0siglo XVI. Repoblaci\u00f3n y afianzamiento de los principales estados, a finales del\u00a0siglo XV. Venecia, gran potencia del\u00a0siglo XV. Siglo XV, construcci\u00f3n del Estado Moderno. Presencia de los medios monetarios a\u00a0finales del siglo XV. Imprenta, m\u00e9todos de la metalurgia, fabricaci\u00f3n de vidrio blanco, construcci\u00f3n naval; siglo XVI. Aumento de [&hellip;]<\/p>\n","protected":false},"author":936,"featured_media":0,"parent":0,"menu_order":0,"comment_status":"open","ping_status":"open","template":"","meta":{"footnotes":""},"class_list":["post-171","page","type-page","status-publish","hentry"],"_links":{"self":[{"href":"https:\/\/blogs.ua.es\/italiasiglosxvyxvi\/wp-json\/wp\/v2\/pages\/171","targetHints":{"allow":["GET"]}}],"collection":[{"href":"https:\/\/blogs.ua.es\/italiasiglosxvyxvi\/wp-json\/wp\/v2\/pages"}],"about":[{"href":"https:\/\/blogs.ua.es\/italiasiglosxvyxvi\/wp-json\/wp\/v2\/types\/page"}],"author":[{"embeddable":true,"href":"https:\/\/blogs.ua.es\/italiasiglosxvyxvi\/wp-json\/wp\/v2\/users\/936"}],"replies":[{"embeddable":true,"href":"https:\/\/blogs.ua.es\/italiasiglosxvyxvi\/wp-json\/wp\/v2\/comments?post=171"}],"version-history":[{"count":3,"href":"https:\/\/blogs.ua.es\/italiasiglosxvyxvi\/wp-json\/wp\/v2\/pages\/171\/revisions"}],"predecessor-version":[{"id":178,"href":"https:\/\/blogs.ua.es\/italiasiglosxvyxvi\/wp-json\/wp\/v2\/pages\/171\/revisions\/178"}],"wp:attachment":[{"href":"https:\/\/blogs.ua.es\/italiasiglosxvyxvi\/wp-json\/wp\/v2\/media?parent=171"}],"curies":[{"name":"wp","href":"https:\/\/api.w.org\/{rel}","templated":true}]}}