{"id":173,"date":"2013-01-17T17:50:04","date_gmt":"2013-01-17T16:50:04","guid":{"rendered":"https:\/\/blogs.ua.es\/italiasiglosxvyxvi\/?page_id=173"},"modified":"2013-01-17T21:38:23","modified_gmt":"2013-01-17T20:38:23","slug":"bibliografia","status":"publish","type":"page","link":"https:\/\/blogs.ua.es\/italiasiglosxvyxvi\/bibliografia\/","title":{"rendered":"Bibliograf\u00eda"},"content":{"rendered":"<p><span style=\"line-height: 13px\"><br \/>\n<\/span><\/p>\n<ul>\n<li><span style=\"line-height: 13px\">Garin, Eugenio. <em><strong>Ciencia y vida civil en el Renacimiento italiano<\/strong><\/em>. Ed. Taurus, 1982.<\/span><\/li>\n<\/ul>\n<ul>\n<li><span style=\"line-height: 13px\">Hale, J.R. <em><strong>Enciclopedia del Renacimiento italiano<\/strong><\/em>. Ed. Alianza, 1984.<\/span><\/li>\n<\/ul>\n<ul>\n<li><span style=\"line-height: 13px\">Kristeller, Paul Oskar. <em><strong>Ocho fil\u00f3sofos del Renacimiento italiano<\/strong><\/em>. Ed. Fondo de Cultura Econ\u00f3mica, 1970.<\/span><\/li>\n<\/ul>\n<ul>\n<li><span style=\"line-height: 13px\">Burke, Peter. <em><strong>El Renacimiento italiano: cultura y sociedad en Italia<\/strong><\/em>. Ed. Alianza, 1993.\u00a0<\/span><\/li>\n<\/ul>\n<ul>\n<li><span style=\"line-height: 13px\">Boisset, Jean-Fran\u00e7ois. <em><strong>El Renacimiento Italiano<\/strong><\/em>. Ed. Paid\u00f3s, 1985.<\/span><\/li>\n<\/ul>\n<ul>\n<li><span style=\"line-height: 13px\">Hollingsworth, Mary.\u00a0<em><strong>El Patronazgo art\u00edstico en la Italia del Renacimiento : de 1400 a principios del siglo<\/strong><\/em><strong> XVI.<\/strong><strong>\u00a0<\/strong>Ed. Akal,\u00a0<\/span><span style=\"line-height: 13px\">2002.<\/span><\/li>\n<\/ul>\n<ul>\n<li>Igual Luis, David<strong>.\u00a0<em>Valencia e Italia en el siglo XV : rutas, mercados y hombres de negocios en el espacio econ\u00f3mico del Mediterr\u00e1neo Occidental<\/em>. <\/strong>Ed. Fundaci\u00f3 Caixa Castell\u00f3, 1998.<\/li>\n<\/ul>\n<ul>\n<li>Bennassar, M.B. <strong><em>Historia Moderna, 5\u00aaedici\u00f3n<\/em><\/strong>. Ed. Akal, 2005.<\/li>\n<\/ul>\n<p>&nbsp;<\/p>\n<p>He aqu\u00ed la bibliograf\u00eda tanto utilizada como la consultada. Espero que os sirva de alguna ayuda. No obstante, a lo largo del blog y dentro de las entradas encontrar\u00e9is alg\u00fan link incorporado en im\u00e1genes o palabras para que aclaren cualquier duda posible.<\/p>\n","protected":false},"excerpt":{"rendered":"<p>Garin, Eugenio. Ciencia y vida civil en el Renacimiento italiano. Ed. Taurus, 1982. Hale, J.R. Enciclopedia del Renacimiento italiano. Ed. Alianza, 1984. Kristeller, Paul Oskar. Ocho fil\u00f3sofos del Renacimiento italiano. Ed. Fondo de Cultura Econ\u00f3mica, 1970. Burke, Peter. El Renacimiento italiano: cultura y sociedad en Italia. Ed. Alianza, 1993.\u00a0 Boisset, Jean-Fran\u00e7ois. El Renacimiento Italiano. Ed. [&hellip;]<\/p>\n","protected":false},"author":936,"featured_media":0,"parent":0,"menu_order":0,"comment_status":"open","ping_status":"open","template":"","meta":{"footnotes":""},"class_list":["post-173","page","type-page","status-publish","hentry"],"_links":{"self":[{"href":"https:\/\/blogs.ua.es\/italiasiglosxvyxvi\/wp-json\/wp\/v2\/pages\/173","targetHints":{"allow":["GET"]}}],"collection":[{"href":"https:\/\/blogs.ua.es\/italiasiglosxvyxvi\/wp-json\/wp\/v2\/pages"}],"about":[{"href":"https:\/\/blogs.ua.es\/italiasiglosxvyxvi\/wp-json\/wp\/v2\/types\/page"}],"author":[{"embeddable":true,"href":"https:\/\/blogs.ua.es\/italiasiglosxvyxvi\/wp-json\/wp\/v2\/users\/936"}],"replies":[{"embeddable":true,"href":"https:\/\/blogs.ua.es\/italiasiglosxvyxvi\/wp-json\/wp\/v2\/comments?post=173"}],"version-history":[{"count":4,"href":"https:\/\/blogs.ua.es\/italiasiglosxvyxvi\/wp-json\/wp\/v2\/pages\/173\/revisions"}],"predecessor-version":[{"id":175,"href":"https:\/\/blogs.ua.es\/italiasiglosxvyxvi\/wp-json\/wp\/v2\/pages\/173\/revisions\/175"}],"wp:attachment":[{"href":"https:\/\/blogs.ua.es\/italiasiglosxvyxvi\/wp-json\/wp\/v2\/media?parent=173"}],"curies":[{"name":"wp","href":"https:\/\/api.w.org\/{rel}","templated":true}]}}