{"id":65,"date":"2016-01-13T17:58:51","date_gmt":"2016-01-13T17:58:51","guid":{"rendered":"https:\/\/blogs.ua.es\/jareyeslabarta\/?page_id=65"},"modified":"2019-10-31T12:11:58","modified_gmt":"2019-10-31T12:11:58","slug":"web-vuala","status":"publish","type":"page","link":"https:\/\/blogs.ua.es\/jalabarta\/web-vuala\/","title":{"rendered":"web vuala"},"content":{"rendered":"<p>Hola!, aqu\u00ed os a\u00f1ado el nuevo enlace a mi <a title=\"Web personal\" href=\"http:\/\/personal.ua.es\/es\/ja-labarta\/\" target=\"_blank\" rel=\"noopener noreferrer\">web personal<\/a> en vual\u00e0 de la Universidad de Alicante, donde pod\u00e9is encontrar las principales referencias y enlaces de nuestros \u00faltimos trabajos publicados, as\u00ed como las pricipales comunicaciones a congresos, en el \u00e1mbito de la investigaci\u00f3n y docencia en Ingenier\u00eda Qu\u00edmica, especialmente en el modelado del equilibro entre fases, dise\u00f1o y optimizaci\u00f3n de equipos, pol\u00edmeros y medio ambiente:<\/p>\n<p>&#8211; <a href=\"http:\/\/personal.ua.es\/es\/ja-labarta\/materiales-docentes.html\" target=\"_blank\" rel=\"noopener noreferrer\">Material Docente en el \u00e1mbito de Ingenier\u00eda Qu\u00edmica y Gesti\u00f3n Ambiental<\/a><br \/>\n&#8211; <a href=\"http:\/\/personal.ua.es\/en\/ja-labarta\/meetings-and-communications.html\" target=\"_blank\" rel=\"noopener noreferrer\">Congresos internacionales<\/a><br \/>\n&#8211; <a href=\"http:\/\/personal.ua.es\/es\/ja-labarta\/publicaciones-diseno-y-optimizacion-de-equipos-y-procesos.html\" target=\"_blank\" rel=\"noopener noreferrer\">Publicaciones<\/a><br \/>\n&#8211; <a href=\"https:\/\/blogs.ua.es\/jareyeslabarta\/2016\/01\/13\/edificacion-sostenible\/\" target=\"_blank\" rel=\"noopener noreferrer\">Edificaci\u00f3n Sostenible<\/a><\/p>\n<p>Conf\u00edo que este material os sea interesante.<\/p>\n","protected":false},"excerpt":{"rendered":"<p>Hola!, aqu\u00ed os a\u00f1ado el nuevo enlace a mi web personal en vual\u00e0 de la Universidad de Alicante, donde pod\u00e9is encontrar las principales referencias y enlaces de nuestros \u00faltimos trabajos publicados, as\u00ed como las pricipales comunicaciones a congresos, en el &hellip; <a href=\"https:\/\/blogs.ua.es\/jalabarta\/web-vuala\/\">Continue reading <span class=\"meta-nav\">&rarr;<\/span><\/a><\/p>\n","protected":false},"author":2089,"featured_media":0,"parent":0,"menu_order":0,"comment_status":"closed","ping_status":"closed","template":"","meta":{"footnotes":""},"class_list":["post-65","page","type-page","status-publish","hentry"],"_links":{"self":[{"href":"https:\/\/blogs.ua.es\/jalabarta\/wp-json\/wp\/v2\/pages\/65","targetHints":{"allow":["GET"]}}],"collection":[{"href":"https:\/\/blogs.ua.es\/jalabarta\/wp-json\/wp\/v2\/pages"}],"about":[{"href":"https:\/\/blogs.ua.es\/jalabarta\/wp-json\/wp\/v2\/types\/page"}],"author":[{"embeddable":true,"href":"https:\/\/blogs.ua.es\/jalabarta\/wp-json\/wp\/v2\/users\/2089"}],"replies":[{"embeddable":true,"href":"https:\/\/blogs.ua.es\/jalabarta\/wp-json\/wp\/v2\/comments?post=65"}],"version-history":[{"count":9,"href":"https:\/\/blogs.ua.es\/jalabarta\/wp-json\/wp\/v2\/pages\/65\/revisions"}],"predecessor-version":[{"id":145,"href":"https:\/\/blogs.ua.es\/jalabarta\/wp-json\/wp\/v2\/pages\/65\/revisions\/145"}],"wp:attachment":[{"href":"https:\/\/blogs.ua.es\/jalabarta\/wp-json\/wp\/v2\/media?parent=65"}],"curies":[{"name":"wp","href":"https:\/\/api.w.org\/{rel}","templated":true}]}}