{"id":12,"date":"2008-02-29T14:12:08","date_gmt":"2008-02-29T13:12:08","guid":{"rendered":"https:\/\/blogs.ua.es\/jepibo\/bibliografia\/"},"modified":"2008-04-15T14:22:01","modified_gmt":"2008-04-15T12:22:01","slug":"bibliografia","status":"publish","type":"page","link":"https:\/\/blogs.ua.es\/jepibo\/bibliografia\/","title":{"rendered":"Bibliografia"},"content":{"rendered":"<h3>General<\/h3>\n<blockquote><p><a href=\"http:\/\/classic-cendrassos.wikispaces.com\/space\/showimage\/Teseu+i+Ariadna.ppt\" title=\"Teseu i Ariadna\">Teseu i Ariadna<\/a><\/p>\n<p><a href=\"http:\/\/www.xtec.es\/~rtorne\/teseu.pdf\" title=\"Teseu\">Teseu<\/a><\/p><\/blockquote>\n<blockquote><p>Crescenzo, Luciano De. <em>Cos\u00ec parl\u00f2 Bellavista: Napoli, amore e libert\u00e0. <\/em>28a ed. Mil\u00e0: Mondadori, 1986. (1a. ed.: 1977).<br \/>\nDi\u00e0legs sobre la napolinitat que dinamiten molts t\u00f2pics.  Toca tants temes que no es pot classificar en una sola categoria: \u00e8tica, llibertat i poder, etc.<\/p>\n<p>Crescenzo, Luciano De. <em>Hist\u00f2ria de la filosofia grega. <\/em>2 vol. Barcelona: Barcanova, 1990. (1a. ed.: vol. I 1983, vol. II 1986).<br \/>\nAmen\u00edssim recull de les doctrines dels fil\u00f2sofs i de les escoles filos\u00f2fiques de l&#8217;antiga Gr\u00e8cia, amb exemples d&#8217;aplicaci\u00f3 a la vida hodierna a N\u00e0pols.<\/p><\/blockquote>\n<h3>Ci\u00e8ncia i pseudoci\u00e8ncia<\/h3>\n<blockquote><p>Shermer, Michael. <em>Why people believe weird things: Pseudoscience, superstition, and other confusions of our time. <\/em>Nova York: W. H. Freeman and Company, 2001.<\/p><\/blockquote>\n<h3>Hist\u00f2ria i pseudohist\u00f2ria<\/h3>\n<blockquote><p>Kundera, Milan. <em>El llibre del riure i de l\u2019oblit. <\/em>Barcelona: Destino, 1996. (El Trident, 48).<\/p><\/blockquote>\n<h3>Llengua<\/h3>\n<blockquote><p>Castellanos i Lloren\u00e7, Carles, i Rafael Castellanos i Lloren\u00e7. <em>Diccionari catal\u00e0-franc\u00e8s<\/em>. Barcelona: Enciclop\u00e8dia Catalana, 1979.<\/p>\n<p>Bruguera i Talleda, Jordi. <em>Diccionari ortogr\u00e0fic i de pron\u00fancia. <\/em>Barcelona: Enciclop\u00e8dia Catalana, 1990.<\/p>\n<p>Rossich, Albert. \u201cEl nom de les lletres\u201d. <em>Caplletra<\/em>, 27 (Tardor 1999), 65-86. [En l\u00ednia: &lt; <a href=\"http:\/\/www3.udg.edu\/ilcc\/Eiximenis\/html_eiximenis\/rossich_nom_lletres.htm\">http:\/\/www3.udg.edu\/ilcc\/Eiximenis\/html_eiximenis\/rossich_nom_lletres.htm<\/a>&gt;; consulta: 15 d\u2019abril, 2007]<\/p>\n<h3><\/h3>\n<\/blockquote>\n","protected":false},"excerpt":{"rendered":"<p>General Teseu i Ariadna Teseu Crescenzo, Luciano De. Cos\u00ec parl\u00f2 Bellavista: Napoli, amore e libert\u00e0. 28a ed. Mil\u00e0: Mondadori, 1986. (1a. ed.: 1977). Di\u00e0legs sobre la napolinitat que dinamiten molts t\u00f2pics. Toca tants temes que no es pot classificar en una sola categoria: \u00e8tica, llibertat i poder, etc. Crescenzo, Luciano De. Hist\u00f2ria de la filosofia [&hellip;]<\/p>\n","protected":false},"author":571,"featured_media":0,"parent":0,"menu_order":0,"comment_status":"open","ping_status":"open","template":"","meta":{"footnotes":""},"class_list":["post-12","page","type-page","status-publish","hentry"],"_links":{"self":[{"href":"https:\/\/blogs.ua.es\/jepibo\/wp-json\/wp\/v2\/pages\/12","targetHints":{"allow":["GET"]}}],"collection":[{"href":"https:\/\/blogs.ua.es\/jepibo\/wp-json\/wp\/v2\/pages"}],"about":[{"href":"https:\/\/blogs.ua.es\/jepibo\/wp-json\/wp\/v2\/types\/page"}],"author":[{"embeddable":true,"href":"https:\/\/blogs.ua.es\/jepibo\/wp-json\/wp\/v2\/users\/571"}],"replies":[{"embeddable":true,"href":"https:\/\/blogs.ua.es\/jepibo\/wp-json\/wp\/v2\/comments?post=12"}],"version-history":[{"count":0,"href":"https:\/\/blogs.ua.es\/jepibo\/wp-json\/wp\/v2\/pages\/12\/revisions"}],"wp:attachment":[{"href":"https:\/\/blogs.ua.es\/jepibo\/wp-json\/wp\/v2\/media?parent=12"}],"curies":[{"name":"wp","href":"https:\/\/api.w.org\/{rel}","templated":true}]}}