{"id":2,"date":"2008-02-12T12:03:18","date_gmt":"2008-02-12T11:03:18","guid":{"rendered":""},"modified":"2010-08-26T19:57:10","modified_gmt":"2010-08-26T17:57:10","slug":"acerca-de","status":"publish","type":"page","link":"https:\/\/blogs.ua.es\/jepibo\/acerca-de\/","title":{"rendered":"Informaci\u00f3"},"content":{"rendered":"<p>La llegenda diu que Atenes havia de pagar a Creta cada nou anys el tribut de set nois i set noies perqu\u00e8 el Minotaure els devor\u00e9s, i que Teseu s\u2019ofer\u00ed com a v\u00edctima volunt\u00e0riament per matar el monstre.\u00a0 Ariadna, filla del rei de Creta i germanastra del Minotaure, promet\u00e9 a Teseu d\u2019ajudar-l\u2019hi si Teseu es casava amb ella.\u00a0 Ell va acceptar i ella li va donar un cabdell de fil que li permetria eixir del laberint una vegada hagu\u00e9s mort el Minotaure.<\/p>\n<p>Jo s\u00f3c de l\u2019era de la impremta, he cursat estudis de filologia i no m\u2019interessa llegir les intimitats que els exhibicionistes publiquen a Internet: ni per edat, ni per formaci\u00f3, ni per car\u00e0cter es podia dir que tenia fusta de <em>blocaire<\/em>.\u00a0 La idea d\u2019escriure un bloc nasqu\u00e9 el dissabte 21 d\u2019abril de 2007, en el marc de la VII\u00a0Mostra del Llibre Anarquista, que tenia lloc a la pla\u00e7a del Carme de Val\u00e8ncia.\u00a0 Aqu\u00ed atenia la parada de l\u2019Associaci\u00f3 Catalana d\u2019Esperanto amb dos companys m\u00e9s joves, inform\u00e0tics de professi\u00f3; aquests foren els qui m\u2019hi instigaren.<\/p>\n<p>Tinc el vici de minar la conversa, a vegades, amb refer\u00e8ncies bibliogr\u00e0fiques.\u00a0 Sens dubte, aix\u00f2 \u00e9s el que degu\u00e9 passar aquell dia, i els meus companys \u2014 m\u00e9s coneixedors que jo de les utilitats de les noves tecnologies \u2014 em van suggerir una possibilitat que no m\u2019havia plantejat mai.\u00a0 Jo els remetia a les fonts, per\u00f2 ells s\u2019estimaven m\u00e9s un resum.\u00a0 Algunes persones sembla que no tinguin necessitat de llegir; en canvi, a la resta ens pareix que no llegim mai prou \u2014 potser perqu\u00e8 com m\u00e9s llegim m\u00e9s ens adonem de la nostra ignor\u00e0ncia.<\/p>\n<p><!--[if !supportEmptyParas]--><br \/>\n<!--[endif]--><\/p>\n","protected":false},"excerpt":{"rendered":"<p>La llegenda diu que Atenes havia de pagar a Creta cada nou anys el tribut de set nois i set noies perqu\u00e8 el Minotaure els devor\u00e9s, i que Teseu s\u2019ofer\u00ed com a v\u00edctima volunt\u00e0riament per matar el monstre.\u00a0 Ariadna, filla del rei de Creta i germanastra del Minotaure, promet\u00e9 a Teseu d\u2019ajudar-l\u2019hi si Teseu es [&hellip;]<\/p>\n","protected":false},"author":571,"featured_media":0,"parent":0,"menu_order":0,"comment_status":"open","ping_status":"open","template":"","meta":{"footnotes":""},"class_list":["post-2","page","type-page","status-publish","hentry"],"_links":{"self":[{"href":"https:\/\/blogs.ua.es\/jepibo\/wp-json\/wp\/v2\/pages\/2","targetHints":{"allow":["GET"]}}],"collection":[{"href":"https:\/\/blogs.ua.es\/jepibo\/wp-json\/wp\/v2\/pages"}],"about":[{"href":"https:\/\/blogs.ua.es\/jepibo\/wp-json\/wp\/v2\/types\/page"}],"author":[{"embeddable":true,"href":"https:\/\/blogs.ua.es\/jepibo\/wp-json\/wp\/v2\/users\/571"}],"replies":[{"embeddable":true,"href":"https:\/\/blogs.ua.es\/jepibo\/wp-json\/wp\/v2\/comments?post=2"}],"version-history":[{"count":2,"href":"https:\/\/blogs.ua.es\/jepibo\/wp-json\/wp\/v2\/pages\/2\/revisions"}],"predecessor-version":[{"id":223,"href":"https:\/\/blogs.ua.es\/jepibo\/wp-json\/wp\/v2\/pages\/2\/revisions\/223"}],"wp:attachment":[{"href":"https:\/\/blogs.ua.es\/jepibo\/wp-json\/wp\/v2\/media?parent=2"}],"curies":[{"name":"wp","href":"https:\/\/api.w.org\/{rel}","templated":true}]}}