{"id":2,"date":"2011-03-16T13:46:57","date_gmt":"2011-03-16T13:46:57","guid":{"rendered":"https:\/\/blogs.ua.es\/jesuitascontrarreforma\/?page_id=2"},"modified":"2011-03-23T21:17:54","modified_gmt":"2011-03-23T20:17:54","slug":"acerca-de","status":"publish","type":"page","link":"https:\/\/blogs.ua.es\/jesuitascontrarreforma\/acerca-de","title":{"rendered":"Acerca de"},"content":{"rendered":"<p>Te encuentras en un blog cultural que trata a la Compa\u00f1\u00eda de Jes\u00fas. Se escribir\u00e1 sobre el contexto de la Contrarreforma y sobre los pensamientos pol\u00edticos y sociales que tienen lugar durante la misma y tambi\u00e9n sobre la filosof\u00eda jesu\u00edtica, su tradici\u00f3n y sus influencias.<\/p>\n<p>Se escribir\u00e1, asimismo, sobre temas culturales en general.<\/p>\n<p>Por cierto, el que escribe en este blog y el que lo administra es Patricio Vidal Carpio, que estudia la Licenciatura de Historia en la Universidad de Alicante.<\/p>\n<p>Patricio Vidal Carpio firmar\u00e1 las entradas del blog como Patrick Vidal.<\/p>\n","protected":false},"excerpt":{"rendered":"<p>Te encuentras en un blog cultural que trata a la Compa\u00f1\u00eda de Jes\u00fas. Se escribir\u00e1 sobre el contexto de la Contrarreforma y sobre los pensamientos pol\u00edticos y sociales que tienen lugar durante la misma y tambi\u00e9n sobre la filosof\u00eda jesu\u00edtica, &hellip; <a href=\"https:\/\/blogs.ua.es\/jesuitascontrarreforma\/acerca-de\">Continue reading <span class=\"meta-nav\">&rarr;<\/span><\/a><\/p>\n","protected":false},"author":1375,"featured_media":0,"parent":0,"menu_order":0,"comment_status":"open","ping_status":"open","template":"","meta":{"footnotes":""},"class_list":["post-2","page","type-page","status-publish","hentry"],"_links":{"self":[{"href":"https:\/\/blogs.ua.es\/jesuitascontrarreforma\/wp-json\/wp\/v2\/pages\/2","targetHints":{"allow":["GET"]}}],"collection":[{"href":"https:\/\/blogs.ua.es\/jesuitascontrarreforma\/wp-json\/wp\/v2\/pages"}],"about":[{"href":"https:\/\/blogs.ua.es\/jesuitascontrarreforma\/wp-json\/wp\/v2\/types\/page"}],"author":[{"embeddable":true,"href":"https:\/\/blogs.ua.es\/jesuitascontrarreforma\/wp-json\/wp\/v2\/users\/1375"}],"replies":[{"embeddable":true,"href":"https:\/\/blogs.ua.es\/jesuitascontrarreforma\/wp-json\/wp\/v2\/comments?post=2"}],"version-history":[{"count":3,"href":"https:\/\/blogs.ua.es\/jesuitascontrarreforma\/wp-json\/wp\/v2\/pages\/2\/revisions"}],"predecessor-version":[{"id":17,"href":"https:\/\/blogs.ua.es\/jesuitascontrarreforma\/wp-json\/wp\/v2\/pages\/2\/revisions\/17"}],"wp:attachment":[{"href":"https:\/\/blogs.ua.es\/jesuitascontrarreforma\/wp-json\/wp\/v2\/media?parent=2"}],"curies":[{"name":"wp","href":"https:\/\/api.w.org\/{rel}","templated":true}]}}