{"id":9,"date":"2011-03-23T20:21:42","date_gmt":"2011-03-23T19:21:42","guid":{"rendered":"https:\/\/blogs.ua.es\/jesuitascontrarreforma"},"modified":"2011-03-23T21:12:51","modified_gmt":"2011-03-23T20:12:51","slug":"espacio-cultural","status":"publish","type":"page","link":"https:\/\/blogs.ua.es\/jesuitascontrarreforma\/espacio-cultural","title":{"rendered":"Espacio Cultural"},"content":{"rendered":"<div>\n<p>Hola, soy el administrador de este blog y solo decir que este ser\u00e1 un espacio cultural que se centrar\u00e1 durante unos meses en la contrarreforma y especialmente en la Compa\u00f1\u00eda de Jes\u00fas, los jesuitas. La raz\u00f3n y motivo de la creaci\u00f3n de este blog es sobre todo acad\u00e9mica, ya que este blog ser\u00e1 evaluado por el profesor Antonio Carrasco en la asignatura Ideas y Movimientos Sociales y Pol\u00edticos en la Edad Moderna. Intentar\u00e9 que el blog sea lo m\u00e1s interesante posible y pasados unos meses, despu\u00e9s de que sea evaluado, seguramente actualizar\u00e9 con entradas culturales de todo tipo, centr\u00e1ndome en cine, m\u00fasica, literatura, art\u00edculos hist\u00f3ricos e incluso videojuegos.<\/p>\n<p>Se tratar\u00e1 como objetivo principal el pensamiento jesuita en el contexto de la Contrarreforma, tomando como base apuntes de clase y art\u00edculos relacionados.<\/p>\n<p>Un saludo del administrador del blog,<\/p>\n<p>Patrick Vidal.<\/p>\n<\/div>\n","protected":false},"excerpt":{"rendered":"<p>Hola, soy el administrador de este blog y solo decir que este ser\u00e1 un espacio cultural que se centrar\u00e1 durante unos meses en la contrarreforma y especialmente en la Compa\u00f1\u00eda de Jes\u00fas, los jesuitas. La raz\u00f3n y motivo de la &hellip; <a href=\"https:\/\/blogs.ua.es\/jesuitascontrarreforma\/espacio-cultural\">Continue reading <span class=\"meta-nav\">&rarr;<\/span><\/a><\/p>\n","protected":false},"author":1375,"featured_media":0,"parent":0,"menu_order":0,"comment_status":"open","ping_status":"open","template":"","meta":{"footnotes":""},"class_list":["post-9","page","type-page","status-publish","hentry"],"_links":{"self":[{"href":"https:\/\/blogs.ua.es\/jesuitascontrarreforma\/wp-json\/wp\/v2\/pages\/9","targetHints":{"allow":["GET"]}}],"collection":[{"href":"https:\/\/blogs.ua.es\/jesuitascontrarreforma\/wp-json\/wp\/v2\/pages"}],"about":[{"href":"https:\/\/blogs.ua.es\/jesuitascontrarreforma\/wp-json\/wp\/v2\/types\/page"}],"author":[{"embeddable":true,"href":"https:\/\/blogs.ua.es\/jesuitascontrarreforma\/wp-json\/wp\/v2\/users\/1375"}],"replies":[{"embeddable":true,"href":"https:\/\/blogs.ua.es\/jesuitascontrarreforma\/wp-json\/wp\/v2\/comments?post=9"}],"version-history":[{"count":2,"href":"https:\/\/blogs.ua.es\/jesuitascontrarreforma\/wp-json\/wp\/v2\/pages\/9\/revisions"}],"predecessor-version":[{"id":16,"href":"https:\/\/blogs.ua.es\/jesuitascontrarreforma\/wp-json\/wp\/v2\/pages\/9\/revisions\/16"}],"wp:attachment":[{"href":"https:\/\/blogs.ua.es\/jesuitascontrarreforma\/wp-json\/wp\/v2\/media?parent=9"}],"curies":[{"name":"wp","href":"https:\/\/api.w.org\/{rel}","templated":true}]}}