{"id":2,"date":"2007-10-01T16:44:21","date_gmt":"2007-10-01T14:44:21","guid":{"rendered":""},"modified":"2010-01-12T20:54:25","modified_gmt":"2010-01-12T19:54:25","slug":"acerca-de","status":"publish","type":"page","link":"https:\/\/blogs.ua.es\/jgaliana\/acerca-de\/","title":{"rendered":"Informaci\u00f3n"},"content":{"rendered":"<p>Blog de Juan Galiana Lara<\/p>\n<h1><strong>Migraci\u00f3n del Blog: <a href=\"http:\/\/juangaliana.blogspot.com\/\">Juan Galiana Lara, Notas sobre seguridad inform\u00e1tica y administraci\u00f3n de sistemas http:\/\/juangaliana.blogspot.com\/<\/a><\/strong><\/h1>\n<p><\/p>\n<p>Podeis consultar sobre qu\u00e9 se habla en este blog gracias a la nube de tags situada en la parte inferior de la p\u00e1gina principal.<\/p>\n","protected":false},"excerpt":{"rendered":"<p>Blog de Juan Galiana Lara Migraci\u00f3n del Blog: Juan Galiana Lara, Notas sobre seguridad inform\u00e1tica y administraci\u00f3n de sistemas http:\/\/juangaliana.blogspot.com\/ Podeis consultar sobre qu\u00e9 se habla en este blog gracias a la nube de tags situada en la parte inferior de la p\u00e1gina principal.<\/p>\n","protected":false},"author":139,"featured_media":0,"parent":0,"menu_order":0,"comment_status":"open","ping_status":"open","template":"","meta":{"footnotes":""},"class_list":["post-2","page","type-page","status-publish","hentry"],"_links":{"self":[{"href":"https:\/\/blogs.ua.es\/jgaliana\/wp-json\/wp\/v2\/pages\/2","targetHints":{"allow":["GET"]}}],"collection":[{"href":"https:\/\/blogs.ua.es\/jgaliana\/wp-json\/wp\/v2\/pages"}],"about":[{"href":"https:\/\/blogs.ua.es\/jgaliana\/wp-json\/wp\/v2\/types\/page"}],"author":[{"embeddable":true,"href":"https:\/\/blogs.ua.es\/jgaliana\/wp-json\/wp\/v2\/users\/139"}],"replies":[{"embeddable":true,"href":"https:\/\/blogs.ua.es\/jgaliana\/wp-json\/wp\/v2\/comments?post=2"}],"version-history":[{"count":4,"href":"https:\/\/blogs.ua.es\/jgaliana\/wp-json\/wp\/v2\/pages\/2\/revisions"}],"predecessor-version":[{"id":298,"href":"https:\/\/blogs.ua.es\/jgaliana\/wp-json\/wp\/v2\/pages\/2\/revisions\/298"}],"wp:attachment":[{"href":"https:\/\/blogs.ua.es\/jgaliana\/wp-json\/wp\/v2\/media?parent=2"}],"curies":[{"name":"wp","href":"https:\/\/api.w.org\/{rel}","templated":true}]}}