{"id":70,"date":"2008-01-02T03:26:32","date_gmt":"2008-01-02T02:26:32","guid":{"rendered":"https:\/\/blogs.ua.es\/jgaliana\/suscripcion-rss\/"},"modified":"2008-02-08T12:55:25","modified_gmt":"2008-02-08T11:55:25","slug":"suscripcion-rss","status":"publish","type":"page","link":"https:\/\/blogs.ua.es\/jgaliana\/suscripcion-rss\/","title":{"rendered":"Suscripci\u00f3n RSS"},"content":{"rendered":"<p>La plataforma blogsUA ofrece un medio de sindicaci\u00f3n que permite la suscripci\u00f3n al feed RSS [&#8230;]<\/p>\n<p>Para suscribiros al feed RSS podeis realizarlo mediante el servicio FeedBurner, la direcci\u00f3n es:<\/p>\n<p>http:\/\/feeds.feedburner.com\/JuanGaliana<\/p>\n<p>Un Saludo<\/p>\n","protected":false},"excerpt":{"rendered":"<p>La plataforma blogsUA ofrece un medio de sindicaci\u00f3n que permite la suscripci\u00f3n al feed RSS [&#8230;] Para suscribiros al feed RSS podeis realizarlo mediante el servicio FeedBurner, la direcci\u00f3n es: http:\/\/feeds.feedburner.com\/JuanGaliana Un Saludo<\/p>\n","protected":false},"author":139,"featured_media":0,"parent":0,"menu_order":0,"comment_status":"open","ping_status":"open","template":"","meta":{"footnotes":""},"class_list":["post-70","page","type-page","status-publish","hentry"],"_links":{"self":[{"href":"https:\/\/blogs.ua.es\/jgaliana\/wp-json\/wp\/v2\/pages\/70","targetHints":{"allow":["GET"]}}],"collection":[{"href":"https:\/\/blogs.ua.es\/jgaliana\/wp-json\/wp\/v2\/pages"}],"about":[{"href":"https:\/\/blogs.ua.es\/jgaliana\/wp-json\/wp\/v2\/types\/page"}],"author":[{"embeddable":true,"href":"https:\/\/blogs.ua.es\/jgaliana\/wp-json\/wp\/v2\/users\/139"}],"replies":[{"embeddable":true,"href":"https:\/\/blogs.ua.es\/jgaliana\/wp-json\/wp\/v2\/comments?post=70"}],"version-history":[{"count":0,"href":"https:\/\/blogs.ua.es\/jgaliana\/wp-json\/wp\/v2\/pages\/70\/revisions"}],"wp:attachment":[{"href":"https:\/\/blogs.ua.es\/jgaliana\/wp-json\/wp\/v2\/media?parent=70"}],"curies":[{"name":"wp","href":"https:\/\/api.w.org\/{rel}","templated":true}]}}