{"id":190,"date":"2010-06-02T20:58:30","date_gmt":"2010-06-02T20:58:30","guid":{"rendered":"https:\/\/blogs.ua.es\/jjrousseau\/?page_id=190"},"modified":"2010-06-03T07:09:28","modified_gmt":"2010-06-03T07:09:28","slug":"bibliografia-2","status":"publish","type":"page","link":"https:\/\/blogs.ua.es\/jjrousseau\/bibliografia-2\/","title":{"rendered":"Bibliograf\u00eda"},"content":{"rendered":"<p>GRIMSLEY, R.: <em>La filosof\u00eda de Rousseau<\/em>, Alianza, Madrid, 1977<\/p>\n<p>ONFRAY, M.: <em>Los ultras de las Luces. Contrahitoria de la\u00a0\u00a0filosof\u00eda IV<\/em>, Anagrama, Barcelona, 2010<\/p>\n<p>REALE, G. y ANTISERI, D.: <em>Historia del pensamiento filos\u00f3fico y cient\u00edfico. Tomo II. Del humanismo a Kant<\/em>, Herder, Barcelona, 1999<\/p>\n<p>ROUSSEAU, J-J.: <em>El Contrato Social<\/em>, Edaf, Madrid, 2007<\/p>\n<p>WOLLSTONECRAFT, M.: <em>Vindicaci\u00f3n de los derechos de la mujer<\/em>, C\u00e1tedra, Madrid, 2000<\/p>\n<div><span style=\"font-family: Times New Roman\">\u00a0<\/span><\/div>\n<p><span style=\"font-family: Times New Roman\">\u00a0<\/p>\n<p><\/span><\/p>\n","protected":false},"excerpt":{"rendered":"<p>GRIMSLEY, R.: La filosof\u00eda de Rousseau, Alianza, Madrid, 1977 ONFRAY, M.: Los ultras de las Luces. Contrahitoria de la\u00a0\u00a0filosof\u00eda IV, Anagrama, Barcelona, 2010 REALE, G. y ANTISERI, D.: Historia del pensamiento filos\u00f3fico y cient\u00edfico. Tomo II. Del humanismo a Kant, Herder, Barcelona, 1999 ROUSSEAU, J-J.: El Contrato Social, Edaf, Madrid, 2007 WOLLSTONECRAFT, M.: Vindicaci\u00f3n de [&hellip;]<\/p>\n","protected":false},"author":1670,"featured_media":0,"parent":0,"menu_order":0,"comment_status":"open","ping_status":"open","template":"","meta":{"footnotes":""},"class_list":["post-190","page","type-page","status-publish","hentry"],"_links":{"self":[{"href":"https:\/\/blogs.ua.es\/jjrousseau\/wp-json\/wp\/v2\/pages\/190","targetHints":{"allow":["GET"]}}],"collection":[{"href":"https:\/\/blogs.ua.es\/jjrousseau\/wp-json\/wp\/v2\/pages"}],"about":[{"href":"https:\/\/blogs.ua.es\/jjrousseau\/wp-json\/wp\/v2\/types\/page"}],"author":[{"embeddable":true,"href":"https:\/\/blogs.ua.es\/jjrousseau\/wp-json\/wp\/v2\/users\/1670"}],"replies":[{"embeddable":true,"href":"https:\/\/blogs.ua.es\/jjrousseau\/wp-json\/wp\/v2\/comments?post=190"}],"version-history":[{"count":2,"href":"https:\/\/blogs.ua.es\/jjrousseau\/wp-json\/wp\/v2\/pages\/190\/revisions"}],"predecessor-version":[{"id":199,"href":"https:\/\/blogs.ua.es\/jjrousseau\/wp-json\/wp\/v2\/pages\/190\/revisions\/199"}],"wp:attachment":[{"href":"https:\/\/blogs.ua.es\/jjrousseau\/wp-json\/wp\/v2\/media?parent=190"}],"curies":[{"name":"wp","href":"https:\/\/api.w.org\/{rel}","templated":true}]}}