{"id":24,"date":"2010-03-18T14:22:05","date_gmt":"2010-03-18T14:22:05","guid":{"rendered":"https:\/\/blogs.ua.es\/jjrousseau\/?page_id=24"},"modified":"2010-05-23T10:40:12","modified_gmt":"2010-05-23T10:40:12","slug":"bienvenida","status":"publish","type":"page","link":"https:\/\/blogs.ua.es\/jjrousseau\/bienvenida\/","title":{"rendered":"Presentaci\u00f3n"},"content":{"rendered":"<p>Hola, bienvenid@.<\/p>\n<p>Este es un blog\u00a0dedicado a\u00a0una pr\u00e1ctica de la asignatura <a href=\"https:\/\/blogs.ua.es\/ideaspoliticas\/\">\u201cIdeas y Movimientos Sociales y Pol\u00edticos en la Edad Moderna\u201d<\/a> de la Licenciatura de\u00a0Historia,\u00a0centrado en\u00a0la figura y el pensamiento de Jean Jaques Rousseau.<\/p>\n<p>Aqu\u00ed pretendo alcanzar un mayor y mejor entendimiento de la vida y obra de este fil\u00f3sofo de la Ilustraci\u00f3n y compartirlo con vosotros. Espero que sea de vuestro agrado.<\/p>\n","protected":false},"excerpt":{"rendered":"<p>Hola, bienvenid@. Este es un blog\u00a0dedicado a\u00a0una pr\u00e1ctica de la asignatura \u201cIdeas y Movimientos Sociales y Pol\u00edticos en la Edad Moderna\u201d de la Licenciatura de\u00a0Historia,\u00a0centrado en\u00a0la figura y el pensamiento de Jean Jaques Rousseau. Aqu\u00ed pretendo alcanzar un mayor y mejor entendimiento de la vida y obra de este fil\u00f3sofo de la Ilustraci\u00f3n y compartirlo [&hellip;]<\/p>\n","protected":false},"author":1670,"featured_media":0,"parent":0,"menu_order":0,"comment_status":"open","ping_status":"open","template":"","meta":{"footnotes":""},"class_list":["post-24","page","type-page","status-publish","hentry"],"_links":{"self":[{"href":"https:\/\/blogs.ua.es\/jjrousseau\/wp-json\/wp\/v2\/pages\/24","targetHints":{"allow":["GET"]}}],"collection":[{"href":"https:\/\/blogs.ua.es\/jjrousseau\/wp-json\/wp\/v2\/pages"}],"about":[{"href":"https:\/\/blogs.ua.es\/jjrousseau\/wp-json\/wp\/v2\/types\/page"}],"author":[{"embeddable":true,"href":"https:\/\/blogs.ua.es\/jjrousseau\/wp-json\/wp\/v2\/users\/1670"}],"replies":[{"embeddable":true,"href":"https:\/\/blogs.ua.es\/jjrousseau\/wp-json\/wp\/v2\/comments?post=24"}],"version-history":[{"count":6,"href":"https:\/\/blogs.ua.es\/jjrousseau\/wp-json\/wp\/v2\/pages\/24\/revisions"}],"predecessor-version":[{"id":35,"href":"https:\/\/blogs.ua.es\/jjrousseau\/wp-json\/wp\/v2\/pages\/24\/revisions\/35"}],"wp:attachment":[{"href":"https:\/\/blogs.ua.es\/jjrousseau\/wp-json\/wp\/v2\/media?parent=24"}],"curies":[{"name":"wp","href":"https:\/\/api.w.org\/{rel}","templated":true}]}}