{"id":38,"date":"2010-05-20T11:28:54","date_gmt":"2010-05-20T11:28:54","guid":{"rendered":"https:\/\/blogs.ua.es\/jjrousseau\/?page_id=38"},"modified":"2010-05-22T18:53:22","modified_gmt":"2010-05-22T18:53:22","slug":"vida-y-obra","status":"publish","type":"page","link":"https:\/\/blogs.ua.es\/jjrousseau\/vida-y-obra\/","title":{"rendered":"Vida y obra"},"content":{"rendered":"<p style=\"text-align: justify\">Jean-Jacques Rousseau naci\u00f3 en Ginebra el 28 de junio de 1712. Al fallecer su madre pocos d\u00edas despu\u00e9s de su nacimiento, su infancia transcurri\u00f3 en compa\u00f1\u00eda de su padre Isaac, un artesano relojero. Primero fue confiado a los cuidados de un pastor calvinista y luego a su t\u00edo, con lo que recibi\u00f3 una educaci\u00f3n bastante desordenada. Aprendiz de grabador, Rousseau sali\u00f3 de Ginebra en 1728 y, despu\u00e9s de una breve experiencia como criado en una familia de Tur\u00edn, hall\u00f3 refugio en Les Charmettes, cerca de Chamb\u00e9ry, en casa de Mme. de Warens, que le hizo de madre, de amiga y de amante. En 1741 el fil\u00f3sofo ginebrino abandona Chamb\u00e9ry y se traslada a Par\u00eds, donde traba amistad con Diderot y a trav\u00e9s de \u00e9ste con los enciclopedistas. No estando acostumbrado a la vida de los salones, se sent\u00eda inc\u00f3modo en el Par\u00eds culto y estaba inquieto e insatisfecho porque era un m\u00fasico de segunda fila y trabajaba como humilde preceptor y cajero en casa de los Dupin. El conflicto entre su \u201cyo\u201d profundo y el mundo que le rodea se agudiza hasta el punto de que explota mediante una condena de aquel mundo, de aquella cultura, en nombre de la naturaleza que le hab\u00eda concedido las mas profundas alegr\u00edas, que no pod\u00eda olvidar.<\/p>\n<p style=\"text-align: center\"><a href=\"https:\/\/blogs.ua.es\/jjrousseau\/files\/2010\/05\/rousseau-retrato2.jpg\"><img loading=\"lazy\" decoding=\"async\" class=\"size-medium wp-image-117 aligncenter\" title=\"rousseau retrato\" src=\"https:\/\/blogs.ua.es\/jjrousseau\/files\/2010\/05\/rousseau-retrato2-226x300.jpg\" alt=\"\" width=\"216\" height=\"287\" \/><\/a><\/p>\n<p style=\"text-align: justify\">La publicaci\u00f3n de sus dos primeros libros, el primero en 1750 y el segundo en 1755, le concedi\u00f3 un \u00e9xito repentino e inesperado. Al mismo tiempo, se hab\u00eda unido a una mujer ruda e inculta, que sin embargo siempre estuvo a su lado y de la cual tuvo cinco hijos, los cuales fueron sin excepci\u00f3n enviados por Rousseau a un orfanato, para no verse distra\u00eddo de sus quehaceres intelectuales y porque, seg\u00fan sus convicciones, la educaci\u00f3n de los ni\u00f1os corresponde al Estado. La relativa tranquilidad familiar y el \u00e9xito obtenido en sus primeros ensayos le permitieron entablar amistad con las personalidades m\u00e1s conocidas y colaborar en la <em>Encyclop\u00e9die<\/em> mediante una serie de art\u00edculos sobre temas de m\u00fasica. Muy pronto, sin embargo, rompi\u00f3 relaciones con los enciclopedistas, debido a una esencial diferencia de valoraci\u00f3n con respecto a la sociedad de su tiempo, y m\u00e1s en profundidad, con respecto a la historia humana y a sus productos.<\/p>\n<p style=\"text-align: justify\">Mientras tanto, Jean-Jacques se hab\u00eda retirado al Ermitage de Montmorency. A este traslado le sucedi\u00f3 un\u00a0 periodo de gran actividad literaria y la elaboraci\u00f3n de sus principales obras. En 1758 acab\u00f3 su <em>Lettre a d\u2019Alembert sur les spectacles<\/em>, donde qued\u00f3 se\u00f1alada la ruptura oficial con los enciclopedistas. En 1761 public\u00f3 la <em>Novelle<\/em><em> H\u00e9loise<\/em>, en 1762 <em>Le contract social<\/em>, y en 1763 el <em>\u00c9mile<\/em>, cuyo cuarto libro contiene la famosa <em>Profession de foi du vicaire savoyard<\/em>. Pronto se hicieron sentir las consecuencias de su cisma con respecto a la <em>philosophie<\/em>. Tanto el <em>Emilio<\/em> como el <em>Contrato<\/em> fueron condenados por las autoridades civiles y eclesi\u00e1sticas de Par\u00eds y de Ginebra. M\u00e1s que la de Par\u00eds, le afect\u00f3 especialmente la condena de Ginebra, de la cual se consideraba hijo ilustre y devoto. Despu\u00e9s de esto abandon\u00f3 Ginebra definitivamente y se traslad\u00f3 a Motiers-Travers, en el territorio de Neuchatel, que depend\u00eda del rey de Prusia. All\u00ed redact\u00f3 algunos escritos pol\u00e9micos, entre los que se cuentan <em>Les lettres \u00e9crites de la montagne<\/em>, en las que criticaba la actitud pol\u00edtica y religiosa de Ginebra. La hostilidad local le hizo sentirse cada vez m\u00e1s inseguro en Motiers-Travers, y despu\u00e9s de que su casa fuera apedreada en 1765 se march\u00f3 a la isla de Saint-Pierre, donde se sent\u00eda plenamente feliz; pero al neg\u00e1rsele la autorizaci\u00f3n para residir all\u00ed, acept\u00f3 la invitaci\u00f3n del\u00a0 fil\u00f3sofo David Hume para instalarse en Inglaterra. Las relaciones con el fil\u00f3sofo ingl\u00e9s fueron breves y dif\u00edciles. Acosado por una man\u00eda persecutoria provocada por las condenas ginebrina y parisiense, abandon\u00f3 muy pronto Inglaterra para volver a Francia, donde se dedic\u00f3 a viajar para calmar su ansiedad. De regreso en Par\u00eds, se fue a vivir a un s\u00f3rdido apartamento de la calle Plati\u00e9re, donde acabo las <em>Confessions<\/em> y redacto los <em>Dialogues <\/em>o <em>Rousseau juge de Jean-Jacques <\/em>y los <em>R\u00e9veries du promeneur solitaire<\/em>. Entrego estos escritos, junto con el <em>Essai sur l\u2019origine des langues<\/em>, a su amigo Paul Moultou\u00a0 para que los imprimiera. Anciano y enfermo, Rousseau acept\u00f3 la invitaci\u00f3n del marques de Girardin, en cuyo castillo paso los \u00faltimos meses, en un clima de relativa tranquilidad. Muri\u00f3 el 2 de julio de 1778, a causa de una insolaci\u00f3n provocada por un paseo durante una tarde de verano.<\/p>\n<p style=\"text-align: justify\"><strong>Las principales obras de Rousseau son las siguientes:<\/strong><\/p>\n<p style=\"text-align: justify\"><strong>1750 <\/strong><em>Discurso sobre las ciencias y las artes<\/em>.<\/p>\n<p style=\"text-align: justify\"><strong>1752<\/strong> <em>El adivino de la aldea<\/em> (\u00f3pera) y <em>Narciso<\/em> (obra teatral).<\/p>\n<p style=\"text-align: justify\"><strong>1753 <\/strong><em>Carta sobre la m\u00fasica francesa<\/em>.<\/p>\n<p style=\"text-align: justify\"><strong>1755<\/strong> <em>Discurso sobre el origen de la desigualdad<\/em> y <em>Econom\u00eda pol\u00edtica<\/em> (art\u00edculo de la <em>Enciclopedia<\/em>).<\/p>\n<p style=\"text-align: justify\"><strong>1756<\/strong> <em>Carta sobre la Providencia<\/em> (respuesta al <em>Po<\/em><em>\u00e9me sur le desastre de Lisbonne<\/em>, de Voltaire).<\/p>\n<p style=\"text-align: justify\"><strong>1758<\/strong> <em>Carta a D\u2019Alembert sobre los espect\u00e1culos.<\/em><\/p>\n<p style=\"text-align: justify\"><strong>1761<\/strong> <em>La Nueva Elo\u00edsa.<\/em><em> <\/em><\/p>\n<p style=\"text-align: justify\"><strong>1762<\/strong> Redacci\u00f3n de cuatro cartas autobiogr\u00e1ficas a Malesherbes (enero), <em>Emilio, El Contrato Social <\/em>y <em>Carta a Crist\u00f3bal de Beaumont<\/em> (respuesta a la prohibici\u00f3n del <em>Emilio<\/em> por el Arzobispo).<\/p>\n<p style=\"text-align: justify\"><strong>1764<\/strong> <em>Cartas escritas desde la monta\u00f1a<\/em> (respuesta a las <em>Cartas escritas desde el campo<\/em>,<em> <\/em>de J.R. Tronchini).<\/p>\n<p style=\"text-align: justify\"><strong>1765<\/strong> Redacci\u00f3n del <em>Proyecto de Constituci\u00f3n para C\u00f3rcega. <\/em><\/p>\n<p style=\"text-align: justify\"><strong>1766<\/strong> Redacci\u00f3n de la primera parte de las <em>Confesiones<\/em>.<\/p>\n<p style=\"text-align: justify\"><strong>1767<\/strong> <em>Diccionario de m\u00fasica<\/em>.<\/p>\n<p style=\"text-align: justify\"><strong>1771-2 <\/strong>Redacci\u00f3n de las <em>Consideraciones sobre el Gobierno de Polonia<\/em>.<\/p>\n<p style=\"text-align: justify\"><strong>1772-6<\/strong> Redacci\u00f3n de <em>Di\u00e1logos: Rousseau, juez de Jean-Jacques<\/em>.<\/p>\n<p style=\"text-align: justify\"><strong>1776-8 <\/strong>Redacci\u00f3n de <em>Ensue\u00f1os de un paseante solitario<\/em>.<\/p>\n<p><em> <\/em><em> <\/em><\/p>\n","protected":false},"excerpt":{"rendered":"<p>Jean-Jacques Rousseau naci\u00f3 en Ginebra el 28 de junio de 1712. Al fallecer su madre pocos d\u00edas despu\u00e9s de su nacimiento, su infancia transcurri\u00f3 en compa\u00f1\u00eda de su padre Isaac, un artesano relojero. Primero fue confiado a los cuidados de un pastor calvinista y luego a su t\u00edo, con lo que recibi\u00f3 una educaci\u00f3n bastante [&hellip;]<\/p>\n","protected":false},"author":1670,"featured_media":0,"parent":0,"menu_order":0,"comment_status":"open","ping_status":"open","template":"","meta":{"footnotes":""},"class_list":["post-38","page","type-page","status-publish","hentry"],"_links":{"self":[{"href":"https:\/\/blogs.ua.es\/jjrousseau\/wp-json\/wp\/v2\/pages\/38","targetHints":{"allow":["GET"]}}],"collection":[{"href":"https:\/\/blogs.ua.es\/jjrousseau\/wp-json\/wp\/v2\/pages"}],"about":[{"href":"https:\/\/blogs.ua.es\/jjrousseau\/wp-json\/wp\/v2\/types\/page"}],"author":[{"embeddable":true,"href":"https:\/\/blogs.ua.es\/jjrousseau\/wp-json\/wp\/v2\/users\/1670"}],"replies":[{"embeddable":true,"href":"https:\/\/blogs.ua.es\/jjrousseau\/wp-json\/wp\/v2\/comments?post=38"}],"version-history":[{"count":17,"href":"https:\/\/blogs.ua.es\/jjrousseau\/wp-json\/wp\/v2\/pages\/38\/revisions"}],"predecessor-version":[{"id":141,"href":"https:\/\/blogs.ua.es\/jjrousseau\/wp-json\/wp\/v2\/pages\/38\/revisions\/141"}],"wp:attachment":[{"href":"https:\/\/blogs.ua.es\/jjrousseau\/wp-json\/wp\/v2\/media?parent=38"}],"curies":[{"name":"wp","href":"https:\/\/api.w.org\/{rel}","templated":true}]}}