{"id":118,"date":"2011-12-29T16:23:07","date_gmt":"2011-12-29T15:23:07","guid":{"rendered":"https:\/\/blogs.ua.es\/jjrr2011\/?page_id=118"},"modified":"2013-02-05T13:09:48","modified_gmt":"2013-02-05T12:09:48","slug":"adreces","status":"publish","type":"page","link":"https:\/\/blogs.ua.es\/jjrr2011\/fisica-en-xarxa\/adreces\/","title":{"rendered":"Enlla\u00e7os"},"content":{"rendered":"<ul>\n<li>Els enlla\u00e7os d&#8217;Internet es poden consultar en el bloc del <a href=\"https:\/\/blogs.ua.es\/gitefideua\/fisica-web\/adreces\/\">GITE-FIDEUA<\/a>.<\/li>\n<li>Un conjunt d&#8217;enlla\u00e7os de divulgaci\u00f3 de f\u00edsica i qu\u00edmica es troba en l&#8217;<a href=\"http:\/\/intercentres.cult.gva.es\/iesleonardodavinci\/fisica\/Enlaces\/Enlaces6.htm\">IES Leonardo da Vinci<\/a>.<\/li>\n<li>El <a href=\"http:\/\/departamento.us.es\/dfisap2\/prog\/?c=euat\">departament de F\u00edsica Aplicada II<\/a> de la <a href=\"http:\/\/www.us.es\">Universitat de Sevilla<\/a> disposa d&#8217;una <a href=\"http:\/\/faeuat0.us.es\/fi\/index.htm\">p\u00e0gina web<\/a> molt interessant per a l&#8217;autoaprenentatge on podeu descarregar un llibre per cap\u00edtols de <a href=\"http:\/\/faeuat0.us.es\/fi\/apuntes.htm\">mec\u00e0nica<\/a> (continguts semblants als impartits en els fonaments f\u00edsics de les estructures), <a href=\"http:\/\/faeuat0.us.es\/fi\/examenes.htm\">ex\u00e0mens<\/a>, <a href=\"http:\/\/faeuat0.us.es\/fi\/practicas.htm\">pr\u00e0ctiques de laboratori<\/a> i q\u00fcestionaris d&#8217;<a href=\"http:\/\/faeuat0.us.es\/fi\/autoeval\/eleccion.htm\">autoavaluaci\u00f3<\/a> (material en castell\u00e0).<\/li>\n<li>Tamb\u00e9 podeu aprofitar les adreces de l&#8217;\u00edtem previ per a l&#8217;assignatura de <a href=\"http:\/\/faeuat0.us.es\/fii\/index.htm\">fonaments de les instal\u00b7lacions<\/a> i descarregar un llibre per <a href=\"http:\/\/faeuat0.us.es\/fii\/apuntes.htm\">cap\u00edtols<\/a>, <a href=\"http:\/\/faeuat0.us.es\/fii\/examenes.htm\">ex\u00e0mens<\/a>, <a href=\"http:\/\/faeuat0.us.es\/fii\/practicas.htm\">pr\u00e0ctiques<\/a> i q\u00fcestionaris d&#8217;<a href=\"http:\/\/faeuat0.us.es\/fii\/autoeval\/eleccion.htm\">autoavaluaci\u00f3<\/a>\u00a0 (material en castell\u00e0). Els enlla\u00e7os poden canviar o eliminar-se pel professorat encarregat de la web.<\/li>\n<\/ul>\n","protected":false},"excerpt":{"rendered":"<p>Els enlla\u00e7os d&#8217;Internet es poden consultar en el bloc del GITE-FIDEUA. Un conjunt d&#8217;enlla\u00e7os de divulgaci\u00f3 de f\u00edsica i qu\u00edmica es troba en l&#8217;IES Leonardo da Vinci. El departament de F\u00edsica Aplicada II de la Universitat de Sevilla disposa d&#8217;una p\u00e0gina web molt interessant per a l&#8217;autoaprenentatge on podeu descarregar un llibre per cap\u00edtols de [&hellip;]<\/p>\n","protected":false},"author":2285,"featured_media":0,"parent":51,"menu_order":0,"comment_status":"open","ping_status":"open","template":"","meta":{"footnotes":""},"class_list":["post-118","page","type-page","status-publish","hentry"],"_links":{"self":[{"href":"https:\/\/blogs.ua.es\/jjrr2011\/wp-json\/wp\/v2\/pages\/118","targetHints":{"allow":["GET"]}}],"collection":[{"href":"https:\/\/blogs.ua.es\/jjrr2011\/wp-json\/wp\/v2\/pages"}],"about":[{"href":"https:\/\/blogs.ua.es\/jjrr2011\/wp-json\/wp\/v2\/types\/page"}],"author":[{"embeddable":true,"href":"https:\/\/blogs.ua.es\/jjrr2011\/wp-json\/wp\/v2\/users\/2285"}],"replies":[{"embeddable":true,"href":"https:\/\/blogs.ua.es\/jjrr2011\/wp-json\/wp\/v2\/comments?post=118"}],"version-history":[{"count":6,"href":"https:\/\/blogs.ua.es\/jjrr2011\/wp-json\/wp\/v2\/pages\/118\/revisions"}],"predecessor-version":[{"id":489,"href":"https:\/\/blogs.ua.es\/jjrr2011\/wp-json\/wp\/v2\/pages\/118\/revisions\/489"}],"up":[{"embeddable":true,"href":"https:\/\/blogs.ua.es\/jjrr2011\/wp-json\/wp\/v2\/pages\/51"}],"wp:attachment":[{"href":"https:\/\/blogs.ua.es\/jjrr2011\/wp-json\/wp\/v2\/media?parent=118"}],"curies":[{"name":"wp","href":"https:\/\/api.w.org\/{rel}","templated":true}]}}