{"id":159,"date":"2012-02-01T16:07:25","date_gmt":"2012-02-01T15:07:25","guid":{"rendered":"https:\/\/blogs.ua.es\/jjrr2011\/?page_id=159"},"modified":"2012-02-07T13:39:20","modified_gmt":"2012-02-07T12:39:20","slug":"tema-1","status":"publish","type":"page","link":"https:\/\/blogs.ua.es\/jjrr2011\/programa\/tema-1\/","title":{"rendered":"TEMA 1. Principis de mec\u00e0nica general"},"content":{"rendered":"<p style=\"text-align: justify\">La <strong>mec\u00e0nica<\/strong> \u00e9s la branca de la f\u00edsica que estudia el moviment i la seua relaci\u00f3 amb les causes que l&#8217;originen. La <strong>cinem\u00e0tica<\/strong> \u00e9s la branca de la mec\u00e0nica que estudia les caracter\u00edstiques del moviment sense considerar les causes que l&#8217;originen (\u00e9s a dir, les forces). La <strong>din\u00e0mica<\/strong> \u00e9s la branca de la mec\u00e0nica que estudia la relaci\u00f3 del moviment amb la <strong>for\u00e7a<\/strong> i la <strong>massa<\/strong>.<\/p>\n<p style=\"text-align: justify\">En aquest tema posarem les bases per a entendre el concepte d&#8217;<strong>equilibri<\/strong> <strong>est\u00e0tic<\/strong> com a un cas particular de la din\u00e0mica. \u00c9s molt important per a l&#8217;edificaci\u00f3 l&#8217;estudi de les forces i els moments necessaris perqu\u00e8 els cossos molt amples romanguen est\u00e0tics. Per exemple, els cables que suporten un pont han de tindre la resist\u00e8ncia adequada, les grues que aixequen un pes han de dissenyar-se perqu\u00e8 no es tomben, etc. Les causes de les interaccions entre els cossos es descriuen mitjan\u00e7ant forces.<\/p>\n<p style=\"text-align: justify\">Les <strong>lleis de Newton<\/strong> relaciones les forces que els cossos exerceixen entre ells, i tamb\u00e9 relacionen els canvis en el moviment d&#8217;un objecte amb les forces que hi actuen. Aquestes lleis s\u00f3n: la llei d&#8217;in\u00e8rcia, l&#8217;equaci\u00f3 fonamental de la din\u00e0mica i el principi d&#8217;acci\u00f3 i reacci\u00f3. Cal assenyalar que el concepte de <strong>sistema de refer\u00e8ncia inercial<\/strong> \u00e9s fonamental per a les lleis del moviment de Newton. Tant la primera com la segona llei de Newton s\u00f3n v\u00e0lides \u00fanicament en els sistemes de refer\u00e8ncia inercials. Per a la tercera llei de Newton cal entendre que les forces d&#8217;acci\u00f3 i reacci\u00f3 actuen sobre cossos diferents i, encara que s\u00f3n iguals i oposades, no s&#8217;equilibren. El pes, com a exemple de for\u00e7a de gran inter\u00e9s de l&#8217;enginyeria, \u00e9s la for\u00e7a amb qu\u00e8 la Terra atrau a un objecte.<\/p>\n<p style=\"text-align: justify\">L&#8217;aplicaci\u00f3 de les lleis de Newton a la <strong>resoluci\u00f3 de problemes d&#8217;est\u00e0tica<\/strong> \u00e9s molt important, aix\u00ed com dibuixar correctament les forces que actuen sobre un cos (\u00e9s a dir, el <strong>diagrama de s\u00f2lid lliure<\/strong>). Donat el car\u00e0cter vectorial de la for\u00e7a, aquest tema tamb\u00e9 revisa les operacions vectorials i les seues propietats i els conceptes de magnituds i unitats en f\u00edsica. S&#8217;acaba amb una breu descripci\u00f3 del tractament d&#8217;errors i xifres significatives.<\/p>\n<p style=\"text-align: justify\">Un document amb un resum del bloc tem\u00e0tic de vectors lliscants es pot descarregar des de l&#8217;adre\u00e7a electr\u00f2nica del Repositori Institucional de la Universitat d&#8217;Alacant: <a href=\"http:\/\/rua.ua.es\/dspace\/handle\/10045\/19106\">http:\/\/rua.ua.es\/dspace\/handle\/10045\/19106<\/a>.<\/p>\n<p style=\"text-align: justify\"><strong>Bibliografia<\/strong><\/p>\n<p style=\"text-align: justify\">Rodes Roca, J. J., Dur\u00e1 Dom\u00e9nech, A. i Vera Guarinos, J., <em>Fonaments f\u00edsics de les construccions arquitect\u00f2niques<\/em> (Publicacions de la Universitat d&#8217;Alacant, Alacant, 2011). Cap\u00edtols 1 i 2.<\/p>\n<p style=\"text-align: justify\">Rodes Roca, J. J., <em>Exercicis i problemes dels fonaments f\u00edsics d&#8217;arquitectura. I. Vectors lliscants i geometria de masses<\/em> (ECU, Alacant, 2009)<\/p>\n<p style=\"text-align: justify\">Tipler, P. A. i Mosca, G., F\u00edsica per a la ci\u00e8ncia i la tecnologia, Volum 1 (Revert\u00e9, Barcelona, 2010). Cap\u00edtols 1, 4 i 12.<\/p>\n<p style=\"text-align: justify\">\n","protected":false},"excerpt":{"rendered":"<p>La mec\u00e0nica \u00e9s la branca de la f\u00edsica que estudia el moviment i la seua relaci\u00f3 amb les causes que l&#8217;originen. La cinem\u00e0tica \u00e9s la branca de la mec\u00e0nica que estudia les caracter\u00edstiques del moviment sense considerar les causes que l&#8217;originen (\u00e9s a dir, les forces). La din\u00e0mica \u00e9s la branca de la mec\u00e0nica que [&hellip;]<\/p>\n","protected":false},"author":2285,"featured_media":0,"parent":41,"menu_order":0,"comment_status":"open","ping_status":"open","template":"","meta":{"footnotes":""},"class_list":["post-159","page","type-page","status-publish","hentry"],"_links":{"self":[{"href":"https:\/\/blogs.ua.es\/jjrr2011\/wp-json\/wp\/v2\/pages\/159","targetHints":{"allow":["GET"]}}],"collection":[{"href":"https:\/\/blogs.ua.es\/jjrr2011\/wp-json\/wp\/v2\/pages"}],"about":[{"href":"https:\/\/blogs.ua.es\/jjrr2011\/wp-json\/wp\/v2\/types\/page"}],"author":[{"embeddable":true,"href":"https:\/\/blogs.ua.es\/jjrr2011\/wp-json\/wp\/v2\/users\/2285"}],"replies":[{"embeddable":true,"href":"https:\/\/blogs.ua.es\/jjrr2011\/wp-json\/wp\/v2\/comments?post=159"}],"version-history":[{"count":10,"href":"https:\/\/blogs.ua.es\/jjrr2011\/wp-json\/wp\/v2\/pages\/159\/revisions"}],"predecessor-version":[{"id":161,"href":"https:\/\/blogs.ua.es\/jjrr2011\/wp-json\/wp\/v2\/pages\/159\/revisions\/161"}],"up":[{"embeddable":true,"href":"https:\/\/blogs.ua.es\/jjrr2011\/wp-json\/wp\/v2\/pages\/41"}],"wp:attachment":[{"href":"https:\/\/blogs.ua.es\/jjrr2011\/wp-json\/wp\/v2\/media?parent=159"}],"curies":[{"name":"wp","href":"https:\/\/api.w.org\/{rel}","templated":true}]}}