{"id":169,"date":"2012-02-01T17:25:39","date_gmt":"2012-02-01T16:25:39","guid":{"rendered":"https:\/\/blogs.ua.es\/jjrr2011\/?page_id=169"},"modified":"2012-12-15T11:47:06","modified_gmt":"2012-12-15T10:47:06","slug":"tema-2","status":"publish","type":"page","link":"https:\/\/blogs.ua.es\/jjrr2011\/programa\/tema-2\/","title":{"rendered":"TEMA 2. Vectors lliscants"},"content":{"rendered":"<p style=\"text-align: justify\">En aquest cap\u00edtol es destaca que les forces o c\u00e0rregues tenen un car\u00e0cter de vectors lliscants, d&#8217;on es podr\u00e0 aplicar tota l&#8217;an\u00e0lisi vectorial estudiada. El m\u00e9s important \u00e9s saber que per a tindre determinat un vector lliscant, cal con\u00e9ixer-ne les components i les coordenades d&#8217;un punt d&#8217;aplicaci\u00f3. Ser\u00e0 fonamental entendre la definici\u00f3 del moment d&#8217;una for\u00e7a respecte d&#8217;un punt P i el seu c\u00e0lcul.<\/p>\n<p style=\"text-align: justify\">En aquest cap\u00edtol s&#8217;aprendr\u00e0 a <strong>reduir<\/strong> un sistema de vectors lliscants a dos vectors que constitueixen all\u00f2 que s&#8217;anomena <strong>tor\u00e7or del sistema<\/strong>. Els vectors que formen el tor\u00e7or s\u00f3n la <strong>resultant general<\/strong> i el <strong>moment resultant<\/strong> respecte a un punt donat.<\/p>\n<p style=\"text-align: justify\">Si descomponem el moment resultant en dues components, una que tinga la direcci\u00f3 de la resultant i una altra que tinga la direcci\u00f3 perpendicular, es pot demostrar que hi ha un conjunt de punts en qu\u00e8 la component perpendicular \u00e9s nul\u00b7la. Aquests punts formen una recta que es diu <strong>eix central del sistema<\/strong>. A m\u00e9s, en aquests punts es compleix que el <strong>moment<\/strong> respecte als punts que pertanyen a l&#8217;eix central \u00e9s <strong>m\u00ednim<\/strong>. Aquestes propietats permeten definir l&#8217;eix central com: a) el lloc geom\u00e8tric dels punts respecte dels quals el vector moment \u00e9s paral\u00b7lel a la resultant; o b) el lloc geom\u00e8tric dels punts en qu\u00e8 el vector moment resultant \u00e9s m\u00ednim.<\/p>\n<p style=\"text-align: justify\">El <strong>teorema de Varignon generalitzat<\/strong> estableix que si un sistema de vectors lliscants t\u00e9 el moment m\u00ednim nul, el moment d&#8217;aquest sistema de vectors respecte d&#8217;un punt qualsevol coincideix amb el moment de la resultant respecte d&#8217;aquest mateix punt, si suposem que la resultant actua sobre l&#8217;eix central. Aquest teorema s&#8217;aplica a sistemes de vectors coplanaris, paral\u00b7lels o concurrents.<\/p>\n<p style=\"text-align: justify\">\u00a0La classificaci\u00f3 d&#8217;un sistema de vectors lliscants es pot establir a partir dels dos invariants que el defineixen. El <strong>primer invariant<\/strong> \u00e9s la <strong>resultant<\/strong> i el <strong>segon invariant<\/strong> \u00e9s el <strong>m\u00f2dul del moment m\u00ednim<\/strong>.<\/p>\n<p>Un document amb un resum del bloc tem\u00e0tic de vectors lliscants es pot descarregar des de l&#8217;adre\u00e7a electr\u00f2nica del Repositori Institucional de la Universitat d&#8217;Alacant: <a href=\"http:\/\/rua.ua.es\/dspace\/handle\/10045\/19106\">http:\/\/rua.ua.es\/dspace\/handle\/10045\/19106<\/a>. Podeu consultar la presentaci\u00f3 corresponent a la sessi\u00f3 de teoria de vectors lliscants en l&#8217;adre\u00e7a electr\u00f2nica <a href=\"http:\/\/hdl.handle.net\/10045\/20609\">http:\/\/hdl.handle.net\/10045\/20609<\/a>.<\/p>\n<p style=\"text-align: justify\"><strong>Bibliografia<\/strong><\/p>\n<p style=\"text-align: justify\">Rodes Roca, J. J., Dur\u00e1 Dom\u00e9nech, A. i Vera Guarinos, J., <em>Fonaments f\u00edsics de les construccions arquitect\u00f2niques<\/em> (Publicacions de la Universitat d&#8217;Alacant, Alacant, 2011). Cap\u00edtol 3.<\/p>\n<p style=\"text-align: justify\">Rodes Roca, J. J., <em>Exercicis i problemes dels fonaments f\u00edsics d&#8217;arquitectura. I. Vectors lliscants i geometria de masses<\/em> (ECU, Alacant, 2009)<\/p>\n<p>Tipler, P. A. i Mosca, G., F\u00edsica per a la ci\u00e8ncia i la tecnologia, Volum 1 (Revert\u00e9, Barcelona, 2010). Cap\u00edtols 1 i 12.<\/p>\n<p>&nbsp;<\/p>\n","protected":false},"excerpt":{"rendered":"<p>En aquest cap\u00edtol es destaca que les forces o c\u00e0rregues tenen un car\u00e0cter de vectors lliscants, d&#8217;on es podr\u00e0 aplicar tota l&#8217;an\u00e0lisi vectorial estudiada. El m\u00e9s important \u00e9s saber que per a tindre determinat un vector lliscant, cal con\u00e9ixer-ne les components i les coordenades d&#8217;un punt d&#8217;aplicaci\u00f3. Ser\u00e0 fonamental entendre la definici\u00f3 del moment d&#8217;una [&hellip;]<\/p>\n","protected":false},"author":2285,"featured_media":0,"parent":41,"menu_order":1,"comment_status":"open","ping_status":"open","template":"","meta":{"footnotes":""},"class_list":["post-169","page","type-page","status-publish","hentry"],"_links":{"self":[{"href":"https:\/\/blogs.ua.es\/jjrr2011\/wp-json\/wp\/v2\/pages\/169","targetHints":{"allow":["GET"]}}],"collection":[{"href":"https:\/\/blogs.ua.es\/jjrr2011\/wp-json\/wp\/v2\/pages"}],"about":[{"href":"https:\/\/blogs.ua.es\/jjrr2011\/wp-json\/wp\/v2\/types\/page"}],"author":[{"embeddable":true,"href":"https:\/\/blogs.ua.es\/jjrr2011\/wp-json\/wp\/v2\/users\/2285"}],"replies":[{"embeddable":true,"href":"https:\/\/blogs.ua.es\/jjrr2011\/wp-json\/wp\/v2\/comments?post=169"}],"version-history":[{"count":9,"href":"https:\/\/blogs.ua.es\/jjrr2011\/wp-json\/wp\/v2\/pages\/169\/revisions"}],"predecessor-version":[{"id":456,"href":"https:\/\/blogs.ua.es\/jjrr2011\/wp-json\/wp\/v2\/pages\/169\/revisions\/456"}],"up":[{"embeddable":true,"href":"https:\/\/blogs.ua.es\/jjrr2011\/wp-json\/wp\/v2\/pages\/41"}],"wp:attachment":[{"href":"https:\/\/blogs.ua.es\/jjrr2011\/wp-json\/wp\/v2\/media?parent=169"}],"curies":[{"name":"wp","href":"https:\/\/api.w.org\/{rel}","templated":true}]}}