{"id":2,"date":"2011-10-27T14:44:14","date_gmt":"2011-10-27T14:44:14","guid":{"rendered":"https:\/\/blogs.ua.es\/jjrr2011\/?page_id=2"},"modified":"2011-11-04T13:26:11","modified_gmt":"2011-11-04T12:26:11","slug":"informacio","status":"publish","type":"page","link":"https:\/\/blogs.ua.es\/jjrr2011\/informacio\/","title":{"rendered":"Informaci\u00f3"},"content":{"rendered":"<p>Benvingut\/da al bloc de l&#8217;assignatura Fonaments F\u00edsics de les Estructures del <a title=\"Estudis de Grau\" href=\"http:\/\/www.ua.es\/va\/estudios\/estudios-grado.html\">Grau en Enginyeria d&#8217;Edificaci\u00f3<\/a>, de l&#8217;<a title=\"P\u00e0gina web de l'EPS\" href=\"http:\/\/www.eps.ua.es\">Escola Polit\u00e8cnica Superior<\/a> de la <a title=\"P\u00e0gina web de la UA\" href=\"http:\/\/www.ua.es\/va\/index.html\">Universitat d&#8217;Alacant<\/a>. Aquest bloc fa \u00fas de la plataforma <a title=\"Blocs de la UA\" href=\"https:\/\/blogs.ua.es\">blogs.ua.es<\/a> (blocs de la UA) creada per a \u00fas de tota la comunitat universit\u00e0ria i, en particular, pel professorat de la Universitat d&#8217;Alacant.<\/p>\n<p>L&#8217;objectiu d&#8217;aquest bloc \u00e9s proporcionar una eina interactiva entre l&#8217;alumnat i el professorat en el sentit m\u00e9s ample possible. \u00c9s a dir, no nom\u00e9s hi haur\u00e0 informaci\u00f3 sobre l&#8217;assignatura sin\u00f3 que s&#8217;afegiran enlla\u00e7os d&#8217;inter\u00e8s\u00a0 i not\u00edcies que poden servir per a qualsevol persona interessada en aprendre d&#8217;una forma diferent. En aquest sentit, trobareu elements de divulgaci\u00f3 de la ci\u00e8ncia i con\u00e8ixer altres aspectes m\u00e9s l\u00fadics de la f\u00edsica.<\/p>\n","protected":false},"excerpt":{"rendered":"<p>Benvingut\/da al bloc de l&#8217;assignatura Fonaments F\u00edsics de les Estructures del Grau en Enginyeria d&#8217;Edificaci\u00f3, de l&#8217;Escola Polit\u00e8cnica Superior de la Universitat d&#8217;Alacant. Aquest bloc fa \u00fas de la plataforma blogs.ua.es (blocs de la UA) creada per a \u00fas de tota la comunitat universit\u00e0ria i, en particular, pel professorat de la Universitat d&#8217;Alacant. L&#8217;objectiu d&#8217;aquest [&hellip;]<\/p>\n","protected":false},"author":2285,"featured_media":0,"parent":0,"menu_order":0,"comment_status":"open","ping_status":"open","template":"","meta":{"footnotes":""},"class_list":["post-2","page","type-page","status-publish","hentry"],"_links":{"self":[{"href":"https:\/\/blogs.ua.es\/jjrr2011\/wp-json\/wp\/v2\/pages\/2","targetHints":{"allow":["GET"]}}],"collection":[{"href":"https:\/\/blogs.ua.es\/jjrr2011\/wp-json\/wp\/v2\/pages"}],"about":[{"href":"https:\/\/blogs.ua.es\/jjrr2011\/wp-json\/wp\/v2\/types\/page"}],"author":[{"embeddable":true,"href":"https:\/\/blogs.ua.es\/jjrr2011\/wp-json\/wp\/v2\/users\/2285"}],"replies":[{"embeddable":true,"href":"https:\/\/blogs.ua.es\/jjrr2011\/wp-json\/wp\/v2\/comments?post=2"}],"version-history":[{"count":6,"href":"https:\/\/blogs.ua.es\/jjrr2011\/wp-json\/wp\/v2\/pages\/2\/revisions"}],"predecessor-version":[{"id":34,"href":"https:\/\/blogs.ua.es\/jjrr2011\/wp-json\/wp\/v2\/pages\/2\/revisions\/34"}],"wp:attachment":[{"href":"https:\/\/blogs.ua.es\/jjrr2011\/wp-json\/wp\/v2\/media?parent=2"}],"curies":[{"name":"wp","href":"https:\/\/api.w.org\/{rel}","templated":true}]}}