{"id":41,"date":"2011-11-04T15:28:19","date_gmt":"2011-11-04T14:28:19","guid":{"rendered":"https:\/\/blogs.ua.es\/jjrr2011\/?page_id=41"},"modified":"2012-05-11T17:35:24","modified_gmt":"2012-05-11T16:35:24","slug":"programa","status":"publish","type":"page","link":"https:\/\/blogs.ua.es\/jjrr2011\/programa\/","title":{"rendered":"Programa"},"content":{"rendered":"<ol>\n<li>\n<p lang=\"ca-ES\" align=\"JUSTIFY\"><a href=\"https:\/\/blogs.ua.es\/jjrr2011\/programa\/tema-1\/\"><strong>Principis de mec\u00e0nica general, vectors, sistemes de forces.<\/strong><\/a><\/p>\n<ul>\n<li>\n<p lang=\"ca-ES\" align=\"JUSTIFY\">Breu introducci\u00f3 a les magnituds f\u00edsiques.<\/p>\n<\/li>\n<li>\n<p lang=\"ca-ES\" align=\"JUSTIFY\">Definici\u00f3 de for\u00e7a. Lleis de Newton.<\/p>\n<\/li>\n<li>\n<p lang=\"ca-ES\" align=\"JUSTIFY\">Magnituds escalars i vectorials.<\/p>\n<\/li>\n<li>\n<p lang=\"ca-ES\" align=\"JUSTIFY\">\u00c0lgebra vectorial i geometria anal\u00edtica.<\/p>\n<\/li>\n<li>\n<p lang=\"ca-ES\" align=\"JUSTIFY\">Producte escalar i producte vectorial.<\/p>\n<\/li>\n<\/ul>\n<\/li>\n<\/ol>\n<ol start=\"2\">\n<li>\n<p lang=\"ca-ES\" align=\"JUSTIFY\"><a href=\"https:\/\/blogs.ua.es\/jjrr2011\/programa\/tema-2\/\"><strong>Vectors lliscants.<\/strong><\/a><\/p>\n<ul>\n<li>\n<p lang=\"ca-ES\" align=\"JUSTIFY\">Definici\u00f3 de vector lliscant.<\/p>\n<\/li>\n<li>\n<p lang=\"ca-ES\" align=\"JUSTIFY\">Moment d&#8217;un vector lliscant.<\/p>\n<\/li>\n<li>\n<p lang=\"ca-ES\" align=\"JUSTIFY\">Sistemes de vectors lliscants.<\/p>\n<\/li>\n<li>\n<p lang=\"ca-ES\" align=\"JUSTIFY\">Moment m\u00ednim.<\/p>\n<\/li>\n<li>\n<p lang=\"ca-ES\" align=\"JUSTIFY\">Equaci\u00f3 de l&#8217;eix central.<\/p>\n<\/li>\n<li>\n<p lang=\"ca-ES\" align=\"JUSTIFY\">Classificaci\u00f3 de sistemes de vectors lliscants.<\/p>\n<\/li>\n<\/ul>\n<ul>\n<li>\n<p lang=\"ca-ES\" align=\"JUSTIFY\">Teorema de Varignon generalitzat.<\/p>\n<\/li>\n<\/ul>\n<\/li>\n<\/ol>\n<ol start=\"3\">\n<li>\n<p lang=\"ca-ES\" align=\"JUSTIFY\"><a href=\"https:\/\/blogs.ua.es\/jjrr2011\/programa\/tema-3\/\"><strong>Centres de gravetat de superf\u00edcies planes.<\/strong><\/a><\/p>\n<ul>\n<li>\n<p lang=\"ca-ES\" align=\"JUSTIFY\">Centres de gravetat de superf\u00edcies planes.<\/p>\n<\/li>\n<li>\n<p lang=\"ca-ES\" align=\"JUSTIFY\">C\u00e0lcul sistem\u00e0tic de centres de gravetat.<\/p>\n<\/li>\n<li>\n<p lang=\"ca-ES\" align=\"JUSTIFY\">Teoremes de Pappos-Guldin.<\/p>\n<\/li>\n<li>\n<p lang=\"ca-ES\" align=\"JUSTIFY\">Moments est\u00e0tics i centre de gravetat d&#8217;una superf\u00edcie.<\/p>\n<\/li>\n<\/ul>\n<\/li>\n<\/ol>\n<ol start=\"4\">\n<li>\n<p lang=\"ca-ES\" align=\"JUSTIFY\"><a href=\"https:\/\/blogs.ua.es\/jjrr2011\/programa\/tema-4\"><strong>Moments d&#8217;in\u00e8rcia de superf\u00edcies planes.<\/strong><\/a><\/p>\n<ul>\n<li>\n<p lang=\"ca-ES\" align=\"JUSTIFY\">Moments d&#8217;in\u00e8rcia de superf\u00edcies planes.<\/p>\n<\/li>\n<li>\n<p lang=\"ca-ES\" align=\"JUSTIFY\">Radi de gir.<\/p>\n<\/li>\n<li>\n<p lang=\"ca-ES\" align=\"JUSTIFY\">Equaci\u00f3 del camp de moments. Teorema de Steiner.<\/p>\n<\/li>\n<li>\n<p lang=\"ca-ES\" align=\"JUSTIFY\">Productes d&#8217;in\u00e8rcia.<\/p>\n<\/li>\n<li>\n<p lang=\"ca-ES\" align=\"JUSTIFY\">Moments d&#8217;in\u00e8rcia geom\u00e8trics i m\u00e0ssics.<\/p>\n<\/li>\n<\/ul>\n<\/li>\n<\/ol>\n<ol start=\"5\">\n<li>\n<p lang=\"ca-ES\" align=\"JUSTIFY\"><a href=\"https:\/\/blogs.ua.es\/jjrr2011\/programa\/tema-5\"><strong>Moments i direccions principals d&#8217;in\u00e8rcia de superf\u00edcies planes.<\/strong><\/a><\/p>\n<ul>\n<li>\n<p lang=\"ca-ES\" align=\"JUSTIFY\">Moments principals d&#8217;in\u00e8rcia de superf\u00edcies planes.<\/p>\n<\/li>\n<li>\n<p lang=\"ca-ES\" align=\"JUSTIFY\">Direccions principals d&#8217;in\u00e8rcia de superf\u00edcies planes.<\/p>\n<\/li>\n<li>\n<p lang=\"ca-ES\" align=\"JUSTIFY\">Propietats dels eixos principals d&#8217;in\u00e8rcia.<\/p>\n<\/li>\n<li>\n<p lang=\"ca-ES\" align=\"JUSTIFY\">C\u00e0lcul de les direccions principals d&#8217;in\u00e8rcia.<\/p>\n<\/li>\n<\/ul>\n<\/li>\n<\/ol>\n<ol start=\"6\">\n<li>\n<p lang=\"ca-ES\" align=\"JUSTIFY\"><a href=\"https:\/\/blogs.ua.es\/jjrr2011\/programa\/tema-6\"><strong>Principis de l&#8217;est\u00e0tica.<\/strong><\/a><\/p>\n<ul>\n<li>\n<p lang=\"ca-ES\" align=\"JUSTIFY\">Principis de l&#8217;est\u00e0tica.<\/p>\n<\/li>\n<li>\n<p lang=\"ca-ES\" align=\"JUSTIFY\">Enlla\u00e7os o lligams.<\/p>\n<\/li>\n<li>\n<p lang=\"ca-ES\" align=\"JUSTIFY\">Fregament.<\/p>\n<\/li>\n<li>\n<p lang=\"ca-ES\" align=\"JUSTIFY\">Diagrames de s\u00f2lid lliure.<\/p>\n<\/li>\n<\/ul>\n<\/li>\n<\/ol>\n<ol start=\"7\">\n<li>\n<p lang=\"ca-ES\" align=\"JUSTIFY\"><a href=\"https:\/\/blogs.ua.es\/jjrr2011\/programa\/tema-7\"><strong>Resoluci\u00f3 anal\u00edtica de sistemes de forces coplan\u00e0ries.<\/strong><\/a><\/p>\n<ul>\n<li>\n<p lang=\"ca-ES\" align=\"JUSTIFY\">Resoluci\u00f3 anal\u00edtica de sistemes de forces coplan\u00e0ries.<\/p>\n<\/li>\n<li>\n<p lang=\"ca-ES\" align=\"JUSTIFY\">Cas general.<\/p>\n<\/li>\n<li>\n<p lang=\"ca-ES\" align=\"JUSTIFY\">Forces concurrents.<\/p>\n<\/li>\n<li>\n<p lang=\"ca-ES\" align=\"JUSTIFY\">Forces paral\u00b7leles.<\/p>\n<\/li>\n<li>\n<p lang=\"ca-ES\" align=\"JUSTIFY\">Forces distribu\u00efdes. Funci\u00f3 densitat de c\u00e0rrega.<\/p>\n<\/li>\n<li>\n<p lang=\"ca-ES\" align=\"JUSTIFY\">Estabilitat i gir.<\/p>\n<\/li>\n<\/ul>\n<\/li>\n<\/ol>\n<ol start=\"8\">\n<li>\n<p lang=\"ca-ES\" align=\"JUSTIFY\"><a href=\"https:\/\/blogs.ua.es\/jjrr2011\/programa\/tema-8\"><strong>Resoluci\u00f3 gr\u00e0fica de sistemes de forces coplan\u00e0ries.<\/strong><\/a><\/p>\n<ul>\n<li>\n<p lang=\"ca-ES\" align=\"JUSTIFY\">Resoluci\u00f3 anal\u00edtica de sistemes de forces coplan\u00e0ries.<\/p>\n<\/li>\n<li>\n<p align=\"JUSTIFY\">Pol\u00edgon de forces.<\/p>\n<\/li>\n<li>\n<p lang=\"ca-ES\" align=\"JUSTIFY\">Pol\u00edgon funicular.<\/p>\n<\/li>\n<li>\n<p lang=\"ca-ES\" align=\"JUSTIFY\">Condicions gr\u00e0fiques per a l&#8217;equilibri.<\/p>\n<\/li>\n<li>\n<p lang=\"ca-ES\" align=\"JUSTIFY\">Propietats del pol\u00edgon funicular.<\/p>\n<\/li>\n<li>\n<p lang=\"ca-ES\" align=\"JUSTIFY\">Aplicacions.<\/p>\n<\/li>\n<\/ul>\n<\/li>\n<\/ol>\n<ol start=\"9\">\n<li>\n<p lang=\"ca-ES\" align=\"JUSTIFY\"><a href=\"https:\/\/blogs.ua.es\/jjrr2011\/programa\/tema-9\"><strong>Principis del comportament el\u00e0stic del s\u00f2lid.<\/strong><\/a><\/p>\n<ul>\n<li>\n<p lang=\"ca-ES\" align=\"JUSTIFY\">Principis del comportament el\u00e0stic del s\u00f2lid.<\/p>\n<\/li>\n<li>\n<p lang=\"ca-ES\" align=\"JUSTIFY\">M\u00e8tode de les seccions.<\/p>\n<\/li>\n<li>\n<p lang=\"ca-ES\" align=\"JUSTIFY\">Tensi\u00f3 normal i tensi\u00f3 tallant.<\/p>\n<\/li>\n<li>\n<p lang=\"ca-ES\" align=\"JUSTIFY\">Deformaci\u00f3 axial: m\u00f2dul de Young.<\/p>\n<\/li>\n<\/ul>\n<\/li>\n<\/ol>\n<ol start=\"10\">\n<li>\n<p lang=\"ca-ES\" align=\"JUSTIFY\"><a href=\"https:\/\/blogs.ua.es\/jjrr2011\/programa\/tema-10\/\"><strong>Determinaci\u00f3 d&#8217;esfor\u00e7os en elements estructurals: entramats articulats plans.<\/strong><\/a><\/p>\n<ul>\n<li>\n<p lang=\"ca-ES\" align=\"JUSTIFY\">Entramats articulats plans.<\/p>\n<\/li>\n<li>\n<p lang=\"ca-ES\" align=\"JUSTIFY\">Hip\u00f2tesis simplificadores.<\/p>\n<\/li>\n<li>\n<p lang=\"ca-ES\" align=\"JUSTIFY\">Sistemes isost\u00e0tics i hiperest\u00e0tics.<\/p>\n<\/li>\n<li>\n<p lang=\"ca-ES\" align=\"JUSTIFY\">M\u00e8tode dels nusos.<\/p>\n<\/li>\n<li>\n<p lang=\"ca-ES\" align=\"JUSTIFY\">M\u00e8tode de Maxwell-Cremona.<\/p>\n<\/li>\n<li>\n<p lang=\"ca-ES\" align=\"JUSTIFY\">M\u00e8tode de Ritter.<\/p>\n<\/li>\n<\/ul>\n<\/li>\n<\/ol>\n<ol start=\"11\">\n<li>\n<p lang=\"ca-ES\" align=\"JUSTIFY\"><a href=\"https:\/\/blogs.ua.es\/jjrr2011\/programa\/tema-11\/\"><strong>Determinaci\u00f3 d&#8217;esfor\u00e7os en elements estructurals: bigues isost\u00e0tiques.<\/strong><\/a><\/p>\n<ul>\n<li>\n<p lang=\"ca-ES\" align=\"JUSTIFY\">Bigues isost\u00e0tiques: introducci\u00f3.<\/p>\n<\/li>\n<li>\n<p lang=\"ca-ES\" align=\"JUSTIFY\">Reaccions d&#8217;enlla\u00e7 en els suports.<\/p>\n<\/li>\n<li>\n<p lang=\"ca-ES\" align=\"JUSTIFY\">Tipus de sol\u00b7licitacions.<\/p>\n<\/li>\n<li>\n<p lang=\"ca-ES\" align=\"JUSTIFY\">Esfor\u00e7os interns en una biga. Conveni de signes.<\/p>\n<\/li>\n<li>\n<p lang=\"ca-ES\" align=\"JUSTIFY\">C\u00e0rregues, esfor\u00e7os tallants i axials.<\/p>\n<\/li>\n<li>\n<p lang=\"ca-ES\" align=\"JUSTIFY\">Resoluci\u00f3 gr\u00e0fica d&#8217;una biga.<\/p>\n<\/li>\n<li>\n<p lang=\"ca-ES\" align=\"JUSTIFY\">El\u00e0stica d&#8217;una biga.<\/p>\n<\/li>\n<\/ul>\n<\/li>\n<\/ol>\n","protected":false},"excerpt":{"rendered":"<p>Principis de mec\u00e0nica general, vectors, sistemes de forces. Breu introducci\u00f3 a les magnituds f\u00edsiques. Definici\u00f3 de for\u00e7a. Lleis de Newton. Magnituds escalars i vectorials. \u00c0lgebra vectorial i geometria anal\u00edtica. Producte escalar i producte vectorial. Vectors lliscants. Definici\u00f3 de vector lliscant. Moment d&#8217;un vector lliscant. Sistemes de vectors lliscants. Moment m\u00ednim. Equaci\u00f3 de l&#8217;eix central. Classificaci\u00f3 [&hellip;]<\/p>\n","protected":false},"author":2285,"featured_media":0,"parent":0,"menu_order":0,"comment_status":"open","ping_status":"open","template":"","meta":{"footnotes":""},"class_list":["post-41","page","type-page","status-publish","hentry"],"_links":{"self":[{"href":"https:\/\/blogs.ua.es\/jjrr2011\/wp-json\/wp\/v2\/pages\/41","targetHints":{"allow":["GET"]}}],"collection":[{"href":"https:\/\/blogs.ua.es\/jjrr2011\/wp-json\/wp\/v2\/pages"}],"about":[{"href":"https:\/\/blogs.ua.es\/jjrr2011\/wp-json\/wp\/v2\/types\/page"}],"author":[{"embeddable":true,"href":"https:\/\/blogs.ua.es\/jjrr2011\/wp-json\/wp\/v2\/users\/2285"}],"replies":[{"embeddable":true,"href":"https:\/\/blogs.ua.es\/jjrr2011\/wp-json\/wp\/v2\/comments?post=41"}],"version-history":[{"count":17,"href":"https:\/\/blogs.ua.es\/jjrr2011\/wp-json\/wp\/v2\/pages\/41\/revisions"}],"predecessor-version":[{"id":403,"href":"https:\/\/blogs.ua.es\/jjrr2011\/wp-json\/wp\/v2\/pages\/41\/revisions\/403"}],"wp:attachment":[{"href":"https:\/\/blogs.ua.es\/jjrr2011\/wp-json\/wp\/v2\/media?parent=41"}],"curies":[{"name":"wp","href":"https:\/\/api.w.org\/{rel}","templated":true}]}}