{"id":45,"date":"2011-11-04T16:55:31","date_gmt":"2011-11-04T15:55:31","guid":{"rendered":"https:\/\/blogs.ua.es\/jjrr2011\/?page_id=45"},"modified":"2017-04-30T10:58:18","modified_gmt":"2017-04-30T09:58:18","slug":"bibliografia","status":"publish","type":"page","link":"https:\/\/blogs.ua.es\/jjrr2011\/bibliografia\/","title":{"rendered":"Bibliografia"},"content":{"rendered":"<ul>\n<li>A. Bedford i W. Fowler. <strong>Mec\u00e1nica para ingenier\u00eda: Est\u00e1tica<\/strong>. Addison Wesley Longman de M\u00e9xico (M\u00e9xico, 2000)\n<ul style=\"text-align: justify\">\n<li>Aquest llibre tracta pr\u00e0cticament tots els temes de Mec\u00e0nica Aplicada a la construcci\u00f3 d&#8217;arquitectura t\u00e8cnica. Cont\u00e9 un gran nombre d&#8217;exercicis resolts, intercalats als desenvolupaments te\u00f2rics, que facilita la comprensi\u00f3 dels conceptes te\u00f2rics que s&#8217;introdueixen i fan que siga atractiu per a l&#8217;alumnat. No es perd en grans desenvolupaments ni elucubracions, sin\u00f3 que aborda les q\u00fcestions que tracta amb bastant claredat i precisi\u00f3. El disseny del llibre permet dir que \u00e9s de gran qualitat did\u00e0ctica i les il\u00b7lustracions ajuden a presentar els conceptes amb la major claredat possible. A m\u00e9s a m\u00e9s, disposa de CD amb material complementari molt interessant. Recomanable per a l&#8217;assignatura.<\/li>\n<\/ul>\n<\/li>\n<li>M. V\u00e1zquez i E. L\u00f3pez. <strong>Mec\u00e1nica para ingenieros<\/strong>. Noela (Madrid, 2007)\n<ul style=\"text-align: justify\">\n<li>Aquest llibre utilitza un formalisme cl\u00e0ssic amb clara orientaci\u00f3 t\u00e8cnica. No tracta els sistemes de vectors lliscants, sin\u00f3 que comen\u00e7a directament del concepte vectorial de for\u00e7a. Excel\u00b7lent cap\u00edtol dedicat a les estructures articulades. Cont\u00e9 exemples resolts i exercicis proposats. Adequat per a l&#8217;assignatura.<\/li>\n<\/ul>\n<\/li>\n<li>I. H. Shames. <strong>Mec\u00e1nica para ingenieros: Est\u00e1tica<\/strong>. Prentice Hall Iberia (Madrid, 1999)\n<ul style=\"text-align: justify\">\n<li>Quarta edici\u00f3 d&#8217;un llibre dedicat fonamentalment a la mec\u00e0nica aplicada a l&#8217;enginyeria en el sentit m\u00e9s ample. Presenta una varietat de metodologies per a la resoluci\u00f3 d&#8217;exercicis que s&#8217;apliquen als exercicis proposats. Pot ser el nivell \u00e9s elevat per\u00f2 sense dubtes \u00e9s un text que permet aprofundir en els problemes que l&#8217;enginyeria ha de resoldre mitjan\u00e7ant la mec\u00e0nica.<\/li>\n<\/ul>\n<\/li>\n<li>R. C. Hibbeler. <strong>Mec\u00e1nica vectorial para ingenieros: Est\u00e1tica<\/strong>. Pearson Educaci\u00f3n (M\u00e9xico, 2004)\n<ul style=\"text-align: justify\">\n<li>Desena edici\u00f3 que ofereix una presentaci\u00f3 concisa i completa de la teoria i aplicaci\u00f3 de l&#8217;enginyeria mec\u00e0nica. El material est\u00e0 refor\u00e7at amb gran quantitat d&#8217;exemples, problemes originals i imaginatius ben il\u00b7lustrats. Aquesta edici\u00f3 utilitza figures molt detallades amb gran qualitat fotogr\u00e0fica que es presenten en tres dimensions per a atraure l&#8217;atenci\u00f3 de qui apr\u00e8n millor de manera visual. Els procediments per a les seccions d&#8217;an\u00e0lisi proporcionen a l&#8217;alumnat un m\u00e8tode l\u00f2gic i ordenat per a aplicar la teoria i desenvolupar l&#8217;habilitat per a resoldre problemes.<\/li>\n<\/ul>\n<\/li>\n<li>J. J. Rodes-Roca, A. Dur\u00e1 i J. Vera. <a href=\"http:\/\/publicaciones.ua.es\/publica\/ficha.aspx?fndCod=LI9788479087166\"><strong>Fonaments f\u00edsics de les construccions arquitect\u00f2niques: Vectors lliscants, geometria de masses i est\u00e0tica<\/strong><\/a>. <a href=\"http:\/\/publicaciones.ua.es\/filespubli\/pdf\/11556179788497171786Fragmento.pdf\">Publicacions de la Universitat d&#8217;Alacant<\/a> (Alacant, 2011)\n<ul style=\"text-align: justify\">\n<li>Aquesta \u00e9s una<a href=\"http:\/\/publicaciones.ua.es\/filespubli\/pdf\/279409788497171786Indice.pdf\"> edici\u00f3 en valenci\u00e0<\/a> del llibre publicat per A. Dur\u00e1 i J. Vera en l&#8217;any 1999. \u00c9s el llibre de text que s&#8217;ha utilitzat com a refer\u00e8ncia en Arquitectura T\u00e8cnica. Cont\u00e9 al voltant de 200 exercicis resolts detalladament i una col\u00b7lecci\u00f3 d&#8217;exercicis proposats extrets dels ex\u00e0mens de l&#8217;assignatura durant els \u00faltims 15 anys. En el desenvolupament dels temes s&#8217;ha procurat oferir una visi\u00f3 decantada cap als problemes i q\u00fcestions m\u00e9s directament relacionats amb les construccions arquitect\u00f2niques. Recomanable per a l&#8217;assignatura.<\/li>\n<\/ul>\n<\/li>\n<li>J. J. Rodes-Roca. <a href=\"http:\/\/books.google.es\/books\/about\/Exercicis_i_problemes_dels_fonaments_f\u00ed.html?id=Ve3gjvlTHEEC&amp;redir_esc=y\"><strong>Exercicis i problemes dels fonaments f\u00edsics d&#8217;arquitectura. I. Vectors lliscants i geometria de masses<\/strong><\/a>. <a href=\"http:\/\/www.editorial-club-universitario.es\/libro.asp?ref=3571\">Editorial Club Universitario<\/a> (Alacant, 2009)\n<ul style=\"text-align: justify\">\n<li>El principal objectiu d\u2019aquest treball \u00e9s mostrar a l\u2019alumnat la varietat de problemes que es poden proposar i l\u2019aprenentatge de les estrat\u00e8gies de resoluci\u00f3 de problemes. Amb aquesta finalitat, el llibre s\u2019ha estructurat en q\u00fcestions, exercicis i problemes, amb un nivell creixent de dificultats. El contingut d\u2019aquest llibre correspon a una selecci\u00f3 dels problemes d\u2019ex\u00e0mens que l\u2019autor i el professorat implicat han proposat al llarg dels \u00faltims quinze anys a l\u2019alumnat d\u2019Arquitectura T\u00e8cnica i Arquitectura en l\u2019assignatura de Fonaments F\u00edsics. Hem centrat aquesta selecci\u00f3 en els blocs tem\u00e0tics de Vectors lliscants i Geometria de masses. Finalment, ens trobem en un moment de canvi en la doc\u00e8ncia universit\u00e0ria i hem volgut aprofitar aquesta circumst\u00e0ncia per aplicar algunes caracter\u00edstiques del nou model educatiu. Aquesta ra\u00f3 ens ha portat a desenvolupar un apartat especific per a introduir el concepte de problema tipus investigaci\u00f3 i incloure-hi aplicacions d\u2019inter\u00e8s professional.<\/li>\n<\/ul>\n<\/li>\n<\/ul>\n<ul>\n<li>J. J. Rodes-Roca i Antonio Dur\u00e0 Dom\u00e9nech. <a href=\"http:\/\/hdl.handle.net\/10045\/33755\"><strong>Exercicis i problemes dels fonaments f\u00edsics d&#8217;arquitectura. II. Est\u00e0tica aplicada a les estructures<\/strong><\/a>. <a href=\"http:\/\/slc.ua.es\/es\/publicacions\/col-leccio-joan-fuster.html\">Col\u00b7lecci\u00f3 Joan Fuster (Quadern 154)<\/a> (Alacant, 2013)\n<ul>\n<li style=\"text-align: justify\">La capacitat per a resoldre problemes de f\u00edsica \u00e9s molt important en la formaci\u00f3 del nostre alumnat. La varietat de problemes que es poden proposar i l\u2019aprenentatge de les estrat\u00e8gies de resoluci\u00f3 de problemes. Encara que no tots els coneixements tenen una aplicaci\u00f3 directa a situacions reals, la resoluci\u00f3 de problemes facilita la comprensi\u00f3 d&#8217;un concepte o d&#8217;una llei.\u00a0 No podem oblidar que s&#8217;han de plantejar problemes de forma que l&#8217;alumnat desenvolupe una capacitat d&#8217;an\u00e0lisi v\u00e0lida en qualsevol situaci\u00f3 que se li puga presentar amb posterioritat. El contingut d\u2019aquest llibre correspon a una selecci\u00f3 dels problemes d\u2019ex\u00e0mens que l\u2019autor i el professorat implicat han proposat al llarg dels \u00faltims quinze anys a l\u2019alumnat d\u2019Arquitectura T\u00e8cnica i Arquitectura en l\u2019assignatura de Fonaments F\u00edsics. Hem centrat aquesta selecci\u00f3 en els bloc tem\u00e0tic d&#8217;est\u00e0tica. Finalment, ens trobem en un moment de canvi en la doc\u00e8ncia universit\u00e0ria i hem volgut aprofitar aquesta circumst\u00e0ncia per aplicar algunes caracter\u00edstiques del nou model educatiu. Aquesta ra\u00f3 ens ha portat a desenvolupar un apartat especific per a introduir el concepte de problema tipus investigaci\u00f3 i incloure-hi aplicacions d\u2019inter\u00e8s professional.<\/li>\n<\/ul>\n<\/li>\n<\/ul>\n<p>&nbsp;<\/p>\n","protected":false},"excerpt":{"rendered":"<p>A. Bedford i W. Fowler. Mec\u00e1nica para ingenier\u00eda: Est\u00e1tica. Addison Wesley Longman de M\u00e9xico (M\u00e9xico, 2000) Aquest llibre tracta pr\u00e0cticament tots els temes de Mec\u00e0nica Aplicada a la construcci\u00f3 d&#8217;arquitectura t\u00e8cnica. Cont\u00e9 un gran nombre d&#8217;exercicis resolts, intercalats als desenvolupaments te\u00f2rics, que facilita la comprensi\u00f3 dels conceptes te\u00f2rics que s&#8217;introdueixen i fan que siga atractiu [&hellip;]<\/p>\n","protected":false},"author":2285,"featured_media":0,"parent":0,"menu_order":0,"comment_status":"open","ping_status":"open","template":"","meta":{"footnotes":""},"class_list":["post-45","page","type-page","status-publish","hentry"],"_links":{"self":[{"href":"https:\/\/blogs.ua.es\/jjrr2011\/wp-json\/wp\/v2\/pages\/45","targetHints":{"allow":["GET"]}}],"collection":[{"href":"https:\/\/blogs.ua.es\/jjrr2011\/wp-json\/wp\/v2\/pages"}],"about":[{"href":"https:\/\/blogs.ua.es\/jjrr2011\/wp-json\/wp\/v2\/types\/page"}],"author":[{"embeddable":true,"href":"https:\/\/blogs.ua.es\/jjrr2011\/wp-json\/wp\/v2\/users\/2285"}],"replies":[{"embeddable":true,"href":"https:\/\/blogs.ua.es\/jjrr2011\/wp-json\/wp\/v2\/comments?post=45"}],"version-history":[{"count":18,"href":"https:\/\/blogs.ua.es\/jjrr2011\/wp-json\/wp\/v2\/pages\/45\/revisions"}],"predecessor-version":[{"id":884,"href":"https:\/\/blogs.ua.es\/jjrr2011\/wp-json\/wp\/v2\/pages\/45\/revisions\/884"}],"wp:attachment":[{"href":"https:\/\/blogs.ua.es\/jjrr2011\/wp-json\/wp\/v2\/media?parent=45"}],"curies":[{"name":"wp","href":"https:\/\/api.w.org\/{rel}","templated":true}]}}