{"id":51,"date":"2011-11-04T17:15:20","date_gmt":"2011-11-04T16:15:20","guid":{"rendered":"https:\/\/blogs.ua.es\/jjrr2011\/?page_id=51"},"modified":"2012-01-02T18:33:47","modified_gmt":"2012-01-02T17:33:47","slug":"fisica-en-xarxa","status":"publish","type":"page","link":"https:\/\/blogs.ua.es\/jjrr2011\/fisica-en-xarxa\/","title":{"rendered":"F\u00edsica en xarxa"},"content":{"rendered":"<p>En aquesta p\u00e0gina es presentaran recursos que es troben en Internet i que fan refer\u00e8ncia a <strong>articles<\/strong>, <strong>confer\u00e8ncies<\/strong>, <strong>divulgaci\u00f3 de la ci\u00e8ncia<\/strong> i <strong>divulgaci\u00f3 de la investigaci\u00f3<\/strong>.<\/p>\n<p>Per a consultar blocs, enlla\u00e7os o OpenCourseWares podeu visitar el bloc <a href=\"https:\/\/blogs.ua.es\/gitefideua\/fisica-web\/\">GITE-FIDEUA<\/a> on trobareu una ampla informaci\u00f3.<\/p>\n<p>Algunes organitzacions que pretenen la divulgaci\u00f3 de la F\u00edsica en el seu aspecte m\u00e9s ample s\u00f3n:<\/p>\n<p><a href=\"http:\/\/www.rsef.org\"><img loading=\"lazy\" decoding=\"async\" class=\"aligncenter size-full wp-image-130\" src=\"https:\/\/blogs.ua.es\/jjrr2011\/files\/2012\/01\/rsef.jpg\" alt=\"\" width=\"190\" height=\"64\" \/><\/a><\/p>\n<p><a href=\"http:\/\/www.metode.cat\/\"><img loading=\"lazy\" decoding=\"async\" class=\"aligncenter size-full wp-image-137\" src=\"https:\/\/blogs.ua.es\/jjrr2011\/files\/2012\/01\/logo_metode.jpg\" alt=\"\" width=\"200\" height=\"57\" \/><\/a><\/p>\n<p><a href=\"http:\/\/www.physics.org\"><img loading=\"lazy\" decoding=\"async\" class=\"aligncenter size-full wp-image-136\" src=\"https:\/\/blogs.ua.es\/jjrr2011\/files\/2012\/01\/logoPhysics.png\" alt=\"\" width=\"201\" height=\"70\" \/><\/a><\/p>\n<p><a href=\"http:\/\/www.iop.org\"><img loading=\"lazy\" decoding=\"async\" class=\"aligncenter size-full wp-image-133\" src=\"https:\/\/blogs.ua.es\/jjrr2011\/files\/2012\/01\/image_iop.jpg\" alt=\"\" width=\"190\" height=\"25\" \/><\/a><\/p>\n<p><a href=\"http:\/\/www.aip.org\"><img loading=\"lazy\" decoding=\"async\" class=\"aligncenter size-full wp-image-134\" src=\"https:\/\/blogs.ua.es\/jjrr2011\/files\/2012\/01\/logo_aip.jpg\" alt=\"\" width=\"190\" height=\"28\" \/><\/a><\/p>\n","protected":false},"excerpt":{"rendered":"<p>En aquesta p\u00e0gina es presentaran recursos que es troben en Internet i que fan refer\u00e8ncia a articles, confer\u00e8ncies, divulgaci\u00f3 de la ci\u00e8ncia i divulgaci\u00f3 de la investigaci\u00f3. Per a consultar blocs, enlla\u00e7os o OpenCourseWares podeu visitar el bloc GITE-FIDEUA on trobareu una ampla informaci\u00f3. Algunes organitzacions que pretenen la divulgaci\u00f3 de la F\u00edsica en el [&hellip;]<\/p>\n","protected":false},"author":2285,"featured_media":0,"parent":0,"menu_order":0,"comment_status":"open","ping_status":"open","template":"","meta":{"footnotes":""},"class_list":["post-51","page","type-page","status-publish","hentry"],"_links":{"self":[{"href":"https:\/\/blogs.ua.es\/jjrr2011\/wp-json\/wp\/v2\/pages\/51","targetHints":{"allow":["GET"]}}],"collection":[{"href":"https:\/\/blogs.ua.es\/jjrr2011\/wp-json\/wp\/v2\/pages"}],"about":[{"href":"https:\/\/blogs.ua.es\/jjrr2011\/wp-json\/wp\/v2\/types\/page"}],"author":[{"embeddable":true,"href":"https:\/\/blogs.ua.es\/jjrr2011\/wp-json\/wp\/v2\/users\/2285"}],"replies":[{"embeddable":true,"href":"https:\/\/blogs.ua.es\/jjrr2011\/wp-json\/wp\/v2\/comments?post=51"}],"version-history":[{"count":7,"href":"https:\/\/blogs.ua.es\/jjrr2011\/wp-json\/wp\/v2\/pages\/51\/revisions"}],"predecessor-version":[{"id":142,"href":"https:\/\/blogs.ua.es\/jjrr2011\/wp-json\/wp\/v2\/pages\/51\/revisions\/142"}],"wp:attachment":[{"href":"https:\/\/blogs.ua.es\/jjrr2011\/wp-json\/wp\/v2\/media?parent=51"}],"curies":[{"name":"wp","href":"https:\/\/api.w.org\/{rel}","templated":true}]}}