{"id":57,"date":"2011-11-04T17:30:17","date_gmt":"2011-11-04T16:30:17","guid":{"rendered":"https:\/\/blogs.ua.es\/jjrr2011\/?page_id=57"},"modified":"2022-07-22T10:59:37","modified_gmt":"2022-07-22T09:59:37","slug":"autor","status":"publish","type":"page","link":"https:\/\/blogs.ua.es\/jjrr2011\/autor\/","title":{"rendered":"Autor"},"content":{"rendered":"<p>&nbsp;<\/p>\n<p><a href=\"https:\/\/cvnet.cpd.ua.es\/curriculum-breve\/es\/rodes-roca-jose-joaquin\/12499\"><span style=\"color: #808080\"><strong>JOS\u00c9 JOAQU\u00cdN RODES ROCA<\/strong><\/span><\/a><\/p>\n<p><a href=\"http:\/\/dfests.ua.es\/va\/\">Departament de F\u00edsica, Enginyeria de Sistemes i Teoria del Senyal<\/a><\/p>\n<p><a href=\"http:\/\/iufacyt.ua.es\/va\/\">Institut Universitari de F\u00edsica Aplicada a les Ci\u00e8ncies i les Tecnologies<\/a><\/p>\n<p><a href=\"http:\/\/www.eps.ua.es\/index.phtml?frontal=\">Escola Polit\u00e8cnica Superior<\/a><\/p>\n<p><a href=\"http:\/\/www.ua.es\/va\/index.html\">Universitat d&#8217;Alacant<\/a><\/p>\n<p><strong>P\u00e0gina web personal<\/strong>: <a href=\"https:\/\/cvnet.cpd.ua.es\/curriculum-breve\/es\/rodes-roca-jose-joaquin\/12499\">https:\/\/cvnet.cpd.ua.es\/curriculum-breve\/es\/rodes-roca-jose-joaquin\/12499<\/a><\/p>\n<p>&nbsp;<\/p>\n","protected":false},"excerpt":{"rendered":"<p>&nbsp; JOS\u00c9 JOAQU\u00cdN RODES ROCA Departament de F\u00edsica, Enginyeria de Sistemes i Teoria del Senyal Institut Universitari de F\u00edsica Aplicada a les Ci\u00e8ncies i les Tecnologies Escola Polit\u00e8cnica Superior Universitat d&#8217;Alacant P\u00e0gina web personal: https:\/\/cvnet.cpd.ua.es\/curriculum-breve\/es\/rodes-roca-jose-joaquin\/12499 &nbsp;<\/p>\n","protected":false},"author":2285,"featured_media":0,"parent":0,"menu_order":0,"comment_status":"open","ping_status":"open","template":"","meta":{"footnotes":""},"class_list":["post-57","page","type-page","status-publish","hentry"],"_links":{"self":[{"href":"https:\/\/blogs.ua.es\/jjrr2011\/wp-json\/wp\/v2\/pages\/57","targetHints":{"allow":["GET"]}}],"collection":[{"href":"https:\/\/blogs.ua.es\/jjrr2011\/wp-json\/wp\/v2\/pages"}],"about":[{"href":"https:\/\/blogs.ua.es\/jjrr2011\/wp-json\/wp\/v2\/types\/page"}],"author":[{"embeddable":true,"href":"https:\/\/blogs.ua.es\/jjrr2011\/wp-json\/wp\/v2\/users\/2285"}],"replies":[{"embeddable":true,"href":"https:\/\/blogs.ua.es\/jjrr2011\/wp-json\/wp\/v2\/comments?post=57"}],"version-history":[{"count":14,"href":"https:\/\/blogs.ua.es\/jjrr2011\/wp-json\/wp\/v2\/pages\/57\/revisions"}],"predecessor-version":[{"id":1036,"href":"https:\/\/blogs.ua.es\/jjrr2011\/wp-json\/wp\/v2\/pages\/57\/revisions\/1036"}],"wp:attachment":[{"href":"https:\/\/blogs.ua.es\/jjrr2011\/wp-json\/wp\/v2\/media?parent=57"}],"curies":[{"name":"wp","href":"https:\/\/api.w.org\/{rel}","templated":true}]}}