{"id":62,"date":"2011-11-09T16:52:45","date_gmt":"2011-11-09T15:52:45","guid":{"rendered":"https:\/\/blogs.ua.es\/jjrr2011\/?page_id=62"},"modified":"2015-02-05T13:09:27","modified_gmt":"2015-02-05T12:09:27","slug":"curriculum","status":"publish","type":"page","link":"https:\/\/blogs.ua.es\/jjrr2011\/autor\/curriculum\/","title":{"rendered":"Curr\u00edculum"},"content":{"rendered":"<p style=\"text-align: justify\">Nascut a Alacant en 1964, obtingu\u00e9 la llicenciatura en Ci\u00e8ncies F\u00edsiques per la <a href=\"http:\/\/www.ull.es\/\">Universitat de la Laguna<\/a> en 1987, fent el primer cicle a la <a href=\"http:\/\/www.uv.es\/\">Universitat de Val\u00e8ncia<\/a> (on tamb\u00e9 present\u00e0 la tesi de llicenciatura) i el T\u00edtol de Doctor per la Universitat d&#8217;Alacant en 2007. En 1995 s&#8217;incorpor\u00e0 al <a href=\"http:\/\/dfests.ua.es\/va\/\">Departament de F\u00edsica, Enginyeria de Sistemes i Teoria del Senyal<\/a> (DFESTS) com a col\u00b7laborador honor\u00edfic. Ha sigut Professor d&#8217;ensenyament secundari (1989-2001), Professor Associat a temps parcial (1996-2001) i Titular d&#8217;Escola Universit\u00e0ria (2001-2010). Desde l&#8217;any 2010 \u00e9s Titular d&#8217;Universitat de F\u00edsica Aplicada en el DFESTS de la <a href=\"http:\/\/www.ua.es\/va\/index.html\">Universitat d&#8217;Alacant<\/a>.<\/p>\n<p style=\"text-align: justify\">\u00c9s membre de l&#8217;<a href=\"http:\/\/iufacyt.ua.es\/va\/institut-universitari-de-fisica-aplicada-a-les-ciencies-i-les-tecnologies.html\">Institut Universitari de F\u00edsica Aplicada a les Ci\u00e8ncies i les Tecnologies<\/a>, del <a href=\"http:\/\/rua.ua.es\/dspace\/handle\/10045\/15437\">Grup d&#8217;Innovaci\u00f3 Tecnol\u00f2gica-Educativa: F\u00edsica en les Enginyeries de la Universitat d&#8217;Alacant<\/a> (GITE-FIDEUA), del <a href=\"http:\/\/astro.ua.es\">Grup d&#8217;Astronomia i Astrof\u00edsica<\/a>, de la <a href=\"http:\/\/www.rsef2.com\/\">Reial Societat Espanyola de F\u00edsica<\/a> (RSEF) i de la <a href=\"http:\/\/www.sea-astronomia.es\/drupal\/\">Societat Espanyola d&#8217;Astronomia<\/a> (SEA).<\/p>\n<p style=\"text-align: justify\">Les l\u00ednies d&#8217;investigaci\u00f3 s\u00f3n l&#8217;<strong>astrof\u00edsica<\/strong> i l&#8217;<strong>ensenyament de la f\u00edsica<\/strong>, fonamentalment. Ha publicat articles en revistes especialitzades com <a href=\"http:\/\/www.aanda.org\/\">Astronomy and Astrophysics<\/a>, <a href=\"http:\/\/www.springer.com\/astronomy\/astrophysics+and+astroparticles\/journal\/10509\">Astrophysics Space and Science<\/a>, <a href=\"http:\/\/ajp.aapt.org\/\">American Journal of Physics<\/a>, <a href=\"http:\/\/iopscience.iop.org\/0143-0807\">European Journal of Physics<\/a>, <a href=\"http:\/\/www.journals.elsevier.com\/physics-letters-a\/\">Physics Letters A<\/a>, <a href=\"http:\/\/www.tandfonline.com\/toc\/tewa20\/current\">Journal of Electromagnetic Waves and Applications<\/a> i <a href=\"http:\/\/www.ijnsns.com\/\">International Journal of Nonlinear Sciences and Numerical Simulation<\/a>. Tamb\u00e9 ha presentat desenes de comunicacions i pon\u00e8ncies en congressos nacionals i internacionals. \u00c9s coautor de 3 llibres i desenes de cap\u00edtols de llibre.<\/p>\n<p style=\"text-align: justify\">Ha sigut investigador d&#8217;una desena de projectes d&#8217;investigaci\u00f3, accions complement\u00e0ries i ajudes a grups d&#8217;investigaci\u00f3 subvencionades pels Ministeris d&#8217;Educaci\u00f3 i Ci\u00e8ncia, de Ci\u00e8ncia i Tecnologia i de Ci\u00e8ncia i Innovaci\u00f3, la Generalitat Valenciana, la Universitat d&#8217;Alacant i l&#8217;Institut de Cultura Juan Gil-Albert de la Diputaci\u00f3 D&#8217;Alacant.<\/p>\n<p style=\"text-align: justify\">Tota la doc\u00e8ncia s&#8217;ha desenvolupat en assignatures de F\u00edsica de les titulacions t\u00e8cniques que s&#8217;imparteixen en l&#8217;<a href=\"http:\/\/www.eps.ua.es\/index.phtml?frontal=\">Escola Polit\u00e8cnica Superior<\/a> de la Universitat d&#8217;Alacant. Ha impartit classes te\u00f2riques i pr\u00e0ctiques en les titulacions d&#8217;Arquitectura, Arquitectura T\u00e8cnica i Enginyeria de Camins, Canals i Ports, i classes pr\u00e0ctiques en Inform\u00e0tica i Enginyeria T\u00e8cnica d&#8217;Obres P\u00fabliques. Tamb\u00e9 ha fet classes en el Programa de Doctorat F\u00edsica, Enginyeria de Sistemes i Teoria del Senyal.<\/p>\n<p style=\"text-align: justify\">La millora del proc\u00e9s d&#8217;ensenyament i aprenentatge de la F\u00edsica i la innovaci\u00f3 educativa \u00e9s un treball constant des que comen\u00e7\u00e0 la seua tasca com a professor. En aquest sentit, ha presentat comunicacions en congressos com Trobades Ib\u00e8riques per a l&#8217;ensenyament de la F\u00edsica organitzats per la RSEF o els Congressos Universitaris d&#8217;Innovaci\u00f3 Educativa en els Ensenyaments T\u00e8cnics. Com a resultat dels treballs desenvolupats en el marc dels projectes d&#8217;innovaci\u00f3 educativa per a la generaci\u00f3 de materials docents per a l&#8217;ensenyament de la F\u00edsica, s&#8217;han editat DVDs i CDs de v\u00eddeos did\u00e0ctics d&#8217;experi\u00e8ncies de F\u00edsica. Aquest material es pot visualitzar en la p\u00e0gina <a href=\"http:\/\/www.dfists.ua.es\/experiencias_de_fisica\/\">Web d&#8217;Experi\u00e8ncies de F\u00edsica<\/a>.<\/p>\n<p style=\"text-align: justify\">Ha sigut membre del Comit\u00e9 Local Organitzador dels congressos I Reuni\u00f3 Cient\u00edfica de la SEA, The Be phenomenon in early type stars (<a href=\"http:\/\/www.aspbooks.org\/a\/volumes\/table_of_contents\/?book_id=326\">IAU Colloquium 175<\/a>), <a href=\"http:\/\/rua.ua.es\/dspace\/bitstream\/10045\/20327\/1\/I%20JORNADAS%20REDES.pdf\">I Jornadas d&#8217;Investigaci\u00f3 en Doc\u00e8ncia Universit\u00e0ria<\/a> i VII Workshop on catastrophic disruption in the Solar System.<\/p>\n<p style=\"text-align: justify\">Ha sigut guardonat amb el <a href=\"http:\/\/www.ua.es\/va\/cedip\/doctorat\/alumno\/premios\/2009-2010\/definitiva.html\">Premi Extraordinari de Doctorat 2009<\/a>, resoluci\u00f3 del Consell de Govern de la Universitat d&#8217;Alacant de 22 de desembre de 2009.<\/p>\n","protected":false},"excerpt":{"rendered":"<p>Nascut a Alacant en 1964, obtingu\u00e9 la llicenciatura en Ci\u00e8ncies F\u00edsiques per la Universitat de la Laguna en 1987, fent el primer cicle a la Universitat de Val\u00e8ncia (on tamb\u00e9 present\u00e0 la tesi de llicenciatura) i el T\u00edtol de Doctor per la Universitat d&#8217;Alacant en 2007. En 1995 s&#8217;incorpor\u00e0 al Departament de F\u00edsica, Enginyeria de [&hellip;]<\/p>\n","protected":false},"author":2285,"featured_media":0,"parent":57,"menu_order":1,"comment_status":"open","ping_status":"open","template":"","meta":{"footnotes":""},"class_list":["post-62","page","type-page","status-publish","hentry"],"_links":{"self":[{"href":"https:\/\/blogs.ua.es\/jjrr2011\/wp-json\/wp\/v2\/pages\/62","targetHints":{"allow":["GET"]}}],"collection":[{"href":"https:\/\/blogs.ua.es\/jjrr2011\/wp-json\/wp\/v2\/pages"}],"about":[{"href":"https:\/\/blogs.ua.es\/jjrr2011\/wp-json\/wp\/v2\/types\/page"}],"author":[{"embeddable":true,"href":"https:\/\/blogs.ua.es\/jjrr2011\/wp-json\/wp\/v2\/users\/2285"}],"replies":[{"embeddable":true,"href":"https:\/\/blogs.ua.es\/jjrr2011\/wp-json\/wp\/v2\/comments?post=62"}],"version-history":[{"count":13,"href":"https:\/\/blogs.ua.es\/jjrr2011\/wp-json\/wp\/v2\/pages\/62\/revisions"}],"predecessor-version":[{"id":769,"href":"https:\/\/blogs.ua.es\/jjrr2011\/wp-json\/wp\/v2\/pages\/62\/revisions\/769"}],"up":[{"embeddable":true,"href":"https:\/\/blogs.ua.es\/jjrr2011\/wp-json\/wp\/v2\/pages\/57"}],"wp:attachment":[{"href":"https:\/\/blogs.ua.es\/jjrr2011\/wp-json\/wp\/v2\/media?parent=62"}],"curies":[{"name":"wp","href":"https:\/\/api.w.org\/{rel}","templated":true}]}}