{"id":69,"date":"2011-11-10T16:51:52","date_gmt":"2011-11-10T15:51:52","guid":{"rendered":"https:\/\/blogs.ua.es\/jjrr2011\/?page_id=69"},"modified":"2012-01-02T18:38:58","modified_gmt":"2012-01-02T17:38:58","slug":"articles-docents","status":"publish","type":"page","link":"https:\/\/blogs.ua.es\/jjrr2011\/autor\/articles-docents\/","title":{"rendered":"Articles docents"},"content":{"rendered":"<p><span style=\"color: #0000ff\"><strong>Articles relacionats amb la doc\u00e8ncia i l&#8217;ensenyament de la F\u00edsica<\/strong><\/span><\/p>\n<p>5.- <a href=\"http:\/\/brill.publisher.ingentaconnect.com\/content\/vsp\/jew\/2010\/00000024\/F0020011\/art00021\">C. Neipp, J. C: Moreno, J. J. Rodes, J. Franc\u00e9s, M. P\u00e9rez-Molina, S. Gallego, A. Bel\u00e9ndez, &#8220;Relation between surface curvature and electrostatic potential of a long charged isolated conductor&#8221;, <em>Journal of Electromagnetic Waves and Applications<\/em> (ISSN: 0920-5071), Vol. 24, N\u00ba 11-12, 1647-1659 (2010)<\/a>.<\/p>\n<p>4.- <a href=\"http:\/\/hdl.handle.net\/10045\/11461\" target=\"_self\">A. Bel\u00e9ndez, J. J. Rodes, T. Bel\u00e9ndez, A. Hern\u00e1ndez, \u201cReply to \u2018Comment on \u201cApproximation for the large-angle simple pendulum period\u2019\u201d, <em>European Journal of Physics<\/em> (ISSN: 0143-0807), Vol. 30, N\u00ba 5, L83-L86 (2009).<\/a><\/p>\n<p>3.- <a href=\"http:\/\/hdl.handle.net\/10045\/9769\" target=\"_self\">A. Bel\u00e9ndez, J. J. Rodes, T. Bel\u00e9ndez, A. Hern\u00e1ndez, \u201cApproximation for the large-angle simple pendulum period\u201d, <em>European Journal of Physics<\/em> (ISSN: 0143-0807), Vol. 30, N\u00ba 2, L25-L28 (2009).<\/a><\/p>\n<p>2.- <a href=\"http:\/\/hdl.handle.net\/10045\/9306\" target=\"_self\">C. Neipp, A. Hern\u00e1ndez, J. J. Rodes, A. M\u00e1rquez, T. Bel\u00e9ndez, A. Bel\u00e9ndez, \u201cAn analysis of the classical Doppler effect\u201d, <em>European Journal of Physics<\/em> (ISSN: 0143-0807), Vol. 24, N\u00ba 5, 497-505 (2003).<\/a><\/p>\n<p>1.- <a href=\"http:\/\/hdl.handle.net\/10045\/9187\">C. Neipp, A. Hern\u00e1ndez, T. Bel\u00e9ndez, J. J. Rodes, A. Bel\u00e9ndez, &#8220;Three approaches to calculating the velocity profile of a laminar incompressible fluid flow in a tube&#8221;, <em>American Journal of Physics<\/em> (ISSN: 0002-9505), Vol. 71, N\u00ba 1, 46-48 (2003).<\/a><\/p>\n","protected":false},"excerpt":{"rendered":"<p>Articles relacionats amb la doc\u00e8ncia i l&#8217;ensenyament de la F\u00edsica 5.- C. Neipp, J. C: Moreno, J. J. Rodes, J. Franc\u00e9s, M. P\u00e9rez-Molina, S. Gallego, A. Bel\u00e9ndez, &#8220;Relation between surface curvature and electrostatic potential of a long charged isolated conductor&#8221;, Journal of Electromagnetic Waves and Applications (ISSN: 0920-5071), Vol. 24, N\u00ba 11-12, 1647-1659 (2010). 4.- [&hellip;]<\/p>\n","protected":false},"author":2285,"featured_media":0,"parent":57,"menu_order":4,"comment_status":"open","ping_status":"open","template":"","meta":{"footnotes":""},"class_list":["post-69","page","type-page","status-publish","hentry"],"_links":{"self":[{"href":"https:\/\/blogs.ua.es\/jjrr2011\/wp-json\/wp\/v2\/pages\/69","targetHints":{"allow":["GET"]}}],"collection":[{"href":"https:\/\/blogs.ua.es\/jjrr2011\/wp-json\/wp\/v2\/pages"}],"about":[{"href":"https:\/\/blogs.ua.es\/jjrr2011\/wp-json\/wp\/v2\/types\/page"}],"author":[{"embeddable":true,"href":"https:\/\/blogs.ua.es\/jjrr2011\/wp-json\/wp\/v2\/users\/2285"}],"replies":[{"embeddable":true,"href":"https:\/\/blogs.ua.es\/jjrr2011\/wp-json\/wp\/v2\/comments?post=69"}],"version-history":[{"count":6,"href":"https:\/\/blogs.ua.es\/jjrr2011\/wp-json\/wp\/v2\/pages\/69\/revisions"}],"predecessor-version":[{"id":147,"href":"https:\/\/blogs.ua.es\/jjrr2011\/wp-json\/wp\/v2\/pages\/69\/revisions\/147"}],"up":[{"embeddable":true,"href":"https:\/\/blogs.ua.es\/jjrr2011\/wp-json\/wp\/v2\/pages\/57"}],"wp:attachment":[{"href":"https:\/\/blogs.ua.es\/jjrr2011\/wp-json\/wp\/v2\/media?parent=69"}],"curies":[{"name":"wp","href":"https:\/\/api.w.org\/{rel}","templated":true}]}}