{"id":74,"date":"2011-11-10T17:11:20","date_gmt":"2011-11-10T16:11:20","guid":{"rendered":"https:\/\/blogs.ua.es\/jjrr2011\/?page_id=74"},"modified":"2012-05-14T08:36:30","modified_gmt":"2012-05-14T07:36:30","slug":"comunicacions-docents","status":"publish","type":"page","link":"https:\/\/blogs.ua.es\/jjrr2011\/autor\/comunicacions-docents\/","title":{"rendered":"Comunicacions docents"},"content":{"rendered":"<p><span style=\"color: #0000ff\"><strong>Comunicacions i pon\u00e8ncies en congressos relacionats amb la doc\u00e8ncia i l&#8217;ensenyament de la F\u00edsica<\/strong><\/span><\/p>\n<p style=\"text-align: justify\">12.- <a href=\"http:\/\/hdl.handle.net\/10045\/20699\">M. P\u00e9rez, A. Albaladejo, M. L. \u00c1lvarez, A. Bel\u00e9ndez, P. G. Benav\u00eddez, E. Calzado, E. Fern\u00e1ndez, J. Franc\u00e9s, S. Gallego, S. Marini, A. M\u00e1rquez, D. I. M\u00e9ndez, C. Neipp, M. Ortu\u00f1o, C. Pascual, J. J. Rodes, &#8220;Investigaci\u00f3n en m\u00e9todos e instrumentos de evaluaci\u00f3n para las asignaturas de F\u00edsica y \u00d3ptica del grado en Ingenier\u00eda en Sonido e Imagen&#8221;. En: Redes de investigaci\u00f3n docente universitaria: innovaciones metodol\u00f3gicas \/ Jos\u00e9 Daniel \u00c1lvarez Teruel, Mar\u00eda Teresa Tortosa Yb\u00e1\u00f1ez, Neus Pell\u00edn Buades (coords.). Alicante : Universidad de Alicante, 2011. ISBN 978-84-695-1151-0, pp. 2625-2643.<\/a><\/p>\n<p style=\"text-align: justify\">11.- <a href=\"http:\/\/hdl.handle.net\/10045\/13619\" target=\"_self\">M. L. \u00c1lvarez, S. Gallego, A. Campo Bagat\u00edn, A. Bel\u00e9ndez, T. Bel\u00e9ndez, G. Benavidez, R. Dale, A. Hern\u00e1ndez, A- Marco, A. M\u00e1rquez, J. C. Moreno, C. Neipp, M. Ortu\u00f1o, M. P\u00e9rez Molina, J. J. Rodes, J. Rosa, J. Vera, M. S. Yebra, D. I. M\u00e9ndez,\u00a0 \u201cPhysic subjects to complete the basic qualifications and professional attributions for the new engineering and architecture degrees inside the European Higher Education Area\u201d. En: INTED2010 proceedings [Recurso electr\u00f3nico] : International Technology, Education and Development Conference, Valencia (Spain), March 8th-10th, 2010. Valencia: IATED, 2010. ISBN 978-84-613-5538-9, pp. 005682-005686.<\/a><\/p>\n<p style=\"text-align: justify\">10.- <a href=\"http:\/\/www.ua.es\/ice\/redes\/jornadas\/2008\/index.html\">J. J. Rodes-Roca, J. C. Moreno-Mar\u00edn, C. Neipp-L\u00f3pez, &#8220;La corresponsabilidad en el proceso de ense\u00f1anza\/aprendizaje: resultados de una experiencia en la asignatura de Fundamentos F\u00edsicos de Arquitectura&#8221;, VI Jornadas de Redes en Docencia Universitaria, Universidad de Alicante, 9-10 Junio de 2008<\/a>.<\/p>\n<p style=\"text-align: justify\">9.- <a href=\"http:\/\/hdl.handle.net\/10045\/9644\" target=\"_self\">J. C. Moreno, C. Neipp, J. J. Rodes, A. Bel\u00e9ndez, \u201cNuevos materiales docentes en Mec\u00e1nica: Aplicaciones con flash media\u201d, <em>XV Congreso Universitario de Innovaci\u00f3n Educativa en las Ense\u00f1anzas T\u00e9cnicas,<\/em> Universidad de Valladolid, 18-20 Julio de 2007.<\/a><\/p>\n<p style=\"text-align: justify\">8.- <a href=\"http:\/\/hdl.handle.net\/10045\/9584\" target=\"_self\">J. C. Moreno, C. Neipp, J. J. Rodes, T. Bel\u00e9ndez, A. Bel\u00e9ndez, \u201cRecursos y materiales en la asignatura de Fundamentos F\u00edsicos de las T\u00e9cnicas de Ingenier\u00eda de Caminos\u201d, <em>IV Jornadas de Redes de Investigaci\u00f3n en Docencia Universitaria,<\/em> Universidad de Alicante, 5-6 de Junio de 2006.<\/a><\/p>\n<p style=\"text-align: justify\">7.- <a href=\"http:\/\/hdl.handle.net\/10045\/9585\" target=\"_self\">J. J. Rodes, J. C. Moreno, C. Neipp, T. Bel\u00e9ndez, D. I. M\u00e9ndez, A. Dur\u00e1, J. Vera, A. Bel\u00e9ndez, \u201cL\u2019aprenentatge aut\u00f2nom: un complement per a l\u2019avaluaci\u00f3 objectiva dels Fonaments F\u00edsics en les titulacions d\u2019Arquitectura\u201d, <em>IV Jornadas de Redes de Investigaci\u00f3n en Docencia Universitaria, <\/em>Universidad de Alicante, 5-6 de Junio de 2006.<\/a><\/p>\n<p style=\"text-align: justify\">6.- <a href=\"http:\/\/hdl.handle.net\/10045\/9588\" target=\"_self\">J. J. Rodes, J. C. Moreno, C. Neipp, T. Bel\u00e9ndez, A. Dur\u00e1, J. Vera, A. Bel\u00e9ndez, \u201cAdecuaci\u00f3n a los cr\u00e9ditos ECTS de los Fundamentos F\u00edsicos en las titulaciones de Arquitectura\u201d, <em>III Jornadas de Redes de Investigaci\u00f3n en Docencia Universitaria,<\/em> Universidad de Alicante, 13-14 de Junio de 2005.<\/a><\/p>\n<p style=\"text-align: justify\">5.- <a href=\"http:\/\/hdl.handle.net\/10045\/9639\" target=\"_self\">C. Neipp, A. Hern\u00e1ndez, A. Bel\u00e9ndez, J. C. Moreno, T. Bel\u00e9ndez, J. J. Rodes, \u201cDise\u00f1o de interfaces en Matlab para la ense\u00f1anza de la F\u00edsica en titulaciones t\u00e9cnicas\u201d, <em>XII Congreso Universitario de Innovaci\u00f3n Educativa en las Ense\u00f1anzas T\u00e9cnicas,<\/em> Escuela Universitaria de Ingenier\u00eda T\u00e9cnica Industrial, Barcelona, 26-28 Julio de 2004.<\/a><\/p>\n<p style=\"text-align: justify\">4.- <a href=\"http:\/\/hdl.handle.net\/10045\/9556\" target=\"_self\">C. Neipp, J. J. Rodes, A. Hern\u00e1ndez, S. Bleda, A. Bel\u00e9ndez, T. Bel\u00e9ndez, \u201cA Java based statics virtual laboratory as a support to the teaching of mechanics in technical degrees\u201d, <em>ICTE 2002-Second International Conference on Multimedia and ICT\u2019s in Education, <\/em>Badajoz 13-16 de Noviembre de 2002<\/a>.<\/p>\n<p style=\"text-align: justify\">3.- <a href=\"http:\/\/hdl.handle.net\/10045\/9557\" target=\"_self\">J. J. Rodes, C. Neipp, A. Bel\u00e9ndez, J. M. Torrej\u00f3n, J. L. Herranz, A. Dur\u00e1, J. Vera, A. Hern\u00e1ndez, A. M\u00e1rquez, \u201cVirtual campus versus real campus: a reflection on the process of teaching and learning\u201d, <em>ICTE 2002-Second International Conference on Multimedia and ICT\u2019s in Education, <\/em>Badajoz 13-16 de Noviembre de 2002.<\/a><\/p>\n<p style=\"text-align: justify\">2.- <a href=\"http:\/\/hdl.handle.net\/10045\/9574\" target=\"_self\">C. Neipp, A. M\u00e1rquez, J. M. Torrej\u00f3n, J. J. Rodes, A. Bel\u00e9ndez, \u201cCreaci\u00f3n de applets educativos para la docencia de la f\u00edsica en titulaciones t\u00e9cnicas\u201d, <em>X Congreso de Innovaci\u00f3n Educativa en las Ense\u00f1anzas T\u00e9cnicas, <\/em>Universidad Polit\u00e9cnica de Valencia, 3-5 Julio 2002.<\/a><\/p>\n<p style=\"text-align: justify\">1.- <a href=\"http:\/\/hdl.handle.net\/10045\/9613\" target=\"_self\">A. Bel\u00e9ndez, C. Neipp, J. J. Rodes, J. L. Rosa, \u201cUn an\u00e1lisis sobre la situaci\u00f3n de las materias de F\u00edsica Aplicada en las Titulaciones T\u00e9cnicas y su comparaci\u00f3n con el caso de los estudios de Ciencias Experimentales\u201d, <em>IX Congreso de Innovaci\u00f3n Educativa en las Ense\u00f1anzas T\u00e9cnicas<\/em>, Vigo, 23-27 de Julio de 2001.<\/a><\/p>\n<p style=\"text-align: justify\">\n","protected":false},"excerpt":{"rendered":"<p>Comunicacions i pon\u00e8ncies en congressos relacionats amb la doc\u00e8ncia i l&#8217;ensenyament de la F\u00edsica 12.- M. P\u00e9rez, A. Albaladejo, M. L. \u00c1lvarez, A. Bel\u00e9ndez, P. G. Benav\u00eddez, E. Calzado, E. Fern\u00e1ndez, J. Franc\u00e9s, S. Gallego, S. Marini, A. M\u00e1rquez, D. I. M\u00e9ndez, C. Neipp, M. Ortu\u00f1o, C. Pascual, J. J. Rodes, &#8220;Investigaci\u00f3n en m\u00e9todos e [&hellip;]<\/p>\n","protected":false},"author":2285,"featured_media":0,"parent":57,"menu_order":5,"comment_status":"open","ping_status":"open","template":"","meta":{"footnotes":""},"class_list":["post-74","page","type-page","status-publish","hentry"],"_links":{"self":[{"href":"https:\/\/blogs.ua.es\/jjrr2011\/wp-json\/wp\/v2\/pages\/74","targetHints":{"allow":["GET"]}}],"collection":[{"href":"https:\/\/blogs.ua.es\/jjrr2011\/wp-json\/wp\/v2\/pages"}],"about":[{"href":"https:\/\/blogs.ua.es\/jjrr2011\/wp-json\/wp\/v2\/types\/page"}],"author":[{"embeddable":true,"href":"https:\/\/blogs.ua.es\/jjrr2011\/wp-json\/wp\/v2\/users\/2285"}],"replies":[{"embeddable":true,"href":"https:\/\/blogs.ua.es\/jjrr2011\/wp-json\/wp\/v2\/comments?post=74"}],"version-history":[{"count":6,"href":"https:\/\/blogs.ua.es\/jjrr2011\/wp-json\/wp\/v2\/pages\/74\/revisions"}],"predecessor-version":[{"id":76,"href":"https:\/\/blogs.ua.es\/jjrr2011\/wp-json\/wp\/v2\/pages\/74\/revisions\/76"}],"up":[{"embeddable":true,"href":"https:\/\/blogs.ua.es\/jjrr2011\/wp-json\/wp\/v2\/pages\/57"}],"wp:attachment":[{"href":"https:\/\/blogs.ua.es\/jjrr2011\/wp-json\/wp\/v2\/media?parent=74"}],"curies":[{"name":"wp","href":"https:\/\/api.w.org\/{rel}","templated":true}]}}