{"id":79,"date":"2011-11-10T17:58:32","date_gmt":"2011-11-10T16:58:32","guid":{"rendered":"https:\/\/blogs.ua.es\/jjrr2011\/?page_id=79"},"modified":"2015-02-04T16:54:53","modified_gmt":"2015-02-04T15:54:53","slug":"llibres-docents","status":"publish","type":"page","link":"https:\/\/blogs.ua.es\/jjrr2011\/autor\/llibres-docents\/","title":{"rendered":"Llibres docents"},"content":{"rendered":"<p style=\"text-align: justify\">4.- J. J. Rodes Roca, A. Dur\u00e1 Dom\u00e9nech, &#8220;<span style=\"color: #0000ff\"><em><a style=\"color: #0000ff\" href=\"http:\/\/rua.ua.es\/dspace\/handle\/10045\/33755\">Problemes resolts dels fonaments f\u00edsics d&#8217;arquitectura. Volum II: Est\u00e0tica aplicada a les estructures<\/a><\/em><\/span>&#8220;, <a href=\"http:\/\/publicaciones.ua.es\/publica\/ficha.aspx?fndCod=LI9788497173094\">Servicio de Publicaciones de la Universidad de Alicante<\/a>, Alicante (2014). ISBN: 978-84-9717-309-4 (300 p\u00e0gines).<\/p>\n<p>3.- J. J. Rodes Roca, A. Dur\u00e1 Dom\u00e9nech, J. Vera Guarinos, &#8220;<a href=\"http:\/\/publicaciones.ua.es\/publica\/fichapro.aspx?fndCod=LI9788497171786\"><em>Fonaments f\u00edsics de les construccions arquitect\u00f2niques. Volum I: Vectors lliscants, geometria de masses i est\u00e0tica<\/em><\/a>&#8220;, Servicio de Publicaciones de la Universidad de Alicante, Alicante (2011). ISBN: 978-84-9717-178-6 (456 p\u00e0gines).<\/p>\n<p>2.- J. J. Rodes Roca, &#8220;<span style=\"color: #0000ff\"><a style=\"color: #0000ff\" href=\"http:\/\/www.editorial-club-universitario.es\/libro.asp?ref=3571\"><em>Exercicis i problemes dels fonaments f\u00edsics d&#8217;arquitectura. I. Vectors lliscants i geometria de masses<\/em><\/a><\/span>&#8220;, Editorial Club Universitario, Alicante (2010). ISBN: 978-84-8454-905-5 (192 p\u00e0gines)<\/p>\n<p>1.- A. Dur\u00e1 Domenech, C. Neipp L\u00f3pez, J. J. Rodes Roca et al., &#8220;<a href=\"http:\/\/publicaciones.ua.es\/publica\/fichaval.aspx?fndCod=LI9788479088057\"><em>Fundamentos f\u00edsicos de las construcciones arquitect\u00f3nicas. Volumen II: Mec\u00e1nica de fluidos, calor y termodin\u00e1mica y electromagnetismo<\/em><\/a>&#8220;, Servicio de Publicaciones de la Universidad de Alicante, Alicante (2004). ISBN: 84-7908-805-2 (484 p\u00e0gines).<\/p>\n","protected":false},"excerpt":{"rendered":"<p>4.- J. J. Rodes Roca, A. Dur\u00e1 Dom\u00e9nech, &#8220;Problemes resolts dels fonaments f\u00edsics d&#8217;arquitectura. Volum II: Est\u00e0tica aplicada a les estructures&#8220;, Servicio de Publicaciones de la Universidad de Alicante, Alicante (2014). ISBN: 978-84-9717-309-4 (300 p\u00e0gines). 3.- J. J. Rodes Roca, A. Dur\u00e1 Dom\u00e9nech, J. Vera Guarinos, &#8220;Fonaments f\u00edsics de les construccions arquitect\u00f2niques. Volum I: Vectors [&hellip;]<\/p>\n","protected":false},"author":2285,"featured_media":0,"parent":57,"menu_order":2,"comment_status":"open","ping_status":"open","template":"","meta":{"footnotes":""},"class_list":["post-79","page","type-page","status-publish","hentry"],"_links":{"self":[{"href":"https:\/\/blogs.ua.es\/jjrr2011\/wp-json\/wp\/v2\/pages\/79","targetHints":{"allow":["GET"]}}],"collection":[{"href":"https:\/\/blogs.ua.es\/jjrr2011\/wp-json\/wp\/v2\/pages"}],"about":[{"href":"https:\/\/blogs.ua.es\/jjrr2011\/wp-json\/wp\/v2\/types\/page"}],"author":[{"embeddable":true,"href":"https:\/\/blogs.ua.es\/jjrr2011\/wp-json\/wp\/v2\/users\/2285"}],"replies":[{"embeddable":true,"href":"https:\/\/blogs.ua.es\/jjrr2011\/wp-json\/wp\/v2\/comments?post=79"}],"version-history":[{"count":6,"href":"https:\/\/blogs.ua.es\/jjrr2011\/wp-json\/wp\/v2\/pages\/79\/revisions"}],"predecessor-version":[{"id":746,"href":"https:\/\/blogs.ua.es\/jjrr2011\/wp-json\/wp\/v2\/pages\/79\/revisions\/746"}],"up":[{"embeddable":true,"href":"https:\/\/blogs.ua.es\/jjrr2011\/wp-json\/wp\/v2\/pages\/57"}],"wp:attachment":[{"href":"https:\/\/blogs.ua.es\/jjrr2011\/wp-json\/wp\/v2\/media?parent=79"}],"curies":[{"name":"wp","href":"https:\/\/api.w.org\/{rel}","templated":true}]}}