{"id":84,"date":"2011-11-10T18:05:46","date_gmt":"2011-11-10T17:05:46","guid":{"rendered":"https:\/\/blogs.ua.es\/jjrr2011\/?page_id=84"},"modified":"2012-01-02T18:38:30","modified_gmt":"2012-01-02T17:38:30","slug":"capitols-de-llibre","status":"publish","type":"page","link":"https:\/\/blogs.ua.es\/jjrr2011\/autor\/capitols-de-llibre\/","title":{"rendered":"Cap\u00edtols de llibre"},"content":{"rendered":"<p><span style=\"color: #0000ff\"><strong>Cap\u00edtols de llibre relacionats amb la doc\u00e8ncia i l&#8217;ensenyament de la F\u00edsica<\/strong><\/span><\/p>\n<p>7.- <a href=\"http:\/\/hdl.handle.net\/10045\/13659\" target=\"_self\">M. L. \u00c1lvarez, A. Campo. Bagat\u00edn, A. Bel\u00e9ndez, T. Bel\u00e9ndez, G. Benavidez, R. Dale, S. Gallego, A. Hern\u00e1ndez, A. Marco, A. M\u00e1rquez, D. I. M\u00e9ndez, J. C. Moreno, C. Neipp, M. Ortu\u00f1o, M. P\u00e9rez Molina, J. J. Rodes, J. Rosa, J. Vera, M. S. Yebra, \u201cDise\u00f1o curricular de las asignaturas b\u00e1sicas del \u00e1rea de F\u00edsica Aplicada en las titulaciones de Ingenier\u00eda y Arquitectura\u201d. En: Comunidad investigadora del programa de redes: proyectos y resultados [Recurso electr\u00f3nico] \/ M.T. Tortosa Yb\u00e1\u00f1ez, J.D. \u00c1lvarez Teruel, N. Pell\u00edn Buades (coord.). Alicante : Universidad de Alicante, 2010. ISBN 978-84-692-9579-3, pp. 143-164.<\/a><\/p>\n<p>6.- <a href=\"http:\/\/hdl.handle.net\/10045\/9642\" target=\"_self\">J. J. Rodes, J. C. Moreno, C. Neipp, T. Bel\u00e9ndez, D. I. M\u00e9ndez, A. Dur\u00e1, J. Vera, A. Bel\u00e9ndez, \u201cMetologies actives per a la millora de l\u2019aprenentatge i l\u2019avaluaci\u00f3 dels fonaments f\u00edsics en les titulacions d\u2019Arquitectura\u201d. En: <em>La multidimensionalidad de la educaci\u00f3n universitaria<\/em> \/ M.A. Mart\u00ednez, V. Carrasco (eds.). Alcoy: Marfil; Alicante: Universidad. Vol. I. ISBN 978-84-268-1335-0, pp. 245-258 (2007).<\/a><\/p>\n<p>5.- <a href=\"http:\/\/hdl.handle.net\/10045\/9614\" target=\"_self\">C. Neipp, J. C. Moreno, J. J. Rodes, A. Bel\u00e9ndez, \u201cFundamentos F\u00edsicos de las T\u00e9cnicas: materiales y metodolog\u00edas activas para el fomento de su aprendizaje\u201d. En: <em>Investigando en la estructura curricular del EEES 2006<\/em> \/ M. Iglesias y F. Pastor (coords.). Universidad de Alicante. ISBN 978-84-690-5146-7 (2007).<\/a><\/p>\n<p>4.- <a href=\"http:\/\/hdl.handle.net\/10045\/9633\" target=\"_self\">J. J. Rodes, J. C. Moreno, C. Neipp, T. Bel\u00e9ndez, A. Dur\u00e1, J. Ver\u00e1, A. Bel\u00e9ndez, \u201cAdecuaci\u00f3n a los cr\u00e9ditos ECTS de los Fundamentos F\u00edsicos en las titulaciones de Arquitectura\u201d. En: <em>La construcci\u00f3n colegiada del modelo docente universitario del siglo XXI<\/em> \/ M. A. Mart\u00ednez, V. Carrasco (eds.). Alcoy: Marfil; Universidad. Vol. I. ISBN 84-268-1265-1, pp. 45-66 (2006).<\/a><\/p>\n<p>3.- J. C. Moreno, J. J. Rodes, C. Neipp, A. Dur\u00e1, J. Vera, &#8220;<em>El aprendizaje de la F\u00edsica en los estudiantes de Arquitectura&#8221;. En: Espacios de investigaci\u00f3n en la profesionalizaci\u00f3n docente universitaria<\/em>. Alcoy: Marfil. ISBN:84-268-1227-9, pp. 47-66 (2005).<\/p>\n<p>2.- <a href=\"http:\/\/hdl.handle.net\/10045\/9578\" target=\"_self\">A. Bel\u00e9ndez, S. Bleda, A. Dur\u00e1, A. Hern\u00e1ndez, A. Marco, A. M\u00e1rquez, A. Mart\u00edn, J. C. Moreno, C. Neipp, J. J. Rodes, J. L. Rosa, J. M. Torrej\u00f3n, J. Vera, M. S. Yebra, \u201cInvestigaci\u00f3n docente sobre la ense\u00f1anza de las materias de F\u00edsica en las titulaciones t\u00e9cnicas\u201d. En: <em>Investigar en docencia universitaria: redes de colaboraci\u00f3n para el aprendizaje<\/em> \/ M. A. Mart\u00ednez (coord.). Marfil. ISBN 84-268-1218-X, pp. 315-328 (2004).<\/a><\/p>\n<p>1.- <a href=\"http:\/\/hdl.handle.net\/10045\/9582\" target=\"_self\">A. Bel\u00e9ndez, S. Bleda, A. Dur\u00e1, A. Hern\u00e1ndez, A. Marco, A. M\u00e1rquez, A. Mart\u00edn, J. C. Moreno, C. Neipp, J. J. Rodes, J. L. Rosa, J. M. Torrej\u00f3n, M. S. Yebra, J. Vera, \u201cInvestigaci\u00f3n docente sobre la ense\u00f1anza de la F\u00edsica en titulaciones t\u00e9cnicas\u201d. En: <em>Proyectos de Investigaci\u00f3n Docente: I Programa de Redes de investigaci\u00f3n en docencia universitaria ICE<\/em> [Recurso electr\u00f3nico] \/ M. A. Mart\u00ednez, J. L. Castej\u00f3n, R. Roig (eds.). Alcoy: Marfil. ISBN 84-268-1210-4 (2003).<\/a><\/p>\n","protected":false},"excerpt":{"rendered":"<p>Cap\u00edtols de llibre relacionats amb la doc\u00e8ncia i l&#8217;ensenyament de la F\u00edsica 7.- M. L. \u00c1lvarez, A. Campo. Bagat\u00edn, A. Bel\u00e9ndez, T. Bel\u00e9ndez, G. Benavidez, R. Dale, S. Gallego, A. Hern\u00e1ndez, A. Marco, A. M\u00e1rquez, D. I. M\u00e9ndez, J. C. Moreno, C. Neipp, M. Ortu\u00f1o, M. P\u00e9rez Molina, J. J. Rodes, J. Rosa, J. Vera, [&hellip;]<\/p>\n","protected":false},"author":2285,"featured_media":0,"parent":57,"menu_order":3,"comment_status":"open","ping_status":"open","template":"","meta":{"footnotes":""},"class_list":["post-84","page","type-page","status-publish","hentry"],"_links":{"self":[{"href":"https:\/\/blogs.ua.es\/jjrr2011\/wp-json\/wp\/v2\/pages\/84","targetHints":{"allow":["GET"]}}],"collection":[{"href":"https:\/\/blogs.ua.es\/jjrr2011\/wp-json\/wp\/v2\/pages"}],"about":[{"href":"https:\/\/blogs.ua.es\/jjrr2011\/wp-json\/wp\/v2\/types\/page"}],"author":[{"embeddable":true,"href":"https:\/\/blogs.ua.es\/jjrr2011\/wp-json\/wp\/v2\/users\/2285"}],"replies":[{"embeddable":true,"href":"https:\/\/blogs.ua.es\/jjrr2011\/wp-json\/wp\/v2\/comments?post=84"}],"version-history":[{"count":7,"href":"https:\/\/blogs.ua.es\/jjrr2011\/wp-json\/wp\/v2\/pages\/84\/revisions"}],"predecessor-version":[{"id":146,"href":"https:\/\/blogs.ua.es\/jjrr2011\/wp-json\/wp\/v2\/pages\/84\/revisions\/146"}],"up":[{"embeddable":true,"href":"https:\/\/blogs.ua.es\/jjrr2011\/wp-json\/wp\/v2\/pages\/57"}],"wp:attachment":[{"href":"https:\/\/blogs.ua.es\/jjrr2011\/wp-json\/wp\/v2\/media?parent=84"}],"curies":[{"name":"wp","href":"https:\/\/api.w.org\/{rel}","templated":true}]}}