{"id":91,"date":"2011-12-29T12:45:29","date_gmt":"2011-12-29T11:45:29","guid":{"rendered":"https:\/\/blogs.ua.es\/jjrr2011\/?page_id=91"},"modified":"2011-12-29T16:15:35","modified_gmt":"2011-12-29T15:15:35","slug":"projectes-innovacio","status":"publish","type":"page","link":"https:\/\/blogs.ua.es\/jjrr2011\/autor\/projectes-innovacio\/","title":{"rendered":"Projectes d&#8217;innovaci\u00f3 educativa"},"content":{"rendered":"<p><span style=\"color: #0000ff\"><strong>Projectes d&#8217;innovaci\u00f3 educativa i ensenyament de la f\u00edsica<\/strong><\/span><\/p>\n<ul>\n<li>\u00a0<strong>Grups i xarxes tem\u00e0tiques relacionats amb l&#8217;ensenyament i la innovaci\u00f3 educativa.<\/strong><\/li>\n<\/ul>\n<ul>\n<ul>\n<li>Juan Carlos Moreno Mar\u00edn (director).<em>\u00a0<a href=\"http:\/\/rua.ua.es\/dspace\/handle\/10045\/15437\/\">Grup d&#8217;Innovaci\u00f3 Tecnol\u00f2gica-Educativa de F\u00edsica en les Enginyeries de la Universitat d&#8217;Alacant (GITE-09014-UA)<\/a><\/em>. Vicerectorat de Tecnologia i Innovaci\u00f3 Educativa, Universitat d&#8217;Alacant (2009-)<\/li>\n<li>Jos\u00e9 Joaqu\u00edn Rodes Roca (coordinador subred): <a href=\"http:\/\/www.ua.es\/ice\/redes\/2006\/proyectos\/IARQT.pdf\"><em><span style=\"color: #0000ff\">Implantaci\u00f3 del sistema de cr\u00e8dits ECTS en les assignatures de primer curs d&#8217;Arquitectura T\u00e8cnica<\/span><\/em><\/a>. <strong><a href=\"http:\/\/www.ua.es\/ice\/redes\/index.html\">Proyecte de Xarxes d&#8217;Investigaci\u00f3 en Doc\u00e8ncia Universit\u00e0ria de l&#8217;ICE la Universitat d&#8217;Alacant<\/a> <\/strong>(curs 2005-06).<\/li>\n<li>Jos\u00e9 Joaqu\u00edn Rodes Roca (coordinador). Xarxa docent: <span style=\"color: #0000ff\"><em><a href=\"http:\/\/www.ua.es\/ice\/redes\/2006\/proyectos.html\"><span style=\"color: #0000ff\">Adequaci\u00f3 als cr\u00e8dits ECTS dels Fonaments F\u00edsics de les titulacions d&#8217;Arquitectura<\/span><\/a><\/em><\/span>. <strong><a href=\"http:\/\/www.ua.es\/ice\/redes\/index.html\">Proyecte de Xarxes d&#8217;Investigaci\u00f3 en Doc\u00e8ncia Universit\u00e0ria de l&#8217;ICE la Universitat d&#8217;Alacant<\/a> <\/strong>(curs 2005-06).<\/li>\n<li>Jos\u00e9 Joaqu\u00edn Rodes Roca (coordinador). Xarxa docent: <em><a href=\"http:\/\/www.ua.es\/ice\/redes\/2004\/proyectos.html#rodesroca\">Adequaci\u00f3 als cr\u00e8dits ECTS de la Formaci\u00f3 Pr\u00e0ctica en les Assignatures de F\u00edsica de les titulacions d&#8217;Arquitectura<\/a><\/em>. <strong><a href=\"http:\/\/www.ua.es\/ice\/redes\/index.html\">Proyecte de Xarxes d&#8217;Investigaci\u00f3 en Doc\u00e8ncia Universit\u00e0ria de l&#8217;ICE la Universitat d&#8217;Alacant<\/a> <\/strong>(curs 2004-05).<\/li>\n<\/ul>\n<\/ul>\n<p>&nbsp;<\/p>\n<ul>\n<li><strong>Participaci\u00f3 en xarxes d&#8217;investigaci\u00f3 en doc\u00e8ncia universit\u00e0ria.<\/strong><\/li>\n<ul>\n<li>Mariela L\u00e1zara \u00c1lvarez L\u00f3pez (coordinadora). Xarxa docent:\u00a0<a href=\"http:\/\/www.ua.es\/ice\/redes\/2009\/proyectos1.html\"><em><span style=\"color: #0000ff\">Dise\u00f1o curricular de las asignaturas b\u00e1sicas del \u00e1rea de F\u00edsica Aplicada en las titulaciones de la Escuela Polit\u00e9cnica Superior<\/span><\/em><\/a>. <strong><a href=\"http:\/\/www.ua.es\/ice\/redes\/index.html\">Proyecte de Xarxes d&#8217;Investigaci\u00f3 en Doc\u00e8ncia Universit\u00e0ria de l&#8217;ICE la Universitat d&#8217;Alacant<\/a><\/strong> (curs 2008-09).<\/li>\n<li>Salvador Ivorra Chorro (coordinador). Xarxa docent: <a href=\"http:\/\/www.ua.es\/ice\/redes\/2009\/proyectos\/ing_civil.html\"><em><span style=\"color: #0000ff\">Red de desarrollo y dise\u00f1o curricular en la futura titulaci\u00f3n de graduado en Ingenier\u00eda Civil<\/span><\/em><\/a>. <strong><a href=\"http:\/\/www.ua.es\/ice\/redes\/index.html\">Proyecte de Xarxes d&#8217;Investigaci\u00f3 en Doc\u00e8ncia Universit\u00e0ria de l&#8217;ICE la Universitat d&#8217;Alacant<\/a><\/strong> (curs 2008-09).<\/li>\n<li>Juan Carlos Moreno Mar\u00edn (coordinador). Xarxa docent: <a href=\"http:\/\/www.ua.es\/ice\/redes\/2007\/proyectos\/mecanica_flash_media.html\"><em><span style=\"color: #0000ff\">Dise\u00f1o de materiales docentes para Mec\u00e1nica. Aplicaciones con Flash Media<\/span><\/em><\/a>. <strong><a href=\"http:\/\/www.ua.es\/ice\/redes\/index.html\">Proyecte de Xarxes d&#8217;Investigaci\u00f3 en Doc\u00e8ncia Universit\u00e0ria de l&#8217;ICE la Universitat d&#8217;Alacant<\/a><\/strong> (curs 2006-07).<\/li>\n<li>Cristian Neipp L\u00f3pez (coordinador).\u00a0 Xarxa docent: <span style=\"color: #0000ff\"><a href=\"http:\/\/www.ua.es\/ice\/redes\/2006\/proyectos\/adec_ects_fund_fisicos_ing_caminos.pdf\"><span style=\"color: #0000ff\"><em>Adecuaci\u00f3n a los ECTS de la asignatura Fundamentos F\u00edsicos de las T\u00e9cnicas del segundo ciclo de la Ingenier\u00eda de Caminos<\/em><\/span><\/a><\/span>.\u00a0 <strong><a href=\"http:\/\/www.ua.es\/ice\/redes\/index.html\">Proyecte de Xarxes d&#8217;Investigaci\u00f3 en Doc\u00e8ncia Universit\u00e0ria de l&#8217;ICE la Universitat d&#8217;Alacant<\/a><\/strong> (curs 2005-06).<\/li>\n<li>Juan Carlos Moreno Mar\u00edn (coordinador). Xarxa docent: <em><a href=\"http:\/\/www.ua.es\/ice\/redes\/2005\/proyectos.html\">Adecuaci\u00f3n a los cr\u00e9ditos ECTS de la Formaci\u00f3n Pr\u00e1ctica en las Asignaturas de F\u00edsica de la Titulaciones de Arquitectura<\/a><\/em>. <strong><a href=\"http:\/\/www.ua.es\/ice\/redes\/index.html\">Proyecte de Xarxes d&#8217;Investigaci\u00f3 en Doc\u00e8ncia Universit\u00e0ria de l&#8217;ICE la Universitat d&#8217;Alacant<\/a> <\/strong>(curs 2003-04).<\/li>\n<li>Juan Carlos Moreno Mar\u00edn (coordinador). Xarxa docent: <span style=\"color: #0000ff\"><em><a href=\"http:\/\/www.ua.es\/ice\/redes\/2003\/proyectos.html\"><span style=\"color: #0000ff\">La ense\u00f1anza de la F\u00edsica en las titulaciones de Arquitectura<\/span><\/a><\/em><\/span>. <strong><a href=\"http:\/\/www.ua.es\/ice\/redes\/index.html\">Proyecte de Xarxes d&#8217;Investigaci\u00f3 en Doc\u00e8ncia Universit\u00e0ria de l&#8217;ICE la Universitat d&#8217;Alacant<\/a> <\/strong>(curs 2002-03).<\/li>\n<li>Augusto Bel\u00e9ndez V\u00e1zquez (coordinador). Xarxa docent: <span style=\"color: #0000ff\"><a href=\"http:\/\/www.ua.es\/ice\/redes\/2002\/proyectos.html\"><span style=\"color: #0000ff\">Investigaci\u00f3n docente sobre la ense\u00f1anza de las materias de F\u00edsica en las titulaciones t\u00e9cnicas<\/span><\/a><\/span>. <strong><a href=\"http:\/\/www.ua.es\/ice\/redes\/index.html\">Proyecte de Xarxes d&#8217;Investigaci\u00f3 en Doc\u00e8ncia Universit\u00e0ria de l&#8217;ICE la Universitat d&#8217;Alacant<\/a> <\/strong>(curs 2001-02).<\/li>\n<\/ul>\n<\/ul>\n<p>&nbsp;<\/p>\n","protected":false},"excerpt":{"rendered":"<p>Projectes d&#8217;innovaci\u00f3 educativa i ensenyament de la f\u00edsica \u00a0Grups i xarxes tem\u00e0tiques relacionats amb l&#8217;ensenyament i la innovaci\u00f3 educativa. Juan Carlos Moreno Mar\u00edn (director).\u00a0Grup d&#8217;Innovaci\u00f3 Tecnol\u00f2gica-Educativa de F\u00edsica en les Enginyeries de la Universitat d&#8217;Alacant (GITE-09014-UA). Vicerectorat de Tecnologia i Innovaci\u00f3 Educativa, Universitat d&#8217;Alacant (2009-) Jos\u00e9 Joaqu\u00edn Rodes Roca (coordinador subred): Implantaci\u00f3 del sistema de [&hellip;]<\/p>\n","protected":false},"author":2285,"featured_media":0,"parent":57,"menu_order":0,"comment_status":"open","ping_status":"open","template":"","meta":{"footnotes":""},"class_list":["post-91","page","type-page","status-publish","hentry"],"_links":{"self":[{"href":"https:\/\/blogs.ua.es\/jjrr2011\/wp-json\/wp\/v2\/pages\/91","targetHints":{"allow":["GET"]}}],"collection":[{"href":"https:\/\/blogs.ua.es\/jjrr2011\/wp-json\/wp\/v2\/pages"}],"about":[{"href":"https:\/\/blogs.ua.es\/jjrr2011\/wp-json\/wp\/v2\/types\/page"}],"author":[{"embeddable":true,"href":"https:\/\/blogs.ua.es\/jjrr2011\/wp-json\/wp\/v2\/users\/2285"}],"replies":[{"embeddable":true,"href":"https:\/\/blogs.ua.es\/jjrr2011\/wp-json\/wp\/v2\/comments?post=91"}],"version-history":[{"count":15,"href":"https:\/\/blogs.ua.es\/jjrr2011\/wp-json\/wp\/v2\/pages\/91\/revisions"}],"predecessor-version":[{"id":105,"href":"https:\/\/blogs.ua.es\/jjrr2011\/wp-json\/wp\/v2\/pages\/91\/revisions\/105"}],"up":[{"embeddable":true,"href":"https:\/\/blogs.ua.es\/jjrr2011\/wp-json\/wp\/v2\/pages\/57"}],"wp:attachment":[{"href":"https:\/\/blogs.ua.es\/jjrr2011\/wp-json\/wp\/v2\/media?parent=91"}],"curies":[{"name":"wp","href":"https:\/\/api.w.org\/{rel}","templated":true}]}}