{"id":47,"date":"2010-03-21T11:49:34","date_gmt":"2010-03-21T11:49:34","guid":{"rendered":"https:\/\/blogs.ua.es\/johnlocke\/?page_id=47"},"modified":"2010-03-21T11:49:34","modified_gmt":"2010-03-21T11:49:34","slug":"biografia-2","status":"publish","type":"page","link":"https:\/\/blogs.ua.es\/johnlocke\/biografia-2\/","title":{"rendered":"Biograf\u00eda"},"content":{"rendered":"<p>\u00a0<\/p>\n<p>Como forma de comprender un poco mejor la obra y las ideas que en ella se exponen, es adecuado realizar una breve descripci\u00f3n de la vida de este fil\u00f3sofo ingl\u00e9s, a modo de explicaci\u00f3n breve tanto de su vida, como de sus ideas y pensamientos, los cuales se ver\u00e1n ampliamente reflejados en la obra.<\/p>\n<p>John Locke nace\u00a0 en Wrington, Inglaterra (29 de agosto de 1632) y muri\u00f3 en Oates (28 de octubre de 1704). Se educ\u00f3 en la Westminster School y en la Iglesia cristiana de Oxford. Tras sus a\u00f1os de estudio, en 1658 se convierte en profesor de griego y Ret\u00f3rica, para que a\u00f1os tarde volviera a Oxford para estudiar medicina.<\/p>\n<p>A pesar de su educaci\u00f3n, John Locke,\u00a0 ser\u00e1 conocido como un gran pensador ingl\u00e9s, llegando a ser considerado como el padre del empirismo y del liberalismo Moderno, cosa que como se ver\u00e1n apuntadas en las citas a pie de p\u00e1gina, influyeron mucho en esta obra. Todo el pensamiento fue pues influenciado por su empirismo, llegando incluso a alcanzar el escepticismo de Hume.<\/p>\n<p>Destaca la gran influencia que tuvo en las ideas de la Revoluci\u00f3n Gloriosa y la Declaraci\u00f3n de Derechos Brit\u00e1nica de 1689.<\/p>\n<p>Destacan tres obras debido a la gran aceptaci\u00f3n que tuvieron en el momento de su publicaci\u00f3n: <em>Ensayo Acerca del Entendimiento Humano <\/em>, los <em>Dos Tratados Acerca del Gobierno <\/em>y la <em>Carta sobre la tolerancia. <\/em><\/p>\n<p><em>\u00a0<\/em><\/p>\n<p>En la primera de ellas, Locke ofreci\u00f3 los fundamentos para una filosof\u00eda de inspiraci\u00f3n empirica. Gracias a la segunda de estas obras se transform\u00f3 en uno de los padres del liberalismo. Su influencia, tanto en el campo de la filosof\u00eda del conocimiento como de la \u00e9tica y la teor\u00eda pol\u00edtica, ha sido capital en la historia del pensamiento occidental.<\/p>\n<p>Sobre las bases del pensamiento de John Locke debe decirse que su conocimiento no cree en la existencia del innatismo ni del determinismo. Para \u00e9l, el conocimiento solamente alcanza a las relaciones entre los hechos, al c\u00f3mo, no al por qu\u00e9. Por otra parte cree percibir una armon\u00eda global, apoyado en creencias y supuestos evidentes por s\u00ed mismos, por lo que sus pensamientos tambi\u00e9n contienen elementos propios del racionalismo y el mecanicismo (aunque de una manera do demasiado marcada).<\/p>\n<p>Destaca en el pensamiento de Locke la creencia en un Dios creador cercano a la concepci\u00f3n calvinista del <em>\u201cgran relojero\u201d<\/em>. As\u00ed, de la esencia divina solamente pueden ser conocidos los accidentes (en sentido filos\u00f3fico) y sus designios solamente pueden ser advertidos a trav\u00e9s de las leyes naturales.<\/p>\n<p>Como se ver\u00e1 claramente reflejado en la obra a estudiar, trata la religi\u00f3n como un asunto privado e individual, que afecta solamente a la relaci\u00f3n del hombre con Dios, no a las relaciones civiles (en esto se reflejan parte de sus ideas acerca de ese liberalismo moderno). Considera a su vez que la ley natural es un decreto divino que impone la armon\u00eda global a trav\u00e9s de una disposici\u00f3n mental (temor de Dios, afecto filial natural, amor al pr\u00f3jimo), concretada en acciones prohibidas (robar, matar y en definitiva cualquier violaci\u00f3n de libertad ajena), que obligan en favor de la convivencia.<strong><\/strong><\/p>\n<p>En lo referente a pol\u00edtica, John Locke es considerado, como he citado, como el padre del liberalismo moderno. Propone que la soberan\u00eda emana del pueblo y que la propiedad privada es el derecho b\u00e1sico de los hombres. S\u00ed pues el Estado tiene como misi\u00f3n principal proteger ese derecho, as\u00ed como las libertades individuales de los ciudadanos.<\/p>\n<p>Tambi\u00e9n sostiene que el gobierno debe estar constituido por un parlamento y que, anticip\u00e1ndose a las ideas de\u00a0 Montesquieu, el poder legislativo y el ejecutivo han de estar separados (aunque son unas ideas muy importantes y avanzadas para la \u00e9poca, no llegan a desarrollarse hasta el punto que lo hizo Montesquieu, pero s\u00ed que constituy\u00f3 un avance importante). As\u00ed, el rey est\u00e1 sometido a las leyes.<\/p>\n<p>Al Estado le confiere funciones de decisi\u00f3n en controversias entre los individuos, en el contexto de la pluralidad y la tolerancia, puesto que se dan diversidad de opiniones e intereses entre los hombres, fruto de la b\u00fasqueda de la felicidad, por lo que el desacuerdo y el conflicto son inevitables (esto lo he citado varias veces en el an\u00e1lisis de la obra).<\/p>\n","protected":false},"excerpt":{"rendered":"<p>\u00a0 Como forma de comprender un poco mejor la obra y las ideas que en ella se exponen, es adecuado realizar una breve descripci\u00f3n de la vida de este fil\u00f3sofo ingl\u00e9s, a modo de explicaci\u00f3n breve tanto de su vida, como de sus ideas y pensamientos, los cuales se ver\u00e1n ampliamente reflejados en la obra. [&hellip;]<\/p>\n","protected":false},"author":1673,"featured_media":0,"parent":0,"menu_order":0,"comment_status":"open","ping_status":"open","template":"","meta":{"footnotes":""},"class_list":["post-47","page","type-page","status-publish","hentry"],"_links":{"self":[{"href":"https:\/\/blogs.ua.es\/johnlocke\/wp-json\/wp\/v2\/pages\/47","targetHints":{"allow":["GET"]}}],"collection":[{"href":"https:\/\/blogs.ua.es\/johnlocke\/wp-json\/wp\/v2\/pages"}],"about":[{"href":"https:\/\/blogs.ua.es\/johnlocke\/wp-json\/wp\/v2\/types\/page"}],"author":[{"embeddable":true,"href":"https:\/\/blogs.ua.es\/johnlocke\/wp-json\/wp\/v2\/users\/1673"}],"replies":[{"embeddable":true,"href":"https:\/\/blogs.ua.es\/johnlocke\/wp-json\/wp\/v2\/comments?post=47"}],"version-history":[{"count":1,"href":"https:\/\/blogs.ua.es\/johnlocke\/wp-json\/wp\/v2\/pages\/47\/revisions"}],"predecessor-version":[{"id":48,"href":"https:\/\/blogs.ua.es\/johnlocke\/wp-json\/wp\/v2\/pages\/47\/revisions\/48"}],"wp:attachment":[{"href":"https:\/\/blogs.ua.es\/johnlocke\/wp-json\/wp\/v2\/media?parent=47"}],"curies":[{"name":"wp","href":"https:\/\/api.w.org\/{rel}","templated":true}]}}