{"id":113,"date":"2013-01-27T23:13:58","date_gmt":"2013-01-27T23:13:58","guid":{"rendered":"https:\/\/blogs.ua.es\/jorgejuanysantacilia\/?page_id=113"},"modified":"2013-01-27T23:13:58","modified_gmt":"2013-01-27T23:13:58","slug":"metodologia","status":"publish","type":"page","link":"https:\/\/blogs.ua.es\/jorgejuanysantacilia\/metodologia\/","title":{"rendered":"Metodolog\u00eda"},"content":{"rendered":"<p>Este blog es resultado de un trabajo en parejas de la Universidad de Alicante.<\/p>\n<p>En primer lugar, se nos ofreci\u00f3 una lista con diversos personajes ilustres alicantinos. De esta lista escogimos a Jorge Juan y seguidamente creamos el blog. Tras decidir la estrategia con la que actuar\u00edamos frente a la creaci\u00f3n y administraci\u00f3n de las entradas, nos encargamos de recopilar la informaci\u00f3n. Adem\u00e1s de realizar numerosas b\u00fasquedas por Internet, nos dirigimos a los archivos privados de Jorge Juan, con sede en el Ayuntamiento de Novelda y en CAMON, donde nos entregaron las directrices para acceder a la informaci\u00f3n que tales organizaciones publican. La Biblioteca Nacional Digital nos ofreci\u00f3 adem\u00e1s un mayor repertorio de las obras del ilustrado, representadas en im\u00e1genes realizadas a las obras originales.<\/p>\n<p>Finalmente, y con la gran ayuda que nos ofrec\u00edan estas fuentes, redactamos la informaci\u00f3n a trav\u00e9s de una s\u00edntesis de la misma y distribuimos dicha informaci\u00f3n seg\u00fan obras o fracciones de su vida interrelacionados.<\/p>\n","protected":false},"excerpt":{"rendered":"<p>Este blog es resultado de un trabajo en parejas de la Universidad de Alicante. En primer lugar, se nos ofreci\u00f3 una lista con diversos personajes ilustres alicantinos. De esta lista escogimos a Jorge Juan y seguidamente creamos el blog. Tras decidir la estrategia con la que actuar\u00edamos frente a la creaci\u00f3n y administraci\u00f3n de las [&hellip;]<\/p>\n","protected":false},"author":2835,"featured_media":0,"parent":0,"menu_order":0,"comment_status":"open","ping_status":"open","template":"","meta":{"footnotes":""},"class_list":["post-113","page","type-page","status-publish","hentry"],"_links":{"self":[{"href":"https:\/\/blogs.ua.es\/jorgejuanysantacilia\/wp-json\/wp\/v2\/pages\/113","targetHints":{"allow":["GET"]}}],"collection":[{"href":"https:\/\/blogs.ua.es\/jorgejuanysantacilia\/wp-json\/wp\/v2\/pages"}],"about":[{"href":"https:\/\/blogs.ua.es\/jorgejuanysantacilia\/wp-json\/wp\/v2\/types\/page"}],"author":[{"embeddable":true,"href":"https:\/\/blogs.ua.es\/jorgejuanysantacilia\/wp-json\/wp\/v2\/users\/2835"}],"replies":[{"embeddable":true,"href":"https:\/\/blogs.ua.es\/jorgejuanysantacilia\/wp-json\/wp\/v2\/comments?post=113"}],"version-history":[{"count":1,"href":"https:\/\/blogs.ua.es\/jorgejuanysantacilia\/wp-json\/wp\/v2\/pages\/113\/revisions"}],"predecessor-version":[{"id":114,"href":"https:\/\/blogs.ua.es\/jorgejuanysantacilia\/wp-json\/wp\/v2\/pages\/113\/revisions\/114"}],"wp:attachment":[{"href":"https:\/\/blogs.ua.es\/jorgejuanysantacilia\/wp-json\/wp\/v2\/media?parent=113"}],"curies":[{"name":"wp","href":"https:\/\/api.w.org\/{rel}","templated":true}]}}